{"id":258396,"date":"2026-01-13T22:28:23","date_gmt":"2026-01-13T19:28:23","guid":{"rendered":"https:\/\/baldumarket.lt\/product\/blat-narozny-do-regalow-multido-715x715-cm-grafitowy\/"},"modified":"2026-02-11T18:30:07","modified_gmt":"2026-02-11T15:30:07","slug":"blat-narozny-do-regalow-multido-715x715-cm-grafitowy","status":"publish","type":"product","link":"https:\/\/baldumarket.lt\/lt\/product\/blat-narozny-do-regalow-multido-715x715-cm-grafitowy\/","title":{"rendered":"Kampinis stalvir\u0161is \u201eMultiDo\u201c lentynoms, 71,5&#215;71,5 cm, grafito spalvos"},"content":{"rendered":"<p>\u201eMultiDo\u201c kampinis stalvir\u0161is \u2013 maksimaliai i\u0161naudokite erdv\u0119 savo interjere. D\u0117l novatori\u0161ko \u201eMultiDo\u201c sistemos sprendimo nenaudojami kambario kampai pagaliau gali tapti funkcionaliomis erdv\u0117mis. Kampinis stalvir\u0161is yra atsakymas tiems, kurie nori pilnai i\u0161naudoti kiekvien\u0105 erdv\u0117s centimetr\u0105. Tai ne tik prakti\u0161kas sprendimas, bet ir eleganti\u0161kas b\u016bdas papildyti interjero dizain\u0105. \u201eMultiDo\u201c kampinio stalvir\u0161io ypatyb\u0117s: kampinis stalvir\u0161is yra idealus funkcinis \u201eMultiDo\u201c bald\u0173 papildymas. Vietose, kur tr\u016bksta darbo ar daikt\u0173 laikymo vietos, kampinio stalvir\u0161io naudojimas leid\u017eia prakti\u0161kai ir esteti\u0161kai apdailinti modulius, sukuriant vientis\u0105, darni\u0105 erdv\u0119. Tai ypa\u010d svarbu ma\u017euose kambariuose, kur svarbus kiekvienas kvadratinis metras. \u0160\u012f stalvir\u0161\u012f galima lengvai sumontuoti vietoje standartinio stalvir\u0161io, paver\u010diant nepatog\u0173 kambario kamp\u0105 patogia vieta darbui, organizavimui ar daikt\u0173 laikymui. Prakti\u0161kumo ir estetikos derinys. Kampinis stalvir\u0161is yra papildomas \u201eMultiDo\u201c modulin\u0117s sistemos elementas, kur\u012f galima u\u017esisakyti atskirai ir pritaikyti prie bet kokio bald\u0173 i\u0161d\u0117stymo. Jo d\u0117ka kiekvienas sienos kampas tampa naudinga interjero dalimi, o \u012fmontuoti baldai \u012fgauna elegancijos ir darnos. Tai puikus sprendimas biurui, miegamajam, prie\u0161kambariui ar net nedidelei drabu\u017einei, kur erdv\u0117s optimizavimas yra labai svarbus. Santrauka: \u201eMultiDo\u201c sistemos kampinis stalvir\u0161is yra sumanus ir funkcionalus sprendimas bet kuriam kambariui. Galimyb\u0117 i\u0161naudoti kampinius kampus daro \u201eMultiDo\u201c baldus dar prakti\u0161kesnius ir esteti\u0161kesnius. Pakeiskite standartin\u012f kampin\u012f stalvir\u0161\u012f darniu, gerai apgalvotu i\u0161d\u0117stymu, kuris atitinka j\u016bs\u0173 nam\u0173 \u016bkio poreikius ir maksimaliai i\u0161naudoja erdv\u0119. Per\u017ei\u016br\u0117kite \u201eMultiDo\u201c sistemos katalog\u0105 ir atraskite visas jo konfig\u016bravimo parinktis.<\/p>\n<p>Prek\u0117s kodas S588-BLATN-GF Plotis 71,5 cm Gylis 71,5 cm Storis 1,5 Kolekcija MultiDo Spalva grafito Atspalvis grafito Stilius modernus Med\u017eiaga laminatas Gamintojas Juoda Raudona Balta Bald\u0173 tipas Stalvir\u0161iai PVM 23% EAN 5906123049511<\/p>","protected":false},"excerpt":{"rendered":"<p>\u201eMultiDo\u201c kampinis stalvir\u0161is \u2013 maksimaliai i\u0161naudokite erdv\u0119 savo interjere. D\u0117l novatori\u0161ko \u201eMultiDo\u201c sistemos sprendimo nenaudojami kambario kampai pagaliau gali tapti funkcionaliomis erdv\u0117mis. Kampinis stalvir\u0161is yra atsakymas tiems, kurie nori pilnai i\u0161naudoti kiekvien\u0105 erdv\u0117s centimetr\u0105. Tai ne tik prakti\u0161kas sprendimas, bet ir eleganti\u0161kas [\u2026]<\/p>","protected":false},"featured_media":258397,"comment_status":"open","ping_status":"open","template":"","meta":[],"product_brand":[],"product_cat":[9200,1043],"product_tag":[],"class_list":{"0":"post-258396","1":"product","2":"type-product","3":"status-publish","4":"has-post-thumbnail","6":"product_cat-black-red-white","7":"product_cat-extras","9":"first","10":"instock","11":"purchasable","12":"product-type-simple"},"_links":{"self":[{"href":"https:\/\/baldumarket.lt\/lt\/wp-json\/wp\/v2\/product\/258396","targetHints":{"allow":["GET"]}}],"collection":[{"href":"https:\/\/baldumarket.lt\/lt\/wp-json\/wp\/v2\/product"}],"about":[{"href":"https:\/\/baldumarket.lt\/lt\/wp-json\/wp\/v2\/types\/product"}],"replies":[{"embeddable":true,"href":"https:\/\/baldumarket.lt\/lt\/wp-json\/wp\/v2\/comments?post=258396"}],"wp:featuredmedia":[{"embeddable":true,"href":"https:\/\/baldumarket.lt\/lt\/wp-json\/wp\/v2\/media\/258397"}],"wp:attachment":[{"href":"https:\/\/baldumarket.lt\/lt\/wp-json\/wp\/v2\/media?parent=258396"}],"wp:term":[{"taxonomy":"product_brand","embeddable":true,"href":"https:\/\/baldumarket.lt\/lt\/wp-json\/wp\/v2\/product_brand?post=258396"},{"taxonomy":"product_cat","embeddable":true,"href":"https:\/\/baldumarket.lt\/lt\/wp-json\/wp\/v2\/product_cat?post=258396"},{"taxonomy":"product_tag","embeddable":true,"href":"https:\/\/baldumarket.lt\/lt\/wp-json\/wp\/v2\/product_tag?post=258396"}],"curies":[{"name":"wp","href":"https:\/\/api.w.org\/{rel}","templated":true}]}}