{"id":258320,"date":"2026-01-13T22:27:26","date_gmt":"2026-01-13T19:27:26","guid":{"rendered":"https:\/\/baldumarket.lt\/product\/biurko-z-trzema-szufladami-i-komoda-homeland-150-cm-dab-artisan-bialy-grafit\/"},"modified":"2026-02-11T18:30:09","modified_gmt":"2026-02-11T15:30:09","slug":"biurko-z-trzema-szufladami-i-komoda-homeland-150-cm-dab-artisan-bialy-grafit","status":"publish","type":"product","link":"https:\/\/baldumarket.lt\/lt\/product\/biurko-z-trzema-szufladami-i-komoda-homeland-150-cm-dab-artisan-bialy-grafit\/","title":{"rendered":"\u201eHomeland\u201c ra\u0161omasis stalas su trimis stal\u010diais ir komoda, 150 cm, \u201eArtisan\u201c, \u0105\u017euolas\/balta\/grafitas"},"content":{"rendered":"<p>\u201eHomeland\u201c ra\u0161omasis stalas su komoda \u2013 tobula vieta darbui ir daikt\u0173 laikymui. \u201eHomeland\u201c kolekcija suteikia interjerui \u0161ilumos ir funkcionalumo, derindama i\u0161skirtin\u0119 med\u017eio tekst\u016br\u0105 su universalia balta spalva. \u0160ie elementai sukuria jauki\u0105 atmosfer\u0105 ir stiling\u0105 i\u0161vaizd\u0105, kuri niekada nei\u0161eina i\u0161 mados. \u0160ioje kolekcijoje rasite \u012fvairi\u0173 funkcionali\u0173 bald\u0173, kurie pad\u0117s sutvarkyti bet koki\u0105 nam\u0173 erdv\u0119. \u201eHomeland\u201c ra\u0161omasis stalas su komoda \u2013 puikus pasirinkimas norint susikurti ergonomi\u0161k\u0105 nam\u0173 biur\u0105. Didelis 150 x 60 cm stalvir\u0161is suteikia daug vietos darbui su ne\u0161iojamuoju kompiuteriu ir dokumentais, o komplekte esanti komoda suteikia papildomos vietos daiktams laikyti. Komodos matmenys ir funkcionalumas: Plotis: 155 cm Auk\u0161tis: 59 cm Gylis: 38 cm Komodoje yra: 3 stal\u010diai su \u0161velnaus u\u017edarymo funkcija; 3 atviros lentynos; 4 lentynos u\u017e dureli\u0173, kurios suteikia baldams simetrijos. Dizainas ir med\u017eiagos: Stalvir\u0161is: \u0161iltos meni\u0161ko \u0105\u017euolo spalvos, tvirtinamas ant tvirto grafito r\u0117mo. Komoda: stal\u010di\u0173 fasadai meni\u0161ko \u0105\u017euolo spalvos, korpusai balti. Med\u017eiagos: patvari laminuota plok\u0161t\u0117, kuri garantuoja bald\u0173 ilgaam\u017ei\u0161kum\u0105. Rankenos: minimalistin\u0117s, juodos. Stalo su komoda privalumai: Prakti\u0161kas sprendimas biurui, studijai, jaunimo kambariui ar studijos tipo butui. Funkcionalumas, padedantis palaikyti tvark\u0105 ir skatinantis susikaupim\u0105. Stilinga i\u0161vaizda, kuri\u0105 galima lengvai priderinti prie kit\u0173 \u201eHomeland\u201c kolekcijos element\u0173, sukuriant harmoning\u0105 erdv\u0119. Santrauka: \u201eHomeland\u201c stalas su komoda \u2013 tai unikalus bald\u0173 komplektas, kuriame dera elegancija, funkcionalumas ir patvarumas. Puikiai tinka \u012fvairiems interjerams, jis pad\u0117s sukurti patogi\u0105 ir stiling\u0105 erdv\u0119 darbui ar studijoms. Taip pat per\u017ei\u016br\u0117kite kitus \u201eHomeland\u201c kolekcijos baldus, kad gal\u0117tum\u0117te m\u0117gautis darniu ir harmoningu i\u0161d\u0117stymu visame interjere.<\/p>\n<p>Prek\u0117s kodas S595-BIU_150_A-DASN\/BI\/GF Ilgis 150 cm Plotis 60 cm Auk\u0161tis 75 cm Kolekcija \u201eHomeland\u201c Spalva balta\/artisan \u0105\u017euolas Gaubtas \u0161viesi mediena Stilius modernus Med\u017eiaga laminatas Dureli\u0173 skai\u010dius 2 dur\u0173 Stal\u010di\u0173 skai\u010dius 3 stal\u010diai Rankena su ranken\u0117l\u0117mis Gamintojas Juoda Raudona Balta Baldo tipas Ra\u0161omieji stalai PVM 23% EAN 5906123037174<\/p>","protected":false},"excerpt":{"rendered":"<p>Homeland Desk with Chest of Drawers &#8211; The Perfect Place for Work and Storage. The Homeland collection brings warmth and functionality to interiors, combining distinctive wood texture with universal white. These elements create a cozy atmosphere and a stylish look that never goes out of style. Within this collection, you&#8217;ll find a variety of functional [&hellip;]<\/p>","protected":false},"featured_media":258321,"comment_status":"open","ping_status":"open","template":"","meta":[],"product_brand":[],"product_cat":[9200,1312],"product_tag":[],"class_list":{"0":"post-258320","1":"product","2":"type-product","3":"status-publish","4":"has-post-thumbnail","6":"product_cat-black-red-white","7":"product_cat-desks","9":"first","10":"instock","11":"purchasable","12":"product-type-simple"},"_links":{"self":[{"href":"https:\/\/baldumarket.lt\/lt\/wp-json\/wp\/v2\/product\/258320","targetHints":{"allow":["GET"]}}],"collection":[{"href":"https:\/\/baldumarket.lt\/lt\/wp-json\/wp\/v2\/product"}],"about":[{"href":"https:\/\/baldumarket.lt\/lt\/wp-json\/wp\/v2\/types\/product"}],"replies":[{"embeddable":true,"href":"https:\/\/baldumarket.lt\/lt\/wp-json\/wp\/v2\/comments?post=258320"}],"wp:featuredmedia":[{"embeddable":true,"href":"https:\/\/baldumarket.lt\/lt\/wp-json\/wp\/v2\/media\/258321"}],"wp:attachment":[{"href":"https:\/\/baldumarket.lt\/lt\/wp-json\/wp\/v2\/media?parent=258320"}],"wp:term":[{"taxonomy":"product_brand","embeddable":true,"href":"https:\/\/baldumarket.lt\/lt\/wp-json\/wp\/v2\/product_brand?post=258320"},{"taxonomy":"product_cat","embeddable":true,"href":"https:\/\/baldumarket.lt\/lt\/wp-json\/wp\/v2\/product_cat?post=258320"},{"taxonomy":"product_tag","embeddable":true,"href":"https:\/\/baldumarket.lt\/lt\/wp-json\/wp\/v2\/product_tag?post=258320"}],"curies":[{"name":"wp","href":"https:\/\/api.w.org\/{rel}","templated":true}]}}