{"id":258316,"date":"2026-01-13T22:27:22","date_gmt":"2026-01-13T19:27:22","guid":{"rendered":"https:\/\/baldumarket.lt\/product\/biurko-z-szuflada-nepo-plus-59-cm-dab-sonoma-bialy\/"},"modified":"2026-02-11T18:30:09","modified_gmt":"2026-02-11T15:30:09","slug":"biurko-z-szuflada-nepo-plus-59-cm-dab-sonoma-bialy","status":"publish","type":"product","link":"https:\/\/baldumarket.lt\/lt\/product\/biurko-z-szuflada-nepo-plus-59-cm-dab-sonoma-bialy\/","title":{"rendered":"NEPO PLUS ra\u0161omasis stalas su stal\u010diumi, 59 cm, sonoma \u0105\u017euolas\/balta"},"content":{"rendered":"<p>\u201eNepo Plus\u201c stalas \u2013 kompakti\u0161ka mokymosi erdv\u0117. \u0160iais laikais mokymuisi ir darbui reikalinga tinkama vieta susikaupimui ir produktyvumui. \u201eNepo Plus\u201c stalas \u2013 puikus sprendimas jauniems \u017emon\u0117ms ir suaugusiesiems, ie\u0161kantiems funkcionalaus ir modernaus stalo, atitinkan\u010dio visus j\u0173 poreikius. \u0160i stal\u0173 kolekcija i\u0161siskiria ne tik esteti\u0161ku dizainu, bet ir auk\u0161tos kokyb\u0117s apdaila bei daugybe praktini\u0173 sprendim\u0173, kurie mokym\u0105si ir darb\u0105 daro dar patogesn\u012f. \u201eNepo Plus\u201c stalas buvo sukurtas siekiant sukurti patogi\u0105 viet\u0105 mokymuisi ir pom\u0117gi\u0173 lavinimui. Kompakti\u0161ki matmenys leid\u017eia efektyviai i\u0161naudoti erdv\u0119 net ir ma\u017eesniuose kambariuose. D\u0117l funkcionalaus stal\u010diaus galite laikyti biuro reikmenis, ra\u0161iklius ir kitus b\u016btiniausius daiktus, tuo pa\u010diu i\u0161laikant tvark\u0105 ant stalo. Atvira lentyna yra ypa\u010d prakti\u0161ka ir gali b\u016bti naudojama spausdintuvo popieriui, planuotojui ar kitiems b\u016btiniausiems daiktams. Kitas \u201eNepo Plus\u201c stalo privalumas \u2013 laminuotas pavir\u0161ius. Tai daro stal\u0105 atsparesn\u012f \u012fbr\u0117\u017eimams, tod\u0117l j\u012f galima naudoti daugel\u012f met\u0173, i\u0161laikant estetin\u0119 i\u0161vaizd\u0105. Be to, pavir\u0161i\u0173 lengva valyti, tod\u0117l stal\u0105 lengva i\u0161laikyti nepriekai\u0161tingos b\u016bkl\u0117s. Taip pat labai svarbu pasirinkti tinkam\u0105 stalo spalv\u0105. \u201eNepo Plus\u201c kolekcija si\u016blo plat\u0173 spalv\u0173 pasirinkim\u0105, leid\u017eiant\u012f pritaikyti stal\u0105 pagal savo skon\u012f ir kambario interjer\u0105. Ar jums labiau patinka moderni balta apdaila, \u0161ilti nat\u016bral\u016bs \u0105\u017euolo atspalviai, eleganti\u0161ka venge spalva ar klasikinis vienuolyno \u0105\u017euolas? Galimyb\u0117s neribotos, tod\u0117l galite susikurti tobul\u0105 stal\u0105 savo kambariui. Negalima pamir\u0161ti ir prakti\u0161kos horizontalios rankenos, kuri palengvina prieig\u0105 prie stal\u010diaus turinio. \u0160i ma\u017ea detal\u0117 daro didel\u0119 \u012ftak\u0105 stalo patogumui. Jei planuojate darn\u0173 i\u0161d\u0117stym\u0105 jaunimo kambaryje ar biure, \u201eNepo Plus\u201c jaunimo stal\u0105 galima derinti su kitais kolekcijos elementais. Tai sukurs tobul\u0105 erdv\u0119 mokymuisi ir darbui, kurioje viskas yra funkcionalu, modernu ir esteti\u0161ka. Trumpai tariant, \u201eNepo Plus\u201c stalas yra kompakti\u0161ka vieta mokymuisi ir darbui, kurioje derinamas modernus dizainas, auk\u0161tos kokyb\u0117s apdaila ir daugyb\u0117 praktini\u0173 savybi\u0173. Jis palengvina patogaus mokymosi kampelio suk\u016brim\u0105 ir padidina darbo efektyvum\u0105. Rinkit\u0117s \u201eNepo Plus\u201c stal\u0105 ir m\u0117gaukit\u0117s funkcionalumu ir estetika viename.<\/p>\n<p>Prek\u0117s kodas S435-BIU1S-DSO\/BI Simbolis ZM EAN Ilgis 100 cm Plotis 59 cm Auk\u0161tis 76 cm Kolekcija Nepo Plus Spalva sonoma \u0105\u017euolas\/balta Gaubtas \u0161viesus medis Stilius modernus Dureli\u0173 skai\u010dius be dur\u0173 Stal\u010di\u0173 skai\u010dius 1 stal\u010dius Rankena su rankenomis Gamintojas Juoda Raudona Balta Baldo tipas Ra\u0161omieji stalai PVM 23% EAN 5906123947763<\/p>","protected":false},"excerpt":{"rendered":"<p>The Nepo Plus Desk \u2013 a Compact Study Space. Nowadays, studying and working require a suitable place for concentration and productivity. The Nepo Plus desk is the perfect solution for young people and adults looking for a functional and modern desk that meets all their needs. This collection of desks stands out not only for [&hellip;]<\/p>","protected":false},"featured_media":258317,"comment_status":"open","ping_status":"open","template":"","meta":[],"product_brand":[],"product_cat":[9200,1312],"product_tag":[],"class_list":{"0":"post-258316","1":"product","2":"type-product","3":"status-publish","4":"has-post-thumbnail","6":"product_cat-black-red-white","7":"product_cat-desks","9":"first","10":"instock","11":"purchasable","12":"product-type-simple"},"_links":{"self":[{"href":"https:\/\/baldumarket.lt\/lt\/wp-json\/wp\/v2\/product\/258316","targetHints":{"allow":["GET"]}}],"collection":[{"href":"https:\/\/baldumarket.lt\/lt\/wp-json\/wp\/v2\/product"}],"about":[{"href":"https:\/\/baldumarket.lt\/lt\/wp-json\/wp\/v2\/types\/product"}],"replies":[{"embeddable":true,"href":"https:\/\/baldumarket.lt\/lt\/wp-json\/wp\/v2\/comments?post=258316"}],"wp:featuredmedia":[{"embeddable":true,"href":"https:\/\/baldumarket.lt\/lt\/wp-json\/wp\/v2\/media\/258317"}],"wp:attachment":[{"href":"https:\/\/baldumarket.lt\/lt\/wp-json\/wp\/v2\/media?parent=258316"}],"wp:term":[{"taxonomy":"product_brand","embeddable":true,"href":"https:\/\/baldumarket.lt\/lt\/wp-json\/wp\/v2\/product_brand?post=258316"},{"taxonomy":"product_cat","embeddable":true,"href":"https:\/\/baldumarket.lt\/lt\/wp-json\/wp\/v2\/product_cat?post=258316"},{"taxonomy":"product_tag","embeddable":true,"href":"https:\/\/baldumarket.lt\/lt\/wp-json\/wp\/v2\/product_tag?post=258316"}],"curies":[{"name":"wp","href":"https:\/\/api.w.org\/{rel}","templated":true}]}}