{"id":258276,"date":"2026-01-13T22:26:53","date_gmt":"2026-01-13T19:26:53","guid":{"rendered":"https:\/\/baldumarket.lt\/product\/biurko-z-szuflada-nandu-100-cm-jasny-szary-dab-polski-bialy-polysk\/"},"modified":"2026-02-11T18:30:09","modified_gmt":"2026-02-11T15:30:09","slug":"biurko-z-szuflada-nandu-100-cm-jasny-szary-dab-polski-bialy-polysk","status":"publish","type":"product","link":"https:\/\/baldumarket.lt\/lt\/product\/biurko-z-szuflada-nandu-100-cm-jasny-szary-dab-polski-bialy-polysk\/","title":{"rendered":"NANDU ra\u0161omasis stalas su stal\u010diumi, 100 cm, \u0161viesiai pilka\/poliruoto \u0105\u017euolo sp.\/blizgi balta"},"content":{"rendered":"<p>\u201eNandu\u201c ra\u0161omasis stalas \u2013 k\u016brybin\u0117 erdv\u0117 jauniesiems tyrin\u0117tojams. Su \u201eNandu\u201c jaunimo kolekcija lengviau rasti tobul\u0105 sprendim\u0105 vaiko ar paauglio kambariui. Paprastas, ta\u010diau modernus dizainas, geometrin\u0117s formos ir universalios spalvos u\u017etikrina, kad kiekvienas vaikas ras sau patinkant\u012f daikt\u0105. Ra\u0161omasis stalas yra neatsiejama mokinio kambario dalis, o \u201eNandu\u201c ra\u0161omasis stalas skirtas ne tik nam\u0173 darbams atlikti, bet ir pom\u0117gi\u0173 bei aistr\u0173 ugdymui. Platus, lakuotas stalvir\u0161is yra puiki vieta lavinti k\u016brybinius \u012fg\u016bd\u017eius, o reguliuojamas auk\u0161tis leid\u017eia pritaikyti j\u012f pagal individualius poreikius. 100 x 70 cm stalas sukurtas atsi\u017evelgiant \u012f funkcionalum\u0105. Prakti\u0161kas stal\u010dius mokyklin\u0117ms priemon\u0117ms, tokioms kaip ra\u0161ikliai, liniuot\u0117s ar skriestuvas, padeda tvarkingai susid\u0117ti daiktus, o atviras skyrius s\u0105siuviniams, bloknotams ar spausdintuvo popieriui palengvina mokymosi erdv\u0117s organizavim\u0105. Stalo r\u0117mas, kuriame derinamas \u0161viesiai pilkas ir \u0161iltas lenki\u0161ko \u0105\u017euolo atspalvis, sukuria harmoning\u0105 aplink\u0105 blizgioms baltoms fasadams. Lygus, be ranken\u0117li\u0173 fasadas pabr\u0117\u017eia jo modernum\u0105, suteikdamas visam baldui elegancijos ir stiliaus. \u201eNandu\u201c ra\u0161omasis stalas yra ne tik atskiras baldas. Kartu su \u201eNandu\u201c prailginimu ir kitais kolekcijos elementais galite sukurti visapusi\u0161k\u0105 ir \u012fkvepian\u010di\u0105 erdv\u0119 savo vaikui mokytis, \u017eaisti ir tobul\u0117ti. \u201eNandu\u201c kolekcija \u2013 tai ne tik baldai; tai k\u016brybin\u0117 erdv\u0117, kurioje kiekviena mintis gali tapti atradimu, o mokymasis \u2013 \u017eaviu nuotykiu. Padovanokite savo vaikui tobul\u0105 raidos priemon\u0119 pasirinkdami \u201eNandu\u201c stal\u0105 \u2013 viet\u0105, kurioje mokymasis tampa aistra, o kambarys \u2013 nauj\u0173 id\u0117j\u0173 laboratorija.<\/p>\n<p>Prek\u0117s kodas S441-BIU1S-JSZ\/DP\/BIP Simbolis ZM EAN Ilgis 100 cm Plotis 70 cm Auk\u0161tis 75 cm Kolekcija Nandu Spalva \u0161viesiai pilka\/poliruoto \u0105\u017euolo\/blizgi balta Pilkos spalvos atspalvis Stilius modernus Med\u017eiaga laminatas Dureli\u0173 skai\u010dius be dureli\u0173 Stal\u010di\u0173 skai\u010dius 1 stal\u010dius Rankena be ranken\u0117li\u0173 Gamintojas Juoda Raudona Balta Baldo tipas Ra\u0161omieji stalai PVM 23% EAN 5906123952354<\/p>","protected":false},"excerpt":{"rendered":"<p>Nandu Desk \u2013 A Creative Space for Young Explorers. The search for the perfect solution for a child&#8217;s or teenager&#8217;s room becomes easier with the Nandu youth collection. Its simple yet modern design, geometric shapes, and versatile colors ensure every child will find something they enjoy. A desk is an integral part of a student&#8217;s [&hellip;]<\/p>","protected":false},"featured_media":258277,"comment_status":"open","ping_status":"open","template":"","meta":[],"product_brand":[],"product_cat":[9200,1312],"product_tag":[],"class_list":{"0":"post-258276","1":"product","2":"type-product","3":"status-publish","4":"has-post-thumbnail","6":"product_cat-black-red-white","7":"product_cat-desks","9":"first","10":"instock","11":"purchasable","12":"product-type-simple"},"_links":{"self":[{"href":"https:\/\/baldumarket.lt\/lt\/wp-json\/wp\/v2\/product\/258276","targetHints":{"allow":["GET"]}}],"collection":[{"href":"https:\/\/baldumarket.lt\/lt\/wp-json\/wp\/v2\/product"}],"about":[{"href":"https:\/\/baldumarket.lt\/lt\/wp-json\/wp\/v2\/types\/product"}],"replies":[{"embeddable":true,"href":"https:\/\/baldumarket.lt\/lt\/wp-json\/wp\/v2\/comments?post=258276"}],"wp:featuredmedia":[{"embeddable":true,"href":"https:\/\/baldumarket.lt\/lt\/wp-json\/wp\/v2\/media\/258277"}],"wp:attachment":[{"href":"https:\/\/baldumarket.lt\/lt\/wp-json\/wp\/v2\/media?parent=258276"}],"wp:term":[{"taxonomy":"product_brand","embeddable":true,"href":"https:\/\/baldumarket.lt\/lt\/wp-json\/wp\/v2\/product_brand?post=258276"},{"taxonomy":"product_cat","embeddable":true,"href":"https:\/\/baldumarket.lt\/lt\/wp-json\/wp\/v2\/product_cat?post=258276"},{"taxonomy":"product_tag","embeddable":true,"href":"https:\/\/baldumarket.lt\/lt\/wp-json\/wp\/v2\/product_tag?post=258276"}],"curies":[{"name":"wp","href":"https:\/\/api.w.org\/{rel}","templated":true}]}}