{"id":258268,"date":"2026-01-13T22:26:48","date_gmt":"2026-01-13T19:26:48","guid":{"rendered":"https:\/\/baldumarket.lt\/product\/biurko-z-szuflada-luca-juzi-141-cm-modrzew-sibiu-jasny-dab-sonoma-ciemny\/"},"modified":"2026-02-11T18:30:09","modified_gmt":"2026-02-11T15:30:09","slug":"biurko-z-szuflada-luca-juzi-141-cm-modrzew-sibiu-jasny-dab-sonoma-ciemny","status":"publish","type":"product","link":"https:\/\/baldumarket.lt\/lt\/product\/biurko-z-szuflada-luca-juzi-141-cm-modrzew-sibiu-jasny-dab-sonoma-ciemny\/","title":{"rendered":"LUCA JUZI ra\u0161omasis stalas su stal\u010diumi 141 cm \u0161viesus Sibiu maumedis\/tamsus sonoma \u0105\u017euolas"},"content":{"rendered":"<p>\u201eLuca Juzi\u201c ra\u0161omasis stalas \u2013 tobula vieta dirbti ir mokytis. \u201eLuca Juzi\u201c kolekcija \u012fk\u016bnija Provanso stili\u0173, kur \u0161iltos spalvos ir paprasta konstrukcija sukuria harmoning\u0105 visum\u0105. \u201eLuca Juzi\u201c ra\u0161omasis stalas, neatsiejama \u0161ios kolekcijos dalis, ne tik traukia d\u0117mes\u012f savo \u017eavesiu, bet ir si\u016blo patogi\u0105 viet\u0105 dirbti ir mokytis. D\u0117l plataus, \u012fsp\u016bdingo 100 cm stalvir\u0161io stalas tampa puikia vieta lavinti k\u016brybi\u0161kum\u0105 ir susikaupti ties u\u017eduotimis. Pakankamai vietos biuro reikmenims, ne\u0161iojamam kompiuteriui ir u\u017era\u0161ams daro darb\u0105 efektyv\u0173 ir malon\u0173. Papildomo funkcionalumo suteikia patogus stal\u010dius, puikiai tinkantis smulkiems daiktams laikyti, ir dvi lentynos, ant kuri\u0173 galite lengvai pasid\u0117ti spausdintuv\u0105 ir dokumentus. \u201eLuca Juzi\u201c stalo estetik\u0105 lemia darnus \u0161viesaus Sibiu maumed\u017eio korpuso ir priekin\u0117s dalies bei tamsaus Sonoma \u0105\u017euolo stalvir\u0161io derinys. I\u0161skirtin\u0117s kra\u0161t\u0173 lentjuost\u0117s ir matomas ra\u0161tas suteikia jam unikalaus \u017eavesio, perkeldami interjer\u0105 \u012f atmosferin\u0119 Provanso atmosfer\u0105. Stalas yra ne tik prakti\u0161kas baldas, bet ir elementas, kur\u012f galite pritaikyti pagal savo poreikius. Stal\u010dius ir lentynas galima montuoti kair\u0117je arba de\u0161in\u0117je pus\u0117je, tod\u0117l erdv\u0117s i\u0161d\u0117stymas tampa lankstesnis. Tvirtos sendinto gele\u017eies spalvos rankenos ne tik pabr\u0117\u017eia kolekcijos charakter\u012f, bet ir suteikia tvirtumo bei patvarumo. \u0160i detal\u0117 paver\u010dia \u201eLuca Juzi\u201c stal\u0105 ne tik darbo vieta, bet ir dekoratyviniu elementu. Su \u201eLuca Juzi\u201c kolekcija sukurkite visavert\u0119 erdv\u0119, naudodami \u012fvairius elementus, tokius kaip spinta, lova, lentynos, naktinis staliukas ir televizoriaus staliukas. Leiskite savo gyvenamajai erdvei atgyti su \u0161viesiu, esteti\u0161ku interjeru, kuriame darbas ir mokymasis tampa malonumu. \u201eLuca Juzi\u201c stalas \u2013 daugiau nei baldas \u2013 yra pagrindinis j\u016bs\u0173 nam\u0173 \u012fkv\u0117pimo \u0161altinis.<\/p>\n<p>Prek\u0117s kodas S328-BIU1S-MSJ\/DSOC Simbolis ZM EAN Ilgis 141 cm Plotis 81 cm Auk\u0161tis 76,5 cm Kolekcija Luca Juzi Spalva \u0161viesi Sibiu maumedis \/ tamsus sonoma \u0105\u017euolas Gaubtas \u0161viesi mediena Stilius modernus Med\u017eiaga laminatas Dureli\u0173 skai\u010dius be dur\u0173 Stal\u010di\u0173 skai\u010dius 1 stal\u010dius Rankena su rankenomis Gamintojas Juoda Raudona Balta Baldo tipas Ra\u0161omieji stalai PVM Mokestis 23% EAN 5906123925587<\/p>","protected":false},"excerpt":{"rendered":"<p>The Luca Juzi Desk \u2013 the perfect place to work and study. The Luca Juzi collection embodies the Proven\u00e7al style, where warm colors and simple construction create a harmonious whole. The Luca Juzi desk, an integral part of this collection, not only attracts attention with its charm but also offers a comfortable place to work [&hellip;]<\/p>","protected":false},"featured_media":258269,"comment_status":"open","ping_status":"open","template":"","meta":[],"product_brand":[],"product_cat":[9200,1312],"product_tag":[],"class_list":{"0":"post-258268","1":"product","2":"type-product","3":"status-publish","4":"has-post-thumbnail","6":"product_cat-black-red-white","7":"product_cat-desks","9":"first","10":"instock","11":"purchasable","12":"product-type-simple"},"_links":{"self":[{"href":"https:\/\/baldumarket.lt\/lt\/wp-json\/wp\/v2\/product\/258268","targetHints":{"allow":["GET"]}}],"collection":[{"href":"https:\/\/baldumarket.lt\/lt\/wp-json\/wp\/v2\/product"}],"about":[{"href":"https:\/\/baldumarket.lt\/lt\/wp-json\/wp\/v2\/types\/product"}],"replies":[{"embeddable":true,"href":"https:\/\/baldumarket.lt\/lt\/wp-json\/wp\/v2\/comments?post=258268"}],"wp:featuredmedia":[{"embeddable":true,"href":"https:\/\/baldumarket.lt\/lt\/wp-json\/wp\/v2\/media\/258269"}],"wp:attachment":[{"href":"https:\/\/baldumarket.lt\/lt\/wp-json\/wp\/v2\/media?parent=258268"}],"wp:term":[{"taxonomy":"product_brand","embeddable":true,"href":"https:\/\/baldumarket.lt\/lt\/wp-json\/wp\/v2\/product_brand?post=258268"},{"taxonomy":"product_cat","embeddable":true,"href":"https:\/\/baldumarket.lt\/lt\/wp-json\/wp\/v2\/product_cat?post=258268"},{"taxonomy":"product_tag","embeddable":true,"href":"https:\/\/baldumarket.lt\/lt\/wp-json\/wp\/v2\/product_tag?post=258268"}],"curies":[{"name":"wp","href":"https:\/\/api.w.org\/{rel}","templated":true}]}}