{"id":258260,"date":"2026-01-13T22:26:42","date_gmt":"2026-01-13T19:26:42","guid":{"rendered":"https:\/\/baldumarket.lt\/product\/biurko-z-dwoma-szufladami-weston-120-cm-sosna-old-style-ciemna-matera\/"},"modified":"2026-02-11T18:30:10","modified_gmt":"2026-02-11T15:30:10","slug":"biurko-z-dwoma-szufladami-weston-120-cm-sosna-old-style-ciemna-matera","status":"publish","type":"product","link":"https:\/\/baldumarket.lt\/lt\/product\/biurko-z-dwoma-szufladami-weston-120-cm-sosna-old-style-ciemna-matera\/","title":{"rendered":"WESTON ra\u0161omasis stalas su dviem stal\u010diais, 120 cm, senovinio stiliaus, tamsi pu\u0161is\/\u010diu\u017einys"},"content":{"rendered":"<p>\u201eWeston\u201c stalas \u2013 tobula vieta mokymuisi ir k\u016brybai. Nam\u0173 darbai ir mokymasis vaidina svarb\u0173 vaidmen\u012f mokini\u0173 gyvenime. Norint palengvinti \u0161ias kasdienes u\u017eduotis, verta pasir\u016bpinti tinkama darbo vieta. \u201eWeston\u201c stalas yra puikus sprendimas, kuris ne tik padeda efektyviai atlikti nam\u0173 darbus, bet ir sukuria erdv\u0119 pom\u0117giams lavinti bei pramogoms. Stalo matmenys kruop\u0161\u010diai parinkti siekiant u\u017etikrinti komfort\u0105 ir funkcionalum\u0105. Erdvus 120 x 60 cm stalvir\u0161is yra puikus pavir\u0161ius ne\u0161iojamajam kompiuteriui, u\u017era\u0161ams ir stalo lempai pasid\u0117ti. Be to, du kompakti\u0161ki stal\u010diai leid\u017eia laikyti smulkius daiktus, tokius kaip ra\u0161ikliai, lipdukai ar \u017eym\u0117s, taip i\u0161laikant tvark\u0105 ant stalo. Lofto stiliaus stalo dizainas suteikia charakterio bet kokiam interjerui. Pastorintos \u0161onin\u0117s pus\u0117s ir stalvir\u0161is i\u0161siskiria, i\u0161ry\u0161kindami originalias, tvirtas rankenas. Meni\u0161ko \u0105\u017euolo fasadai atspindi neapdorotos medienos gro\u017e\u012f, sukurdami harmoning\u0105 visum\u0105 su tamsiu med\u017eiagos atspalviu. \u201eWeston\u201c stalas skirtas ne tik nam\u0173 darbams. D\u0117l savo universalumo jis tinka \u012fvairiai veiklai. D\u0117lioni\u0173 d\u0117liojimas, pie\u0161imas ar net l\u0117ktuv\u0173 modeli\u0173 surinkimas \u2013 tai tik keletas i\u0161 daugelio \u0161io stalo panaudojimo b\u016bd\u0173, kurie ne tik padeda mokytis, bet ir ugdo aistr\u0105 bei k\u016brybi\u0161kum\u0105. \u0160is modelis ypa\u010d rekomenduojamas jauniems \u017emon\u0117ms. D\u0117l savo prakti\u0161kumo jis tampa beveik b\u016btinu elementu bet kurio mokinio kambaryje. \u201eWeston\u201c stalas yra dviej\u0173 spalv\u0173: senovinio stiliaus pu\u0161ies\/matera ir meni\u0161ko \u0105\u017euolo\/matera, tod\u0117l j\u012f galima pritaikyti prie individuali\u0173 pageidavim\u0173 ir kambario dekoro. Trumpai tariant, \u201eWeston\u201c stalas yra ne tik darbo stalas, bet ir vieta, kur mokymasis tampa malonumu, o k\u016brybi\u0161kumas gali klest\u0117ti. Tai investicija \u012f komfort\u0105 ir efektyvum\u0105 atliekant mokyklines u\u017eduotis.<\/p>\n<p>Prek\u0117s kodas S483-BIU2S-SOSTC\/MTA Simbolis ZM EAN Ilgis 120 cm Plotis 60 cm Auk\u0161tis 75,5 cm Kolekcija Weston Spalva senovinio stiliaus tamsi pu\u0161is\/matera Gaubtas tamsi mediena Stilius modernus Med\u017eiaga laminatas Dureli\u0173 skai\u010dius be dur\u0173 Stal\u010di\u0173 skai\u010dius 2 stal\u010diai Rankena su rankenomis Gamintojas Juoda Raudona Balta Baldo tipas Ra\u0161omieji stalai PVM Mokestis 23% EAN 5906123708203<\/p>","protected":false},"excerpt":{"rendered":"<p>The Weston Desk \u2013 the Perfect Place for Studying and Creativity. Homework and studying play a key role in the lives of students. To facilitate these daily tasks, it&#8217;s worth ensuring a suitable workspace. The Weston desk is an excellent solution that not only helps with effective homework but also creates a space for developing [&hellip;]<\/p>","protected":false},"featured_media":258261,"comment_status":"open","ping_status":"open","template":"","meta":[],"product_brand":[],"product_cat":[9200,1312],"product_tag":[],"class_list":{"0":"post-258260","1":"product","2":"type-product","3":"status-publish","4":"has-post-thumbnail","6":"product_cat-black-red-white","7":"product_cat-desks","9":"first","10":"instock","11":"purchasable","12":"product-type-simple"},"_links":{"self":[{"href":"https:\/\/baldumarket.lt\/lt\/wp-json\/wp\/v2\/product\/258260","targetHints":{"allow":["GET"]}}],"collection":[{"href":"https:\/\/baldumarket.lt\/lt\/wp-json\/wp\/v2\/product"}],"about":[{"href":"https:\/\/baldumarket.lt\/lt\/wp-json\/wp\/v2\/types\/product"}],"replies":[{"embeddable":true,"href":"https:\/\/baldumarket.lt\/lt\/wp-json\/wp\/v2\/comments?post=258260"}],"wp:featuredmedia":[{"embeddable":true,"href":"https:\/\/baldumarket.lt\/lt\/wp-json\/wp\/v2\/media\/258261"}],"wp:attachment":[{"href":"https:\/\/baldumarket.lt\/lt\/wp-json\/wp\/v2\/media?parent=258260"}],"wp:term":[{"taxonomy":"product_brand","embeddable":true,"href":"https:\/\/baldumarket.lt\/lt\/wp-json\/wp\/v2\/product_brand?post=258260"},{"taxonomy":"product_cat","embeddable":true,"href":"https:\/\/baldumarket.lt\/lt\/wp-json\/wp\/v2\/product_cat?post=258260"},{"taxonomy":"product_tag","embeddable":true,"href":"https:\/\/baldumarket.lt\/lt\/wp-json\/wp\/v2\/product_tag?post=258260"}],"curies":[{"name":"wp","href":"https:\/\/api.w.org\/{rel}","templated":true}]}}