{"id":258256,"date":"2026-01-13T22:26:39","date_gmt":"2026-01-13T19:26:39","guid":{"rendered":"https:\/\/baldumarket.lt\/product\/biurko-z-dwoma-szufladami-nepo-plus-59-cm-dab-sonoma-bialy\/"},"modified":"2026-02-11T18:30:10","modified_gmt":"2026-02-11T15:30:10","slug":"biurko-z-dwoma-szufladami-nepo-plus-59-cm-dab-sonoma-bialy","status":"publish","type":"product","link":"https:\/\/baldumarket.lt\/lt\/product\/biurko-z-dwoma-szufladami-nepo-plus-59-cm-dab-sonoma-bialy\/","title":{"rendered":"NEPO PLUS ra\u0161omasis stalas su dviem stal\u010diais, 59 cm, sonoma \u0105\u017euolas\/balta"},"content":{"rendered":"<p>\u201eNepo Plus\u201c ra\u0161omasis stalas \u2013 \u012fkv\u0117pimas mokymuisi ir darbui. Tinkamos erdv\u0117s mokymuisi ir darbui suk\u016brimas yra labai svarbus tiek jauniems \u017emon\u0117ms, tiek suaugusiems. \u201eNepo Plus\u201c kolekcija si\u016blo modernius sprendimus, kurie pad\u0117s sukurti ergonomi\u0161k\u0105 ir funkcionali\u0105 aplink\u0105 jaunimo kambaryje ar nam\u0173 biure. \u0160ios erdv\u0117s centre yra \u201eNepo Plus\u201c ra\u0161omasis stalas, kuris tampa vieta, kur tiek vaikai, tiek suaugusieji gali susikaupti mokymuisi ir darbui. Du kompakti\u0161ki stal\u010diai leid\u017eia laikyti biuro reikmenis lengvai pasiekiamoje vietoje, padidinant efektyvum\u0105 ir i\u0161laikant tvark\u0105 ant stalo. Laminuotas stalo pavir\u0161ius yra ne tik esteti\u0161kai patrauklus, bet ir prakti\u0161kas. Atsparus \u012fbr\u0117\u017eimams, jis garantuoja ilgaam\u017ei\u0161kum\u0105. Be to, j\u012f lengva valyti, tod\u0117l stal\u0105 lengva pri\u017ei\u016br\u0117ti puikios b\u016bkl\u0117s. Taip pat svarbu pasirinkti tinkam\u0105 spalv\u0105. \u201eNepo Plus\u201c kolekcija si\u016blo plat\u0173 spalv\u0173 pasirinkim\u0105, leid\u017eiant\u012f pritaikyti stal\u0105 pagal savo skon\u012f ir kambario stili\u0173. Ar jums labiau patinka ry\u0161kiai balta, eleganti\u0161ka venge, klasikin\u0117 vienuolyno \u0105\u017euolo ar nat\u016bralus Sonoma \u0105\u017euolas? Galimyb\u0117s yra neribotos, leid\u017eian\u010dios susikurti svajoni\u0173 i\u0161d\u0117stym\u0105. Horizontalios rankenos palengvina prieig\u0105 prie stal\u010di\u0173, tod\u0117l naudotis stalu dar patogiau. Prakti\u0161kumas ir funkcionalumas yra pagrindin\u0117s \u201eNepo Plus\u201c stalo savyb\u0117s. Jei norite sukurti darn\u0173 i\u0161d\u0117stym\u0105 studento kambaryje, \u201eNepo Plus\u201c stal\u0105 galima papildyti kitais kolekcijos elementais, pavyzd\u017eiui, komoda arba prie sienos montuojama spintele. Taip pat per\u017ei\u016br\u0117kite kitus galimus elementus, kurie leis jums sukurti visavert\u0119 ir funkcionali\u0105 erdv\u0119 mokymuisi ir darbui. Trumpai tariant, \u201eNepo Plus\u201c stalas yra daugiau nei tik baldas. Tai \u012fkv\u0117pimas mokymuisi ir darbui, vieta, kurioje galite siekti savo tiksl\u0173 ir \u012fgyvendinti savo svajones. D\u0117l modernaus dizaino, auk\u0161tos kokyb\u0117s gamybos ir daugyb\u0117s praktini\u0173 sprendim\u0173 \u201eNepo Plus\u201c stalas paskatins tiek jaunus \u017emones, tiek suaugusius sutelkti d\u0117mes\u012f \u012f tai, kas svarbiausia.<\/p>\n<p>Prek\u0117s kodas S435-BIU2S-DSO\/BI Simbolis ZM EAN Ilgis 100 cm Plotis 59 cm Auk\u0161tis 76 cm Kolekcija Nepo Plus Spalva sonoma \u0105\u017euolas\/balta Gaubtas \u0161viesus medis Stilius modernus Dureli\u0173 skai\u010dius be dur\u0173 Stal\u010di\u0173 skai\u010dius 2 stal\u010diai Rankena su rankenomis Gamintojas Juoda Raudona Balta Baldo tipas Ra\u0161omieji stalai PVM Mokestis 23% EAN 5906123947923<\/p>","protected":false},"excerpt":{"rendered":"<p>\u201eNepo Plus\u201c ra\u0161omasis stalas \u2013 \u012fkv\u0117pimas mokymuisi ir darbui. Tinkamos erdv\u0117s mokymuisi ir darbui suk\u016brimas yra labai svarbus tiek jauniems \u017emon\u0117ms, tiek suaugusiesiems. \u201eNepo Plus\u201c kolekcija si\u016blo modernius sprendimus, kurie pad\u0117s sukurti ergonomi\u0161k\u0105 ir funkcionali\u0105 aplink\u0105 jaunimo kambaryje ar nam\u0173 biure. \u0160io proceso centre [\u2026]<\/p>","protected":false},"featured_media":258257,"comment_status":"open","ping_status":"open","template":"","meta":[],"product_brand":[],"product_cat":[9200,1312],"product_tag":[],"class_list":{"0":"post-258256","1":"product","2":"type-product","3":"status-publish","4":"has-post-thumbnail","6":"product_cat-black-red-white","7":"product_cat-desks","9":"first","10":"instock","11":"purchasable","12":"product-type-simple"},"_links":{"self":[{"href":"https:\/\/baldumarket.lt\/lt\/wp-json\/wp\/v2\/product\/258256","targetHints":{"allow":["GET"]}}],"collection":[{"href":"https:\/\/baldumarket.lt\/lt\/wp-json\/wp\/v2\/product"}],"about":[{"href":"https:\/\/baldumarket.lt\/lt\/wp-json\/wp\/v2\/types\/product"}],"replies":[{"embeddable":true,"href":"https:\/\/baldumarket.lt\/lt\/wp-json\/wp\/v2\/comments?post=258256"}],"wp:featuredmedia":[{"embeddable":true,"href":"https:\/\/baldumarket.lt\/lt\/wp-json\/wp\/v2\/media\/258257"}],"wp:attachment":[{"href":"https:\/\/baldumarket.lt\/lt\/wp-json\/wp\/v2\/media?parent=258256"}],"wp:term":[{"taxonomy":"product_brand","embeddable":true,"href":"https:\/\/baldumarket.lt\/lt\/wp-json\/wp\/v2\/product_brand?post=258256"},{"taxonomy":"product_cat","embeddable":true,"href":"https:\/\/baldumarket.lt\/lt\/wp-json\/wp\/v2\/product_cat?post=258256"},{"taxonomy":"product_tag","embeddable":true,"href":"https:\/\/baldumarket.lt\/lt\/wp-json\/wp\/v2\/product_tag?post=258256"}],"curies":[{"name":"wp","href":"https:\/\/api.w.org\/{rel}","templated":true}]}}