{"id":258240,"date":"2026-01-13T22:26:21","date_gmt":"2026-01-13T19:26:21","guid":{"rendered":"https:\/\/baldumarket.lt\/product\/biurko-z-dwoma-szufladami-nepo-plus-100-cm-dab-noble-dab-somona\/"},"modified":"2026-02-11T18:30:10","modified_gmt":"2026-02-11T15:30:10","slug":"biurko-z-dwoma-szufladami-nepo-plus-100-cm-dab-noble-dab-somona","status":"publish","type":"product","link":"https:\/\/baldumarket.lt\/lt\/product\/biurko-z-dwoma-szufladami-nepo-plus-100-cm-dab-noble-dab-somona\/","title":{"rendered":"NEPO PLUS ra\u0161omasis stalas su dviem stal\u010diais, 100 cm, kilnus \u0105\u017euolas\/somona \u0105\u017euolas"},"content":{"rendered":"<p>\u201eNepo Plus\u201c ra\u0161omasis stalas \u2013 skatina mokym\u0105si ir darb\u0105. Su \u201eNepo Plus\u201c kolekcija i\u0161 kilnaus \u0105\u017euolo galite sukurti ergonomi\u0161k\u0105 ir moderni\u0105 erdv\u0119, kuri puikiai tinka tiek jaunimo kambariui, tiek nam\u0173 biurui. \u201eNepo Plus\u201c ra\u0161omasis stalas derina funkcionalum\u0105 ir estetik\u0105, sukurdamas patogi\u0105 viet\u0105 mokytis, dirbti ir siekti savo pom\u0117gi\u0173. Patogumas ir funkcionalumas.<br \/>\n\u201eNepo Plus\u201c stalas yra puikus darbo ir mokymosi centras. Jame yra du prakti\u0161ki stal\u010diai, kuriuose telpa biuro reikmenys, dokumentai ir u\u017era\u0161\u0173 knygel\u0117s. Laminuotas stalvir\u0161io pavir\u0161ius u\u017etikrina atsparum\u0105 \u012fbr\u0117\u017eimams ir lengv\u0105 valym\u0105, tod\u0117l jis idealiai tinka kasdieniam naudojimui. Stilius ir suasmeninimas<br \/>\n\u201eNepo Plus\u201c kolekcija si\u016blo plat\u0173 spalv\u0173 pasirinkim\u0105, pavyzd\u017eiui, \u0161viesiai balt\u0105, tams\u0173 kilming\u0105 \u0105\u017euol\u0105, nat\u016bral\u0173 sonoma \u0105\u017euol\u0105 ir stilingus \u0161i\u0173 atspalvi\u0173 derinius. Tai leid\u017eia pritaikyti stal\u0105 pagal j\u016bs\u0173 pageidavimus ir interjero dizain\u0105. Horizontalios stal\u010di\u0173 ranken\u0117l\u0117s pabr\u0117\u017eia modern\u0173 dizain\u0105 ir palengvina prieig\u0105 prie j\u0173 turinio. Ypatyb\u0117s: 2 prakti\u0161ki stal\u010diai \u2013 idealiai tinka biuro reikmenims laikyti. Laminuotas vir\u0161utinis pavir\u0161ius yra atsparus \u012fbr\u0117\u017eimams ir lengvai valomas. Horizontalios ranken\u0117l\u0117s \u2013 modernus akcentas, u\u017etikrinantis patog\u0173 naudojim\u0105. Spalvos \u2013 kilnus \u0105\u017euolas \/ sonoma \u0105\u017euolas. Universalus dizainas \u2013 tinka jaunimo kambariui, nam\u0173 biurui ar darbo kambariui. Santrauka<br \/>\n\u201eNepo Plus\u201c ra\u0161omasis stalas yra prakti\u0161kas ir esteti\u0161kai patrauklus pasirinkimas, puikiai papildantis modern\u0173 interjer\u0105. D\u0117l funkcionali\u0173 sprendim\u0173 ir plataus spalv\u0173 pasirinkimo stalas idealiai tinka kasdieniam naudojimui. Derinkite j\u012f su kitais \u201eNepo Plus\u201c kolekcijos elementais, tokiais kaip komodos ar sienin\u0117s spintel\u0117s, kad sukurtum\u0117te ergonomi\u0161k\u0105 ir harmoning\u0105 erdv\u0119 darbui ir mokymuisi.<\/p>\n<p>Prek\u0117s kodas S435-BIU2S-DNO\/DSO Ilgis 100 cm Plotis 59 cm Auk\u0161tis 76 cm Kolekcija \u201eNepo Plus\u201c Spalva kilnus \u0105\u017euolas\/sonoma \u0105\u017euolas Atspalvis tamsi mediena Stilius modernus Med\u017eiaga laminatas Dureli\u0173 skai\u010dius be dureli\u0173 Stal\u010di\u0173 skai\u010dius 2 stal\u010diai Rankena su rankenomis Gamintojas Juoda Raudona Balta Baldo tipas Ra\u0161omieji stalai PVM 23% EAN 5906123051569<\/p>","protected":false},"excerpt":{"rendered":"<p>\u201eNepo Plus\u201c ra\u0161omasis stalas \u2013 skatina mokym\u0105si ir darb\u0105. Su \u201eNepo Plus\u201c kolekcija i\u0161 kilnaus \u0105\u017euolo galite sukurti ergonomi\u0161k\u0105 ir moderni\u0105 erdv\u0119, kuri puikiai tinka tiek jaunimo kambariui, tiek nam\u0173 biurui. \u201eNepo Plus\u201c ra\u0161omasis stalas derina funkcionalum\u0105 ir estetik\u0105, sukurdamas patogi\u0105 viet\u0105 mokytis, dirbti ir siekti savo pom\u0117gi\u0173. [\u2026]<\/p>","protected":false},"featured_media":258241,"comment_status":"open","ping_status":"open","template":"","meta":[],"product_brand":[],"product_cat":[9200,1312],"product_tag":[],"class_list":{"0":"post-258240","1":"product","2":"type-product","3":"status-publish","4":"has-post-thumbnail","6":"product_cat-black-red-white","7":"product_cat-desks","9":"first","10":"instock","11":"purchasable","12":"product-type-simple"},"_links":{"self":[{"href":"https:\/\/baldumarket.lt\/lt\/wp-json\/wp\/v2\/product\/258240","targetHints":{"allow":["GET"]}}],"collection":[{"href":"https:\/\/baldumarket.lt\/lt\/wp-json\/wp\/v2\/product"}],"about":[{"href":"https:\/\/baldumarket.lt\/lt\/wp-json\/wp\/v2\/types\/product"}],"replies":[{"embeddable":true,"href":"https:\/\/baldumarket.lt\/lt\/wp-json\/wp\/v2\/comments?post=258240"}],"wp:featuredmedia":[{"embeddable":true,"href":"https:\/\/baldumarket.lt\/lt\/wp-json\/wp\/v2\/media\/258241"}],"wp:attachment":[{"href":"https:\/\/baldumarket.lt\/lt\/wp-json\/wp\/v2\/media?parent=258240"}],"wp:term":[{"taxonomy":"product_brand","embeddable":true,"href":"https:\/\/baldumarket.lt\/lt\/wp-json\/wp\/v2\/product_brand?post=258240"},{"taxonomy":"product_cat","embeddable":true,"href":"https:\/\/baldumarket.lt\/lt\/wp-json\/wp\/v2\/product_cat?post=258240"},{"taxonomy":"product_tag","embeddable":true,"href":"https:\/\/baldumarket.lt\/lt\/wp-json\/wp\/v2\/product_tag?post=258240"}],"curies":[{"name":"wp","href":"https:\/\/api.w.org\/{rel}","templated":true}]}}