{"id":258216,"date":"2026-01-13T22:26:02","date_gmt":"2026-01-13T19:26:02","guid":{"rendered":"https:\/\/baldumarket.lt\/product\/biurko-narozne-prawe-z-elektryczna-regulacja-160-90-space-office-dab-artisan\/"},"modified":"2026-02-11T18:30:10","modified_gmt":"2026-02-11T15:30:10","slug":"biurko-narozne-prawe-z-elektryczna-regulacja-160-90-space-office-dab-artisan","status":"publish","type":"product","link":"https:\/\/baldumarket.lt\/lt\/product\/biurko-narozne-prawe-z-elektryczna-regulacja-160-90-space-office-dab-artisan\/","title":{"rendered":"De\u0161inysis kampinis stalas su elektriniu reguliavimu 160\/90 SPACE OFFICE, artisan oak"},"content":{"rendered":"<p>160 SPACE OFFICE elektrinis kampinis stalas \u2013 patogumas ir stilius. Elektrinis kampinis stalas yra ne tik prakti\u0161ka darbo vieta, bet ir modernus baldas, derinantis funkcionalum\u0105 su elegancija. Jis puikiai tinka biurams, mokykloms, vyriausybin\u0117ms \u012fstaigoms, taip pat kaip darbo centras nam\u0173 biure ar paauglio kambaryje. D\u0117l universalumo ir stilingo dizaino jis idealiai tinka \u012fvairioms erdv\u0117ms. Stalo stalvir\u0161is, pagamintas i\u0161 22 mm storio laminuotos plok\u0161t\u0117s, yra atsparus \u012fbr\u0117\u017eimams ir pa\u017eeidimams, i\u0161laikant esteti\u0161k\u0105 i\u0161vaizd\u0105. Dvi tvirtos metalin\u0117s kojel\u0117s su reguliuojamu auk\u0161\u010diu garantuoja stabilum\u0105 ant bet kokio pavir\u0161iaus, prisitaikydamos prie grind\u0173 linki\u0173. Nat\u016bralaus med\u017eio stalvir\u0161io ir juod\u0173 kojeli\u0173 derinys sukuria kontrasting\u0105 ir modern\u0173 vaizd\u0105. Svarbiausias \u0161io stalo privalumas \u2013 elektrinis auk\u0161\u010dio reguliavimas, leid\u017eiantis stalvir\u0161\u012f reguliuoti nuo 72 iki 120 cm. Atmintis iki keturi\u0173 nustatym\u0173 leid\u017eia greitai pakeisti pad\u0117t\u012f, pritaikant stal\u0105 individualiems naudotojo poreikiams. Be to, valdymo modulyje yra USB prievadas, tod\u0117l jis yra funkcionalesnis. 72\u2013120 x 160 cm dyd\u017eio stalas puikiai dera su biuro baldais, ypa\u010d med\u017eio atspalvi\u0173. Minimalistinis dizainas harmoningai dera su moderniais, minimalistiniais, skandinavi\u0161kais ir lofto stiliaus interjerais. Tai ne tik darbastalis, bet ir eleganti\u0161kas interjero elementas, d\u017eiuginantis savo funkcionalumu ir stiliumi.<\/p>\n<p>Prek\u0117s kodas S479-BIU\/160\/90\/B\/P-DASN Simbolis ZM EAN Ilgis 160 cm Plotis 90 cm Auk\u0161tis 72\u2013120 cm Kolekcija Erdv\u0117 Biuras Spalva meni\u0161kas \u0105\u017euolas Atspalvis \u0161viesi mediena Stilius modernus Med\u017eiaga laminatas Dur\u0173 skai\u010dius be dur\u0173 Stal\u010di\u0173 skai\u010dius be stal\u010di\u0173 Gamintojas Juoda Raudona Balta Bald\u0173 tipas Ra\u0161omieji stalai PVM mokestis 23% EAN 5906123707428<\/p>","protected":false},"excerpt":{"rendered":"<p>The 160 SPACE OFFICE Electric Corner Desk &#8211; Comfort and Style. The electric corner desk is not only a practical workspace, but also a modern piece of furniture that combines functionality with elegance. It&#8217;s perfect for offices, schools, government offices, as well as a work center in a home office or teenager&#8217;s room. Its versatility [&hellip;]<\/p>","protected":false},"featured_media":258217,"comment_status":"open","ping_status":"open","template":"","meta":[],"product_brand":[],"product_cat":[9200,1312],"product_tag":[],"class_list":{"0":"post-258216","1":"product","2":"type-product","3":"status-publish","4":"has-post-thumbnail","6":"product_cat-black-red-white","7":"product_cat-desks","9":"first","10":"instock","11":"purchasable","12":"product-type-simple"},"_links":{"self":[{"href":"https:\/\/baldumarket.lt\/lt\/wp-json\/wp\/v2\/product\/258216","targetHints":{"allow":["GET"]}}],"collection":[{"href":"https:\/\/baldumarket.lt\/lt\/wp-json\/wp\/v2\/product"}],"about":[{"href":"https:\/\/baldumarket.lt\/lt\/wp-json\/wp\/v2\/types\/product"}],"replies":[{"embeddable":true,"href":"https:\/\/baldumarket.lt\/lt\/wp-json\/wp\/v2\/comments?post=258216"}],"wp:featuredmedia":[{"embeddable":true,"href":"https:\/\/baldumarket.lt\/lt\/wp-json\/wp\/v2\/media\/258217"}],"wp:attachment":[{"href":"https:\/\/baldumarket.lt\/lt\/wp-json\/wp\/v2\/media?parent=258216"}],"wp:term":[{"taxonomy":"product_brand","embeddable":true,"href":"https:\/\/baldumarket.lt\/lt\/wp-json\/wp\/v2\/product_brand?post=258216"},{"taxonomy":"product_cat","embeddable":true,"href":"https:\/\/baldumarket.lt\/lt\/wp-json\/wp\/v2\/product_cat?post=258216"},{"taxonomy":"product_tag","embeddable":true,"href":"https:\/\/baldumarket.lt\/lt\/wp-json\/wp\/v2\/product_tag?post=258216"}],"curies":[{"name":"wp","href":"https:\/\/api.w.org\/{rel}","templated":true}]}}