{"id":258208,"date":"2026-01-13T22:25:56","date_gmt":"2026-01-13T19:25:56","guid":{"rendered":"https:\/\/baldumarket.lt\/product\/biurko-narozne-prawe-z-elektryczna-regulacja-140-90-space-office-dab-artisan\/"},"modified":"2026-02-11T18:30:10","modified_gmt":"2026-02-11T15:30:10","slug":"biurko-narozne-prawe-z-elektryczna-regulacja-140-90-space-office-dab-artisan","status":"publish","type":"product","link":"https:\/\/baldumarket.lt\/lt\/product\/biurko-narozne-prawe-z-elektryczna-regulacja-140-90-space-office-dab-artisan\/","title":{"rendered":"De\u0161inysis kampinis stalas su elektriniu reguliavimu 140\/90 SPACE OFFICE, artisan oak"},"content":{"rendered":"<p>140 SPACE OFFICE elektrinis kampinis stalas \u2013 modernumas ir komfortas j\u016bs\u0173 biure. Modernus stalas yra pagrindinis darbo vietos elementas, atliekantis ne tik praktines funkcijas, bet ir pagerinantis aplinkos estetik\u0105. Tai ne tik biuro baldas, bet ir modernaus dizaino i\u0161rai\u0161ka, puikiai tinkanti \u012fvairioms aplinkoms \u2013 nuo biur\u0173 iki atviro plano erdvi\u0173 ir nam\u0173 biur\u0173. Stilingas universalumas leid\u017eia lengvai pritaikyti j\u012f minimalistiniame, skandinavi\u0161kame ar lofto stiliaus interjere. Kampinis stalas yra ne tik erdvus sprendimas, bet ir ry\u0161kus elementas, kur\u012f galima pastatyti kambario kampe arba derinti su kitais stalais, sukuriant didesn\u0119 darbo erdv\u0119. Patogus ir funkcionalus, jis puikiai derina modern\u0173 dizain\u0105 su prakti\u0161kumu. Stalvir\u0161is pagamintas i\u0161 patvarios, sm\u016bgiams atsparios laminuotos plok\u0161t\u0117s, u\u017etikrinan\u010dios baldo ilgaam\u017ei\u0161kum\u0105. Novatori\u0161kas elektrinis stalvir\u0161io reguliavimo mechanizmas, turintis galimyb\u0119 i\u0161saugoti iki keturi\u0173 nustatym\u0173, yra patogus kiekvienam vartotojui. Tai leid\u017eia kiekvienam asmeniui reguliuoti stalvir\u0161io auk\u0161t\u012f pagal individualius pageidavimus, o tai ypa\u010d svarbu daugiaviet\u0117se erdv\u0117se. Tvirtos, juodos, modernios metalin\u0117s kojel\u0117s ne tik suteikia stalui charakterio, bet ir yra reguliuojamo auk\u0161\u010dio, prisitaikan\u010dios prie grind\u0173 linki\u0173. \u0160is prakti\u0161kas sprendimas garantuoja stabilum\u0105 net ir ant nelygi\u0173 pavir\u0161i\u0173. Neutrali\u0173 spalv\u0173 dekoruotas stalas su juodomis kojel\u0117mis ir nat\u016brali\u0105 medien\u0105 imituojan\u010diu stalvir\u0161iu tampa universaliu \u012fvairi\u0173 interjero stili\u0173 papildymu. Jis puikiai dera tiek su mediniais baldais, tiek su moderniais akcentais. Stalo matmenys (140 x 72\u2013120 cm) buvo kruop\u0161\u010diai parinkti, siekiant u\u017etikrinti optimali\u0105 darbo erdv\u0119. Elektrinis kampinis stalas 140 yra ne tik efektyvaus darbo priemon\u0117, bet ir modernaus po\u017ei\u016brio \u012f biuro erdv\u0117s i\u0161d\u0117stym\u0105 i\u0161rai\u0161ka. Tegul jis tampa j\u016bs\u0173 biuro traukos centru, suteikian\u010diu ir stiliaus, ir funkcionalumo.<\/p>\n<p>Prek\u0117s kodas S479-BIU\/140\/90\/B\/P-DASN Simbolis ZM EAN Ilgis 140 cm Plotis 90 cm Auk\u0161tis 72-120 cm Kolekcija Erdv\u0117 Biuras Spalva meni\u0161kas \u0105\u017euolas Atspalvis \u0161viesi mediena Stilius modernus Med\u017eiaga laminatas Dur\u0173 skai\u010dius be dur\u0173 Stal\u010di\u0173 skai\u010dius be stal\u010di\u0173 Gamintojas Juoda Raudona Balta Bald\u0173 tipas Ra\u0161omieji stalai PVM mokestis 23% EAN 5906123707343<\/p>","protected":false},"excerpt":{"rendered":"<p>The 140 SPACE OFFICE Electric Corner Desk \u2013 modernity and comfort in your office. A modern desk is a key element of the workspace, serving not only practical functions but also enhancing the aesthetics of the surroundings. It&#8217;s not just office furniture, but also an expression of modern design, perfectly suited to a variety of [&hellip;]<\/p>","protected":false},"featured_media":258209,"comment_status":"open","ping_status":"open","template":"","meta":[],"product_brand":[],"product_cat":[9200,1312],"product_tag":[],"class_list":{"0":"post-258208","1":"product","2":"type-product","3":"status-publish","4":"has-post-thumbnail","6":"product_cat-black-red-white","7":"product_cat-desks","9":"first","10":"instock","11":"purchasable","12":"product-type-simple"},"_links":{"self":[{"href":"https:\/\/baldumarket.lt\/lt\/wp-json\/wp\/v2\/product\/258208","targetHints":{"allow":["GET"]}}],"collection":[{"href":"https:\/\/baldumarket.lt\/lt\/wp-json\/wp\/v2\/product"}],"about":[{"href":"https:\/\/baldumarket.lt\/lt\/wp-json\/wp\/v2\/types\/product"}],"replies":[{"embeddable":true,"href":"https:\/\/baldumarket.lt\/lt\/wp-json\/wp\/v2\/comments?post=258208"}],"wp:featuredmedia":[{"embeddable":true,"href":"https:\/\/baldumarket.lt\/lt\/wp-json\/wp\/v2\/media\/258209"}],"wp:attachment":[{"href":"https:\/\/baldumarket.lt\/lt\/wp-json\/wp\/v2\/media?parent=258208"}],"wp:term":[{"taxonomy":"product_brand","embeddable":true,"href":"https:\/\/baldumarket.lt\/lt\/wp-json\/wp\/v2\/product_brand?post=258208"},{"taxonomy":"product_cat","embeddable":true,"href":"https:\/\/baldumarket.lt\/lt\/wp-json\/wp\/v2\/product_cat?post=258208"},{"taxonomy":"product_tag","embeddable":true,"href":"https:\/\/baldumarket.lt\/lt\/wp-json\/wp\/v2\/product_tag?post=258208"}],"curies":[{"name":"wp","href":"https:\/\/api.w.org\/{rel}","templated":true}]}}