{"id":258204,"date":"2026-01-13T22:25:53","date_gmt":"2026-01-13T19:25:53","guid":{"rendered":"https:\/\/baldumarket.lt\/product\/biurko-narozne-prawe-160-90-space-office-dab-artisan\/"},"modified":"2026-02-11T18:30:10","modified_gmt":"2026-02-11T15:30:10","slug":"biurko-narozne-prawe-160-90-space-office-dab-artisan","status":"publish","type":"product","link":"https:\/\/baldumarket.lt\/lt\/product\/biurko-narozne-prawe-160-90-space-office-dab-artisan\/","title":{"rendered":"De\u0161inysis kampinis stalas 160\/90 BIURAS, amatininkas \u0105\u017euolas"},"content":{"rendered":"<p>160 SPACE OFFICE kampinis stalas \u2013 prakti\u0161kas universalumas ir stilius. 160 kampinis stalas yra ne tik biuro baldas; tai tikras chameleonas, kuris puikiai tinka \u012fvairioms erdv\u0117ms \u2013 nuo biur\u0173 iki svetaini\u0173, mokymo kambari\u0173 ir net nam\u0173 biur\u0173. D\u0117l prakti\u0161kumo ir stilingo dizaino jis yra b\u016btinas tiek profesionalioje, tiek priva\u010dioje aplinkoje. \u0160is kampinis stalas yra ne tik efektyvi darbo vieta, bet ir dekoratyvinis elementas, puikiai derantis prie modernaus, minimalistinio, skandinavi\u0161ko ir lofto stiliaus interjero. Kaip kampinis baldas, jis puikiai u\u017epildo erdv\u0119 kampuose, sukurdamas ergonomi\u0161k\u0105 ir funkcionali\u0105 darbo viet\u0105. Storas 22 mm laminuotos plok\u0161t\u0117s stalvir\u0161is garantuoja patvarum\u0105 ir atsparum\u0105 \u012fbr\u0117\u017eimams, i\u0161laikant esteti\u0161kai patraukli\u0105 i\u0161vaizd\u0105. Tvirtos metalin\u0117s kojel\u0117s ne tik suteikia stabilumo, bet ir yra reguliuojamo auk\u0161\u010dio, prisitaikan\u010dios prie nelygi\u0173 grind\u0173. Paprastas, minimalistinis dizainas leid\u017eia stalui harmoningai der\u0117ti su \u012fvairiais dekoro stiliais. Nat\u016bralaus med\u017eio stalvir\u0161iai suteikia \u0161ilumos ir jaukumo, o juodos kojel\u0117s sukuria kontrast\u0105, suteikdamos baldui modernumo. Jo matmenys (75,5 x 160 cm) suteikia patogi\u0105 darbo viet\u0105 ir palieka vietos papildomiems dekoratyviniams elementams. 160 kampinis stalas puikiai dera su kitais biuro baldais, ypa\u010d med\u017eio atspalvi\u0173. Be to, galimyb\u0117 prid\u0117ti patogi\u0105 k\u0117d\u0119 ar fotel\u012f sukuria i\u0161sami\u0105 ir funkcionali\u0105 darbo viet\u0105. Tegul \u0161is stalas tampa j\u016bs\u0173 biuro \u0161irdimi, suteikian\u010dia prakti\u0161kumo ir stiliaus.<\/p>\n<p>Prek\u0117s kodas S479-BIU\/160\/90\/A\/P-DASN Simbolis ZM EAN Ilgis 160 cm Plotis 90 cm Auk\u0161tis 75,5 cm Kolekcija Erdv\u0117 Biuras Spalva meni\u0161kas \u0105\u017euolas Atspalvis \u0161viesi mediena Stilius modernus Med\u017eiaga laminatas Dur\u0173 skai\u010dius be dur\u0173 Stal\u010di\u0173 skai\u010dius be stal\u010di\u0173 Gamintojas Juoda Raudona Balta Bald\u0173 tipas Ra\u0161omieji stalai PVM Mokestis 23% EAN 5906123707398<\/p>","protected":false},"excerpt":{"rendered":"<p>160 SPACE OFFICE kampinis stalas \u2013 prakti\u0161kas universalumas ir stilius. 160 kampinis stalas yra ne tik biuro baldas; tai tikras chameleonas, kuris puikiai tinka \u012fvairioms erdv\u0117ms \u2013 nuo biur\u0173 iki svetaini\u0173, mokymo kambari\u0173 ir net nam\u0173 biur\u0173. D\u0117l prakti\u0161kumo ir stilingo dizaino jis yra b\u016btinas baldas tiek [\u2026]<\/p>","protected":false},"featured_media":258205,"comment_status":"open","ping_status":"open","template":"","meta":[],"product_brand":[],"product_cat":[9200,1312],"product_tag":[],"class_list":{"0":"post-258204","1":"product","2":"type-product","3":"status-publish","4":"has-post-thumbnail","6":"product_cat-black-red-white","7":"product_cat-desks","9":"first","10":"instock","11":"purchasable","12":"product-type-simple"},"_links":{"self":[{"href":"https:\/\/baldumarket.lt\/lt\/wp-json\/wp\/v2\/product\/258204","targetHints":{"allow":["GET"]}}],"collection":[{"href":"https:\/\/baldumarket.lt\/lt\/wp-json\/wp\/v2\/product"}],"about":[{"href":"https:\/\/baldumarket.lt\/lt\/wp-json\/wp\/v2\/types\/product"}],"replies":[{"embeddable":true,"href":"https:\/\/baldumarket.lt\/lt\/wp-json\/wp\/v2\/comments?post=258204"}],"wp:featuredmedia":[{"embeddable":true,"href":"https:\/\/baldumarket.lt\/lt\/wp-json\/wp\/v2\/media\/258205"}],"wp:attachment":[{"href":"https:\/\/baldumarket.lt\/lt\/wp-json\/wp\/v2\/media?parent=258204"}],"wp:term":[{"taxonomy":"product_brand","embeddable":true,"href":"https:\/\/baldumarket.lt\/lt\/wp-json\/wp\/v2\/product_brand?post=258204"},{"taxonomy":"product_cat","embeddable":true,"href":"https:\/\/baldumarket.lt\/lt\/wp-json\/wp\/v2\/product_cat?post=258204"},{"taxonomy":"product_tag","embeddable":true,"href":"https:\/\/baldumarket.lt\/lt\/wp-json\/wp\/v2\/product_tag?post=258204"}],"curies":[{"name":"wp","href":"https:\/\/api.w.org\/{rel}","templated":true}]}}