{"id":258200,"date":"2026-01-13T22:25:50","date_gmt":"2026-01-13T19:25:50","guid":{"rendered":"https:\/\/baldumarket.lt\/product\/biurko-narozne-prawe-140-90-space-office-dab-artisan\/"},"modified":"2026-02-11T18:30:10","modified_gmt":"2026-02-11T15:30:10","slug":"biurko-narozne-prawe-140-90-space-office-dab-artisan","status":"publish","type":"product","link":"https:\/\/baldumarket.lt\/lt\/product\/biurko-narozne-prawe-140-90-space-office-dab-artisan\/","title":{"rendered":"De\u0161inysis kampinis stalas 140\/90 BIURAS, amatininkas \u0105\u017euolas"},"content":{"rendered":"<p>140 SPACE OFFICE kampinis stalas \u2013 prakti\u0161ka elegancija j\u016bs\u0173 biurui. Jei ie\u0161kote stalo, kuris ne tik sutalpint\u0173 visus b\u016btiniausius daiktus, bet ir pagerint\u0173 j\u016bs\u0173 erdv\u0119, 140 kampinis stalas puikiai pateisins j\u016bs\u0173 l\u016bkes\u010dius. Tai ne tik baldas biurui, paslaug\u0173 centrui ar nam\u0173 biurui, bet ir i\u0161skirtinis stiliaus elementas, pasi\u017eymintis paprastu, prakti\u0161ku dizainu. D\u0117l savo universalumo jis lengvai prisitaiko prie \u012fvairi\u0173 interjero stili\u0173 \u2013 nuo modernaus iki minimalistinio ir skandinavi\u0161ko. Jis taip pat puikiai dera su lofto stiliaus interjerais, suteikdamas elegancijos. Kaip kampinis stalas, jis idealiai tinka erdv\u0117ms, kur dvi sienos susikerta kampe, tiek biuruose, tiek nam\u0173 biuruose. Stalo laminuotos plok\u0161t\u0117s stalvir\u0161is garantuoja patvarum\u0105 ir didel\u012f atsparum\u0105 \u012fbr\u0117\u017eimams, tod\u0117l stalas i\u0161laiko savo gaivi\u0105 i\u0161vaizd\u0105 net ir intensyviai naudojant. Tvirtos metalin\u0117s kojel\u0117s ne tik suteikia jam modernumo, bet ir u\u017etikrina stabilum\u0105. Reguliuojamos kojel\u0117s prisitaiko prie nelygi\u0173 grind\u0173, pa\u0161alindamos bet kok\u012f galim\u0105 nestabilum\u0105. Patraukli nat\u016bralios medienos spalva stalvir\u0161iui suteikia \u0161ilt\u0105 ir jauk\u0173 poj\u016bt\u012f, o juodos kojel\u0117s \u2013 kontrast\u0105 ir modernum\u0105. Stalvir\u0161io matmenys (140 x 75,5 cm) suteikia daug pavir\u0161iaus ploto efektyviam darbui, o apa\u010dioje lieka tu\u0161\u010dios vietos patogiam s\u0117d\u0117jimui. Stalas puikiai dera su kitais pana\u0161aus med\u017eio atspalvio biuro baldais, sukurdamas darni\u0105 visum\u0105. Tu\u0161\u010dia erdv\u0117 po stalvir\u0161iu ne tik suteikia lengvumo, bet ir leid\u017eia lanks\u010diai i\u0161d\u0117styti k\u0117d\u0119 ar fotel\u012f, taip padidinant komfort\u0105 dirbant. Trumpai tariant, kampinis stalas 140 yra ne tik baldas; tai dekoratyvinis elementas, suteikiantis j\u016bs\u0173 biurui funkcionalumo ir elegancijos. Tegul \u0161is stalas tampa j\u016bs\u0173 darbo vietos traukos centru, suteikian\u010diu charakterio ir patogios estetikos.<\/p>\n<p>Prek\u0117s kodas S479-BIU\/140\/90\/A\/P-DASN Simbolis ZM EAN Ilgis 140 cm Plotis 90 cm Auk\u0161tis 75,5 cm Kolekcija Erdv\u0117 Biuras Spalva meni\u0161kas \u0105\u017euolas Atspalvis \u0161viesi mediena Stilius modernus Med\u017eiaga laminatas Dur\u0173 skai\u010dius be dur\u0173 Stal\u010di\u0173 skai\u010dius be stal\u010di\u0173 Gamintojas Juoda Raudona Balta Bald\u0173 tipas Ra\u0161omieji stalai PVM mokestis 23% EAN 5906123707329<\/p>","protected":false},"excerpt":{"rendered":"<p>140 SPACE OFFICE kampinis stalas \u2013 prakti\u0161ka elegancija j\u016bs\u0173 biurui. Jei ie\u0161kote stalo, kuris ne tik sutalpint\u0173 visus b\u016btiniausius daiktus, bet ir pagerint\u0173 j\u016bs\u0173 erdv\u0119, 140 kampinis stalas puikiai pateisins j\u016bs\u0173 l\u016bkes\u010dius. Tai ne tik baldas biurui, aptarnavimo centrui ar nam\u0173 biurui, bet ir [\u2026]<\/p>","protected":false},"featured_media":258201,"comment_status":"open","ping_status":"open","template":"","meta":[],"product_brand":[],"product_cat":[9200,1312],"product_tag":[],"class_list":{"0":"post-258200","1":"product","2":"type-product","3":"status-publish","4":"has-post-thumbnail","6":"product_cat-black-red-white","7":"product_cat-desks","9":"first","10":"instock","11":"purchasable","12":"product-type-simple"},"_links":{"self":[{"href":"https:\/\/baldumarket.lt\/lt\/wp-json\/wp\/v2\/product\/258200","targetHints":{"allow":["GET"]}}],"collection":[{"href":"https:\/\/baldumarket.lt\/lt\/wp-json\/wp\/v2\/product"}],"about":[{"href":"https:\/\/baldumarket.lt\/lt\/wp-json\/wp\/v2\/types\/product"}],"replies":[{"embeddable":true,"href":"https:\/\/baldumarket.lt\/lt\/wp-json\/wp\/v2\/comments?post=258200"}],"wp:featuredmedia":[{"embeddable":true,"href":"https:\/\/baldumarket.lt\/lt\/wp-json\/wp\/v2\/media\/258201"}],"wp:attachment":[{"href":"https:\/\/baldumarket.lt\/lt\/wp-json\/wp\/v2\/media?parent=258200"}],"wp:term":[{"taxonomy":"product_brand","embeddable":true,"href":"https:\/\/baldumarket.lt\/lt\/wp-json\/wp\/v2\/product_brand?post=258200"},{"taxonomy":"product_cat","embeddable":true,"href":"https:\/\/baldumarket.lt\/lt\/wp-json\/wp\/v2\/product_cat?post=258200"},{"taxonomy":"product_tag","embeddable":true,"href":"https:\/\/baldumarket.lt\/lt\/wp-json\/wp\/v2\/product_tag?post=258200"}],"curies":[{"name":"wp","href":"https:\/\/api.w.org\/{rel}","templated":true}]}}