{"id":258192,"date":"2026-01-13T22:25:44","date_gmt":"2026-01-13T19:25:44","guid":{"rendered":"https:\/\/baldumarket.lt\/product\/biurko-narozne-na-stelazu-nevada-158x184-cm-z-3-szufladami-i-polka-dab-flagstaff-ciemny\/"},"modified":"2026-02-11T18:30:10","modified_gmt":"2026-02-11T15:30:10","slug":"biurko-narozne-na-stelazu-nevada-158x184-cm-z-3-szufladami-i-polka-dab-flagstaff-ciemny","status":"publish","type":"product","link":"https:\/\/baldumarket.lt\/lt\/product\/biurko-narozne-na-stelazu-nevada-158x184-cm-z-3-szufladami-i-polka-dab-flagstaff-ciemny\/","title":{"rendered":"Nevada kampinis ra\u0161omasis stalas ant r\u0117mo 158&#215;184 cm su 3 stal\u010diais ir lentyna, tamsaus v\u0117liavos stiebo \u0105\u017euolo spalvos"},"content":{"rendered":"<p>Nevada stalas \u2013 patogi darbo vieta. Kampinis Nevada stalas, kurio matmenys 158,5 x 184 x 76 cm, yra puikus sprendimas \u017emon\u0117ms, kurie vertina modern\u0173 dizain\u0105 ir funkcionalum\u0105, tuo pa\u010diu maksimaliai i\u0161naudodami naudojam\u0105 erdv\u0119 biure ar nam\u0173 biure. D\u0117l erdvaus dizaino ir funkcini\u0173 pried\u0173, toki\u0173 kaip trys stal\u010diai ir lentyna, stalas suteikia daug vietos dokumentams, biuro reikmenims ir kitiems b\u016btiniems daiktams. Nevada stalo ypatyb\u0117s: kampinis stalas, kurio matmenys 158,5 x 184 cm, maksimaliai padidina darbo erdv\u0119. Patvarus stalvir\u0161is, kurio matmenys 184 x 76 cm. Atspari \u012fbr\u0117\u017eimams laminuota plok\u0161t\u0117, u\u017etikrinanti patvarum\u0105 ir lengv\u0105 valym\u0105. Trys erdv\u016bs stal\u010diai ir lentyna suteikia daug vietos biuro reikmenims laikyti. Prakti\u0161ka stalvir\u0161io anga palengvina laid\u0173 ir kabeli\u0173 sutvarkym\u0105. Priekiniai stalvir\u0161iai su lakuotu, gr\u016bdintu \u0161ilko pilkos spalvos stiklu, kuris suteikia interjerui eleganti\u0161k\u0105, modern\u0173 vaizd\u0105. Stalvir\u0161is ir spintel\u0117s korpusas \u2013 tamsaus v\u0117liavos spalvos \u0105\u017euolo. Tvirtos metalin\u0117s kojel\u0117s i\u0161 \u0161lifuoto nikelio, suteikian\u010dios industrin\u012f charakter\u012f ir padidinan\u010dios patvarum\u0105. Stabilumas ir ilgaam\u017ei\u0161kumas. Stalo kojos, pagamintos i\u0161 \u0161lifuoto nikelio metalo, u\u017etikrina tvirtum\u0105 ir ilgaam\u017ei\u0161kum\u0105, kartu suteikdamos visai konstrukcijai lengvumo ir modernumo. Koj\u0173 dizainas garantuoja stabilum\u0105, tod\u0117l stalas idealiai tinka intensyviam darbui, mokymuisi ar kasdieniam naudojimui. Metaliniai elementai suteikia industrin\u012f akcent\u0105, tod\u0117l tinka modernioms biuro ir nam\u0173 erdv\u0117ms. Stilius ir funkcionalumas biure: kampinis stalas \u201eNevada\u201c si\u016blo ne tik funkcionalum\u0105, bet ir estetik\u0105, kuri puikiai papildys bet kok\u012f interjer\u0105. Erdvus stalvir\u0161is ir prakti\u0161ki stal\u010diai bei lentyna idealiai tinka darbui, mokymuisi ir biuro erdv\u0117s tvarkymui. Tiems, kurie vertina eleganti\u0161k\u0105 stili\u0173 ir maksimal\u0173 erdv\u0117s i\u0161naudojim\u0105, \u201eNevada\u201c stalas yra pasirinkimas, kuris \u012fne\u0161a harmonijos ir komforto \u012f bet kok\u012f interjer\u0105. Santrauka: \u201eNevada\u201c stalas derina modern\u0173 dizain\u0105 su prakti\u0161kais sprendimais, kurie puikiai atitinka \u0161iuolaikinio vartotojo poreikius. Jo gerai apgalvotas dizainas, erdvumas ir patvarios med\u017eiagos daro j\u012f puikiu pasirinkimu biurui, darbo erdvei ar studij\u0173 erdvei. \u201eNevada\u201c stalas pasi\u017eymi ir funkcionalumu, ir estetika, tarnaudamas kaip nepakei\u010diamas baldas, kuris suteiks elegancijos ir komforto bet kokiam interjerui.<\/p>\n<p>Prek\u0117s kodas S599-BIU3S-DFC Ilgis 184 cm Plotis 158,5 cm Gylis 76 cm Auk\u0161tis 77 cm Kolekcija Nevada Spalva tamsus v\u0117liav\u0117l\u0117s formos \u0105\u017euolas \u0160e\u0161\u0117lis tamsus medis Stilius modernus Med\u017eiaga laminatas\/metalas Dureli\u0173 skai\u010dius be dur\u0173 Stal\u010di\u0173 skai\u010dius 3 stal\u010diai Rankena su rankenomis Gamintojas Juoda Raudona Balta Baldo tipas Ra\u0161omieji stalai PVM 23% EAN 5906123049627<\/p>","protected":false},"excerpt":{"rendered":"<p>Nevada desk \u2013 a comfortable place to workThe Nevada corner desk with dimensions of 158.5x184x76 cm is a perfect solution for people who value modern design and functionality, while maximizing usable space in the office or home office. Thanks to its spacious design and functional additions, such as three drawers and a shelf, the desk [&hellip;]<\/p>","protected":false},"featured_media":258193,"comment_status":"open","ping_status":"open","template":"","meta":[],"product_brand":[],"product_cat":[9200,1312],"product_tag":[],"class_list":{"0":"post-258192","1":"product","2":"type-product","3":"status-publish","4":"has-post-thumbnail","6":"product_cat-black-red-white","7":"product_cat-desks","9":"first","10":"instock","11":"purchasable","12":"product-type-simple"},"_links":{"self":[{"href":"https:\/\/baldumarket.lt\/lt\/wp-json\/wp\/v2\/product\/258192","targetHints":{"allow":["GET"]}}],"collection":[{"href":"https:\/\/baldumarket.lt\/lt\/wp-json\/wp\/v2\/product"}],"about":[{"href":"https:\/\/baldumarket.lt\/lt\/wp-json\/wp\/v2\/types\/product"}],"replies":[{"embeddable":true,"href":"https:\/\/baldumarket.lt\/lt\/wp-json\/wp\/v2\/comments?post=258192"}],"wp:featuredmedia":[{"embeddable":true,"href":"https:\/\/baldumarket.lt\/lt\/wp-json\/wp\/v2\/media\/258193"}],"wp:attachment":[{"href":"https:\/\/baldumarket.lt\/lt\/wp-json\/wp\/v2\/media?parent=258192"}],"wp:term":[{"taxonomy":"product_brand","embeddable":true,"href":"https:\/\/baldumarket.lt\/lt\/wp-json\/wp\/v2\/product_brand?post=258192"},{"taxonomy":"product_cat","embeddable":true,"href":"https:\/\/baldumarket.lt\/lt\/wp-json\/wp\/v2\/product_cat?post=258192"},{"taxonomy":"product_tag","embeddable":true,"href":"https:\/\/baldumarket.lt\/lt\/wp-json\/wp\/v2\/product_tag?post=258192"}],"curies":[{"name":"wp","href":"https:\/\/api.w.org\/{rel}","templated":true}]}}