{"id":258184,"date":"2026-01-13T22:25:39","date_gmt":"2026-01-13T19:25:39","guid":{"rendered":"https:\/\/baldumarket.lt\/product\/biurko-narozne-na-metalowym-stelazu-office-lux-jasny-szary\/"},"modified":"2026-02-11T18:30:10","modified_gmt":"2026-02-11T15:30:10","slug":"biurko-narozne-na-metalowym-stelazu-office-lux-jasny-szary","status":"publish","type":"product","link":"https:\/\/baldumarket.lt\/lt\/product\/biurko-narozne-na-metalowym-stelazu-office-lux-jasny-szary\/","title":{"rendered":"OFFICE LUX \u0161viesiai pilkas kampinis stalas su metaliniu r\u0117mu"},"content":{"rendered":"<p>Kampinis stalas \u201eOffice Lux\u201cKampinis stalas i\u0161 \u201eOffice Lux\u201c kolekcijos yra puikus sprendimas dideliam biurui, derinantis estetik\u0105 su funkcionalumu, tod\u0117l puikiai tinka modernioms biuro erdv\u0117ms. Jei standartiniai stalvir\u0161iai atrodo per trumpi, \u201eOffice Lux\u201c kampinis stalas si\u016blo erdvi\u0105 darbo viet\u0105. Ilgi stalvir\u0161iai leid\u017eia vienu metu dirbti rankiniu b\u016bdu ir kompiuteriu, o papildomos vietos lieka stalinei lempai ir b\u016btiniausiems biuro reikmenims. Stalvir\u0161is ir galin\u0117 panel\u0117 yra \u0161viesiai pilkos spalvos, tod\u0117l, nepaisant \u012fsp\u016bding\u0173 matmen\u0173, kampinis stalvir\u0161is neu\u017ego\u017eia kambario ir atrodo maloniai moderniai. Prakti\u0161kas kabelio i\u0161vadas leid\u017eia efektyviai valdyti ne\u0161iojamojo kompiuterio ar lempos laidus, taip padedant i\u0161laikyti tvark\u0105 ant stalo. Stalo stabilum\u0105 u\u017etikrina storesnis stalvir\u0161is, tvirtas chromuotas plieninis r\u0117mas ir galin\u0117s panel\u0117s, tod\u0117l darbo vieta yra ne tik funkcionali, bet ir patvari. Naudodami \u201eOffice Lux\u201c kolekcij\u0105, galite sukurti ergonomi\u0161k\u0105 erdv\u0119 savo biure, naudodami stal\u0105, mobili\u0105 komod\u0105 ir lentyn\u0173 komplekt\u0105, kad gal\u0117tum\u0117te m\u0117gautis i\u0161samiu ir harmoningu biuro i\u0161d\u0117stymu.<\/p>\n<p>Prek\u0117s kodas S363-BIU\/223\/170-JSZ Simbolis ZM EAN Ilgis 223 cm Plotis 170 cm Auk\u0161tis 77 cm Kolekcija Office Lux Spalva \u0161viesiai pilka Pilka atspalvis Stilius modernus Med\u017eiaga laminatas Dur\u0173 skai\u010dius be dur\u0173 Stal\u010di\u0173 skai\u010dius be stal\u010di\u0173 Gamintojas Juoda Raudona Balta Bald\u0173 tipas Ra\u0161omieji stalai PVM Mokestis 23% EAN 5906123927000<\/p>","protected":false},"excerpt":{"rendered":"<p>Kampinis stalas \u201eOffice Lux\u201cKampinis stalas i\u0161 \u201eOffice Lux\u201c kolekcijos yra puikus sprendimas dideliam biurui, derinantis estetik\u0105 su funkcionalumu, tod\u0117l puikiai tinka modernioms biuro erdv\u0117ms. Jei standartiniai stalvir\u0161iai atrodo per trumpi, \u201eOffice Lux\u201c kampinis stalas si\u016blo erdvi\u0105 darbo viet\u0105. Ilgi stalvir\u0161iai leid\u017eia vienu metu dirbti rankomis [\u2026]<\/p>","protected":false},"featured_media":258185,"comment_status":"open","ping_status":"open","template":"","meta":[],"product_brand":[],"product_cat":[9200,1312],"product_tag":[],"class_list":{"0":"post-258184","1":"product","2":"type-product","3":"status-publish","4":"has-post-thumbnail","6":"product_cat-black-red-white","7":"product_cat-desks","9":"first","10":"instock","11":"purchasable","12":"product-type-simple"},"_links":{"self":[{"href":"https:\/\/baldumarket.lt\/lt\/wp-json\/wp\/v2\/product\/258184","targetHints":{"allow":["GET"]}}],"collection":[{"href":"https:\/\/baldumarket.lt\/lt\/wp-json\/wp\/v2\/product"}],"about":[{"href":"https:\/\/baldumarket.lt\/lt\/wp-json\/wp\/v2\/types\/product"}],"replies":[{"embeddable":true,"href":"https:\/\/baldumarket.lt\/lt\/wp-json\/wp\/v2\/comments?post=258184"}],"wp:featuredmedia":[{"embeddable":true,"href":"https:\/\/baldumarket.lt\/lt\/wp-json\/wp\/v2\/media\/258185"}],"wp:attachment":[{"href":"https:\/\/baldumarket.lt\/lt\/wp-json\/wp\/v2\/media?parent=258184"}],"wp:term":[{"taxonomy":"product_brand","embeddable":true,"href":"https:\/\/baldumarket.lt\/lt\/wp-json\/wp\/v2\/product_brand?post=258184"},{"taxonomy":"product_cat","embeddable":true,"href":"https:\/\/baldumarket.lt\/lt\/wp-json\/wp\/v2\/product_cat?post=258184"},{"taxonomy":"product_tag","embeddable":true,"href":"https:\/\/baldumarket.lt\/lt\/wp-json\/wp\/v2\/product_tag?post=258184"}],"curies":[{"name":"wp","href":"https:\/\/api.w.org\/{rel}","templated":true}]}}