{"id":258157,"date":"2026-01-13T22:25:13","date_gmt":"2026-01-13T19:25:13","guid":{"rendered":"https:\/\/baldumarket.lt\/product\/biurko-na-stelazu-nevada-180-cm-dab-flagstaff-ciemny\/"},"modified":"2026-02-11T18:30:11","modified_gmt":"2026-02-11T15:30:11","slug":"biurko-na-stelazu-nevada-180-cm-dab-flagstaff-ciemny","status":"publish","type":"product","link":"https:\/\/baldumarket.lt\/lt\/product\/biurko-na-stelazu-nevada-180-cm-dab-flagstaff-ciemny\/","title":{"rendered":"Nevada 180 cm r\u0117minis stalas, tamsaus \u0105\u017euolo spalvos"},"content":{"rendered":"<p>\u201eNevada\u201c stalas \u2013 dizainas ir funkcionalumas biure. \u201eNevada\u201c stalas i\u0161 tamsaus \u201eFlagstaff Oak\u201c spalvos \u2013 puikus sprendimas ie\u0161kantiems stiling\u0173 ir funkcionali\u0173 bald\u0173 biurui ar namams. Sukurtas atsi\u017evelgiant \u012f estetik\u0105 ir ergonomik\u0105, \u201eNevada\u201c stalas suteikia darbo viet\u0105, kurioje skatinamas patogus darbas, o patvarios med\u017eiagos u\u017etikrina ilgaam\u017ei\u0161kum\u0105. \u201eNevada\u201c stalo ypatyb\u0117s: erdvus 180 x 76 cm stalvir\u0161is suteikia patog\u0173 darbo pavir\u0161i\u0173. \u012ebr\u0117\u017eimams atsparus laminuotas stalvir\u0161is leid\u017eia lengvai j\u012f valyti ir pri\u017ei\u016br\u0117ti. Prakti\u0161kas ply\u0161ys stalvir\u0161yje leid\u017eia lengvai valdyti laidus. Tvirtos \u0161lifuoto nikelio metalo kojel\u0117s suteikia industrin\u012f poj\u016bt\u012f ir padidina patvarum\u0105. Stalvir\u0161io spalva: tamsus \u201eFlagstaff Oak\u201c. Galima paversti kampiniu stalu naudojant pasirenkam\u0105 jungt\u012f. \u201eNevada\u201c kolekcijos dalis, leid\u017eianti sukurti darni\u0105 ir eleganti\u0161k\u0105 biuro erdv\u0119. Stabilumas ir patvarumas: tvirtos stalo kojel\u0117s, pagamintos i\u0161 \u0161lifuoto nikelio metalo, garantuoja stabilum\u0105 ir patvarum\u0105. Nikeliuot\u0173 koj\u0173 pramoninis pob\u016bdis puikiai dera su moderniomis biuro erdv\u0117mis, suteikia stiliaus ir charakterio. \u0160ios med\u017eiagos pasirinkimas u\u017etikrina, kad stalas yra patvarus ir paruo\u0161tas ilgalaikiam, intensyviam naudojimui. Stilius ir funkcionalumas biure: \u201eNevada\u201c stalas yra \u201eNevada\u201c biuro bald\u0173 kolekcijos, kurioje dera estetika ir funkcionalumas, dalis. Puikiai tinkantis tiek darbui, tiek studijoms, \u201eNevada\u201c stalas yra patrauklus bet kokio interjero papildymas. Tai puikus pasirinkimas tiems, kurie vertina elegancij\u0105, paprastum\u0105 ir prakti\u0161kus sprendimus savo darbo vietoje. Santrauka: \u201eNevada\u201c stalas yra puikus pasirinkimas tiems, kurie vertina komfort\u0105, stili\u0173 ir ilgaam\u017ei\u0161kum\u0105. D\u0117l modernaus dizaino, funkcionalumo ir tvirtos konstrukcijos tai baldas, kuris ne tik palengvina kasdien\u012f darb\u0105, bet ir suteikia elegancijos bet kokiam interjerui. Su \u201eNevada\u201c stalu galite sukurti erdv\u0119, kuri skatina susikaupim\u0105 ir esteti\u0161kai papildo j\u016bs\u0173 biur\u0105 ar nam\u0173 biur\u0105.<\/p>\n<p>Prek\u0117s kodas S599-BIU\/180-DFC Ilgis 180 cm Gylis 76 cm Auk\u0161tis 77 cm Kolekcija Nevada Spalva tamsus v\u0117liav\u0117l\u0117s formos \u0105\u017euolas Atspalvis tamsus medis Stilius modernus Med\u017eiaga laminatas\/metalas Dureli\u0173 skai\u010dius be dur\u0173 Stal\u010di\u0173 skai\u010dius be stal\u010di\u0173 Gamintojas Juoda Raudona Balta Bald\u0173 tipas Ra\u0161omieji stalai PVM mokestis 23% EAN 5906123049597<\/p>","protected":false},"excerpt":{"rendered":"<p>Nevada Desk \u2013 Design and Functionality in the OfficeThe Nevada Desk in Dark Flagstaff Oak is the perfect solution for those looking for stylish and functional furniture for the office or home office. Designed with aesthetics and ergonomics in mind, the Nevada desk offers a workspace that promotes comfortable work, along with durable materials that [&hellip;]<\/p>","protected":false},"featured_media":258158,"comment_status":"open","ping_status":"open","template":"","meta":[],"product_brand":[],"product_cat":[9200,1312],"product_tag":[],"class_list":{"0":"post-258157","1":"product","2":"type-product","3":"status-publish","4":"has-post-thumbnail","6":"product_cat-black-red-white","7":"product_cat-desks","9":"first","10":"instock","11":"purchasable","12":"product-type-simple"},"_links":{"self":[{"href":"https:\/\/baldumarket.lt\/lt\/wp-json\/wp\/v2\/product\/258157","targetHints":{"allow":["GET"]}}],"collection":[{"href":"https:\/\/baldumarket.lt\/lt\/wp-json\/wp\/v2\/product"}],"about":[{"href":"https:\/\/baldumarket.lt\/lt\/wp-json\/wp\/v2\/types\/product"}],"replies":[{"embeddable":true,"href":"https:\/\/baldumarket.lt\/lt\/wp-json\/wp\/v2\/comments?post=258157"}],"wp:featuredmedia":[{"embeddable":true,"href":"https:\/\/baldumarket.lt\/lt\/wp-json\/wp\/v2\/media\/258158"}],"wp:attachment":[{"href":"https:\/\/baldumarket.lt\/lt\/wp-json\/wp\/v2\/media?parent=258157"}],"wp:term":[{"taxonomy":"product_brand","embeddable":true,"href":"https:\/\/baldumarket.lt\/lt\/wp-json\/wp\/v2\/product_brand?post=258157"},{"taxonomy":"product_cat","embeddable":true,"href":"https:\/\/baldumarket.lt\/lt\/wp-json\/wp\/v2\/product_cat?post=258157"},{"taxonomy":"product_tag","embeddable":true,"href":"https:\/\/baldumarket.lt\/lt\/wp-json\/wp\/v2\/product_tag?post=258157"}],"curies":[{"name":"wp","href":"https:\/\/api.w.org\/{rel}","templated":true}]}}