{"id":258153,"date":"2026-01-13T22:25:09","date_gmt":"2026-01-13T19:25:09","guid":{"rendered":"https:\/\/baldumarket.lt\/product\/biurko-na-stelazu-nevada-150-cm-biale\/"},"modified":"2026-02-11T18:30:11","modified_gmt":"2026-02-11T15:30:11","slug":"biurko-na-stelazu-nevada-150-cm-biale","status":"publish","type":"product","link":"https:\/\/baldumarket.lt\/lt\/product\/biurko-na-stelazu-nevada-150-cm-biale\/","title":{"rendered":"Nevada 150 cm balto r\u0117mo ra\u0161omasis stalas"},"content":{"rendered":"<p>Nevada stalas \u2013 modernus biuro dizainas. Baltas Nevada stalas \u2013 puikus sprendimas ie\u0161kantiems stiling\u0173 ir funkcionali\u0173 bald\u0173 savo biurui ar nam\u0173 biurui. Sukurtas atsi\u017evelgiant \u012f estetik\u0105 ir ergonomik\u0105, Nevada stalas suteikia darbo viet\u0105, kuri skatina patog\u0173 darb\u0105, o patvarios med\u017eiagos u\u017etikrina ilgaam\u017ei\u0161kum\u0105. Nevada stalo ypatyb\u0117s: erdvus 150 x 76 cm stalvir\u0161is suteikia patog\u0173 darbo pavir\u0161i\u0173. \u012ebr\u0117\u017eimams atsparus laminuotas stalvir\u0161is leid\u017eia lengvai valyti ir pri\u017ei\u016br\u0117ti. Prakti\u0161ka i\u0161pjova stalvir\u0161yje palengvina laid\u0173 valdym\u0105. Tvirtos \u0161lifuoto nikelio metalo kojel\u0117s suteikia industrin\u012f akcent\u0105 ir padidina patvarum\u0105. Balta stalvir\u0161io spalva. Galima paversti kampiniu stalu naudojant pasirenkam\u0105 jungt\u012f. Nevada kolekcijos dalis, leid\u017eianti sukurti darn\u0173 ir eleganti\u0161k\u0105 biuro interjer\u0105. Stabilumas ir ilgaam\u017ei\u0161kumas: tvirtos stalo kojel\u0117s, pagamintos i\u0161 \u0161lifuoto nikelio metalo, garantuoja stabilum\u0105 ir ilgaam\u017ei\u0161kum\u0105. Nikeliuot\u0173 koj\u0173 pramoninis pob\u016bdis puikiai dera prie modernaus biuro interjero, suteikdamas stiliaus ir charakterio. \u0160ios med\u017eiagos pasirinkimas u\u017etikrina, kad stalas yra patvarus ir paruo\u0161tas ilgalaikiam intensyviam naudojimui. Stilius ir funkcionalumas biure: \u201eNevada\u201c stalas yra \u201eNevada\u201c biuro bald\u0173 kolekcijos, kurioje dera estetika ir funkcionalumas, dalis. Puikiai tinkantis tiek darbui, tiek studijoms, \u201eNevada\u201c stalas yra patrauklus bet kokio interjero papildymas. Tai puikus pasirinkimas tiems, kurie vertina elegancij\u0105, paprastum\u0105 ir prakti\u0161kus sprendimus savo darbo vietoje. Santrauka: \u201eNevada\u201c stalas yra puikus pasirinkimas tiems, kurie vertina komfort\u0105, stili\u0173 ir ilgaam\u017ei\u0161kum\u0105. D\u0117l modernaus dizaino, funkcionalumo ir tvirtos konstrukcijos tai baldas, kuris ne tik palengvina kasdien\u012f darb\u0105, bet ir suteikia elegancijos bet kokiam interjerui. Su \u201eNevada\u201c stalu galite sukurti erdv\u0119, kuri skatina susikaupim\u0105 ir esteti\u0161kai papildo j\u016bs\u0173 biur\u0105 ar nam\u0173 biur\u0105.<\/p>\n<p>Prek\u0117s kodas S599-BIU_150-BI Ilgis 150 cm Gylis 76 cm Auk\u0161tis 77 cm Kolekcija Nevada Spalva balta Atspalvis balta Stilius modernus Med\u017eiaga laminatas\/metalas Dureli\u0173 skai\u010dius be dur\u0173 Stal\u010di\u0173 skai\u010dius be stal\u010di\u0173 Gamintojas Juoda Raudona Balta Baldo tipas Ra\u0161omieji stalai PVM mokestis 23%<\/p>","protected":false},"excerpt":{"rendered":"<p>Nevada Desk \u2013 Modern Office Design. The white Nevada desk is the perfect solution for those seeking stylish and functional furniture for their office or home office. Designed with aesthetics and ergonomics in mind, the Nevada desk offers a workspace that promotes comfortable work, along with durable materials that ensure its longevity. Special Features of [&hellip;]<\/p>","protected":false},"featured_media":258154,"comment_status":"open","ping_status":"open","template":"","meta":[],"product_brand":[],"product_cat":[9200,1312],"product_tag":[],"class_list":{"0":"post-258153","1":"product","2":"type-product","3":"status-publish","4":"has-post-thumbnail","6":"product_cat-black-red-white","7":"product_cat-desks","9":"first","10":"instock","11":"purchasable","12":"product-type-simple"},"_links":{"self":[{"href":"https:\/\/baldumarket.lt\/lt\/wp-json\/wp\/v2\/product\/258153","targetHints":{"allow":["GET"]}}],"collection":[{"href":"https:\/\/baldumarket.lt\/lt\/wp-json\/wp\/v2\/product"}],"about":[{"href":"https:\/\/baldumarket.lt\/lt\/wp-json\/wp\/v2\/types\/product"}],"replies":[{"embeddable":true,"href":"https:\/\/baldumarket.lt\/lt\/wp-json\/wp\/v2\/comments?post=258153"}],"wp:featuredmedia":[{"embeddable":true,"href":"https:\/\/baldumarket.lt\/lt\/wp-json\/wp\/v2\/media\/258154"}],"wp:attachment":[{"href":"https:\/\/baldumarket.lt\/lt\/wp-json\/wp\/v2\/media?parent=258153"}],"wp:term":[{"taxonomy":"product_brand","embeddable":true,"href":"https:\/\/baldumarket.lt\/lt\/wp-json\/wp\/v2\/product_brand?post=258153"},{"taxonomy":"product_cat","embeddable":true,"href":"https:\/\/baldumarket.lt\/lt\/wp-json\/wp\/v2\/product_cat?post=258153"},{"taxonomy":"product_tag","embeddable":true,"href":"https:\/\/baldumarket.lt\/lt\/wp-json\/wp\/v2\/product_tag?post=258153"}],"curies":[{"name":"wp","href":"https:\/\/api.w.org\/{rel}","templated":true}]}}