{"id":258149,"date":"2026-01-13T22:25:06","date_gmt":"2026-01-13T19:25:06","guid":{"rendered":"https:\/\/baldumarket.lt\/product\/biurko-na-metalowym-stelazu-office-lux-160-cm-jasny-szary\/"},"modified":"2026-02-11T18:30:11","modified_gmt":"2026-02-11T15:30:11","slug":"biurko-na-metalowym-stelazu-office-lux-160-cm-jasny-szary","status":"publish","type":"product","link":"https:\/\/baldumarket.lt\/lt\/product\/biurko-na-metalowym-stelazu-office-lux-160-cm-jasny-szary\/","title":{"rendered":"OFFICE LUX stalas su metaliniu r\u0117mu, 160 cm, \u0161viesiai pilkas"},"content":{"rendered":"<p>\u201eOffice Lux\u201c 160 cm stalas. \u0160is \u201eOffice Lux\u201c kolekcijos stalas yra puikus darbo centras, idealiai atitinkantis modernaus biuro poreikius. Paprastas kolekcijos dizainas ir \u012fvair\u016bs moduliai leid\u017eia efektyviai organizuoti mokymosi ir darbo erdv\u0119. \u201eOffice Lux\u201c stalas yra esminis bet kurio biuro elementas, turintis 160 cm ilgio stalvir\u0161\u012f, puikiai tinkant\u012f ne\u0161iojamam kompiuteriui ir stalinei lempai. Prakti\u0161ka anga kair\u0117je stalvir\u0161io pus\u0117je leid\u017eia efektyviai valdyti laidus. Prislopinta \u0161viesiai pilka spalv\u0173 schema skatina susikaupim\u0105 mokymosi ir darbo erdv\u0117je, suteikdama interjerui eleganti\u0161k\u0105 i\u0161vaizd\u0105. Tvirt\u0105 stalo atram\u0105 ir stabilum\u0105 garantuoja galin\u0117 plok\u0161t\u0117 ir chromu lakuotas plieninis r\u0117mas. D\u0117l tokio r\u0117mo dizaino darbo vieta atrodo vizualiai lengvesn\u0117. \u201eOffice Lux\u201c stal\u0105 galima pastatyti prie sienos arba kambario centre d\u0117l esteti\u0161kai patrauklios nugar\u0117l\u0117s. Stalo ir kit\u0173 \u201eOffice Lux\u201c kolekcijos moduli\u0173 prakti\u0161kumas daro juos puikiu pasirinkimu norint sukurti patog\u0173 biur\u0105, tenkinant\u012f tiek funkcinius, tiek estetinius poreikius.<\/p>\n<p>Prek\u0117s kodas S363-BIU\/160\/73-JSZ Simbolis ZM EAN Ilgis 160 cm Plotis 73 cm Auk\u0161tis 77 cm Kolekcija Office Lux Spalva \u0161viesiai pilka Pilkas atspalvis Stilius modernus Med\u017eiaga laminatas Dur\u0173 skai\u010dius be dur\u0173 Stal\u010di\u0173 skai\u010dius be stal\u010di\u0173 Gamintojas Juoda Raudona Balta Bald\u0173 tipas Ra\u0161omieji stalai PVM Mokestis 23% EAN 5906123926980<\/p>","protected":false},"excerpt":{"rendered":"<p>Office Lux 160 cm Desk. This desk from the Office Lux collection is the perfect work center, perfectly suited to the needs of a modern office. The collection&#8217;s simple design and diverse modules allow for efficient organization of study and work space. The Office Lux desk is an essential element of any office, offering a [&hellip;]<\/p>","protected":false},"featured_media":258150,"comment_status":"open","ping_status":"open","template":"","meta":[],"product_brand":[],"product_cat":[9200,1312],"product_tag":[],"class_list":{"0":"post-258149","1":"product","2":"type-product","3":"status-publish","4":"has-post-thumbnail","6":"product_cat-black-red-white","7":"product_cat-desks","9":"first","10":"instock","11":"purchasable","12":"product-type-simple"},"_links":{"self":[{"href":"https:\/\/baldumarket.lt\/lt\/wp-json\/wp\/v2\/product\/258149","targetHints":{"allow":["GET"]}}],"collection":[{"href":"https:\/\/baldumarket.lt\/lt\/wp-json\/wp\/v2\/product"}],"about":[{"href":"https:\/\/baldumarket.lt\/lt\/wp-json\/wp\/v2\/types\/product"}],"replies":[{"embeddable":true,"href":"https:\/\/baldumarket.lt\/lt\/wp-json\/wp\/v2\/comments?post=258149"}],"wp:featuredmedia":[{"embeddable":true,"href":"https:\/\/baldumarket.lt\/lt\/wp-json\/wp\/v2\/media\/258150"}],"wp:attachment":[{"href":"https:\/\/baldumarket.lt\/lt\/wp-json\/wp\/v2\/media?parent=258149"}],"wp:term":[{"taxonomy":"product_brand","embeddable":true,"href":"https:\/\/baldumarket.lt\/lt\/wp-json\/wp\/v2\/product_brand?post=258149"},{"taxonomy":"product_cat","embeddable":true,"href":"https:\/\/baldumarket.lt\/lt\/wp-json\/wp\/v2\/product_cat?post=258149"},{"taxonomy":"product_tag","embeddable":true,"href":"https:\/\/baldumarket.lt\/lt\/wp-json\/wp\/v2\/product_tag?post=258149"}],"curies":[{"name":"wp","href":"https:\/\/api.w.org\/{rel}","templated":true}]}}