{"id":258142,"date":"2026-01-13T22:25:01","date_gmt":"2026-01-13T19:25:01","guid":{"rendered":"https:\/\/baldumarket.lt\/product\/biurko-na-metalowym-stelazu-brw-office-150-cm-dab-sonoma\/"},"modified":"2026-02-11T18:30:11","modified_gmt":"2026-02-11T15:30:11","slug":"biurko-na-metalowym-stelazu-brw-office-150-cm-dab-sonoma","status":"publish","type":"product","link":"https:\/\/baldumarket.lt\/lt\/product\/biurko-na-metalowym-stelazu-brw-office-150-cm-dab-sonoma\/","title":{"rendered":"BRW OFFICE stalas su metaliniu r\u0117mu, 150 cm, Sonoma \u0105\u017euolas"},"content":{"rendered":"<p>BRW biuro stalas \u2013 paruo\u0161tas darbui kiekvien\u0105 dien\u0105. BRW biuro kolekcijos stalas \u2013 tai modernus ir funkcionalus sprendimas biuro erdvei \u012frengti. \u0160ios serijos baldai leid\u017eia susikurti patogi\u0105 darbo viet\u0105. Stalas yra biuro pagrindinis elementas, si\u016blantis patog\u0173 150 cm stalvir\u0161\u012f, idealiai tinkant\u012f kasdien\u0117ms u\u017eduotims ir planavimui. Galin\u0117 sienel\u0117 ir aliuminio r\u0117mas suteikia tvirt\u0105 atram\u0105, u\u017etikrinant\u012f stabilum\u0105. Nat\u016brali Sonoma \u0105\u017euolo spalva ir matomi medienos ra\u0161tai suteikia stalui charakterio, pabr\u0117\u017eiant jo estetik\u0105. D\u0117l kompakti\u0161ko dizaino stalas idealiai tinka ma\u017eoms erdv\u0117ms arba gali b\u016bti naudojamas kaip kampinis staliukas. Be to, stalo jungtis gali b\u016bti naudojama kampiniam staliukui sukurti, taip padidinant lankstum\u0105 ir komfort\u0105. BRW biuro kolekcija si\u016blo \u012fvairi\u0173 form\u0173 baldus, leid\u017eian\u010dius sukurti darn\u0173 biuro i\u0161d\u0117stym\u0105, pritaikyt\u0105 individualiems poreikiams. D\u0117l to BRW biuro stalas ne tik atlieka praktin\u0119 funkcij\u0105, bet ir suteikia biuro erdvei estetikos bei modernumo.<\/p>\n<p>Prek\u0117s kodas S173-BIU\/72\/150-DSO Simbolis ZM EAN Ilgis 150 cm Plotis 70 cm Auk\u0161tis 72 cm Kolekcija Brw Office Spalva sonoma \u0105\u017euolas Gaubtas \u0161viesi mediena Stilius modernus Med\u017eiaga laminatas Dur\u0173 skai\u010dius be dur\u0173 Stal\u010di\u0173 skai\u010dius be stal\u010di\u0173 Gamintojas Juoda Raudona Balta Bald\u0173 tipas Ra\u0161omieji stalai PVM mokestis 23% EAN 5906123921374<\/p>","protected":false},"excerpt":{"rendered":"<p>BRW biuro stalas \u2013 paruo\u0161tas darbui kiekvien\u0105 dien\u0105. BRW biuro kolekcijos stalas yra modernus ir funkcionalus sprendimas biuro patalpai \u012frengti. \u0160ios serijos baldai leid\u017eia susikurti patogi\u0105 darbo viet\u0105. Stalas yra biuro pagrindinis elementas, turintis patog\u0173 150 cm stalvir\u0161\u012f, idealiai tinkant\u012f [\u2026]<\/p>","protected":false},"featured_media":258143,"comment_status":"open","ping_status":"open","template":"","meta":[],"product_brand":[],"product_cat":[9200,1312],"product_tag":[],"class_list":{"0":"post-258142","1":"product","2":"type-product","3":"status-publish","4":"has-post-thumbnail","6":"product_cat-black-red-white","7":"product_cat-desks","9":"first","10":"instock","11":"purchasable","12":"product-type-simple"},"_links":{"self":[{"href":"https:\/\/baldumarket.lt\/lt\/wp-json\/wp\/v2\/product\/258142","targetHints":{"allow":["GET"]}}],"collection":[{"href":"https:\/\/baldumarket.lt\/lt\/wp-json\/wp\/v2\/product"}],"about":[{"href":"https:\/\/baldumarket.lt\/lt\/wp-json\/wp\/v2\/types\/product"}],"replies":[{"embeddable":true,"href":"https:\/\/baldumarket.lt\/lt\/wp-json\/wp\/v2\/comments?post=258142"}],"wp:featuredmedia":[{"embeddable":true,"href":"https:\/\/baldumarket.lt\/lt\/wp-json\/wp\/v2\/media\/258143"}],"wp:attachment":[{"href":"https:\/\/baldumarket.lt\/lt\/wp-json\/wp\/v2\/media?parent=258142"}],"wp:term":[{"taxonomy":"product_brand","embeddable":true,"href":"https:\/\/baldumarket.lt\/lt\/wp-json\/wp\/v2\/product_brand?post=258142"},{"taxonomy":"product_cat","embeddable":true,"href":"https:\/\/baldumarket.lt\/lt\/wp-json\/wp\/v2\/product_cat?post=258142"},{"taxonomy":"product_tag","embeddable":true,"href":"https:\/\/baldumarket.lt\/lt\/wp-json\/wp\/v2\/product_tag?post=258142"}],"curies":[{"name":"wp","href":"https:\/\/api.w.org\/{rel}","templated":true}]}}