{"id":258135,"date":"2026-01-13T22:24:56","date_gmt":"2026-01-13T19:24:56","guid":{"rendered":"https:\/\/baldumarket.lt\/product\/biurko-jednodrzwiowe-z-szuflada-romance-160-cm-modrzew-sibiu-jasny-dab-sanremo-jasny\/"},"modified":"2026-02-11T18:30:11","modified_gmt":"2026-02-11T15:30:11","slug":"biurko-jednodrzwiowe-z-szuflada-romance-160-cm-modrzew-sibiu-jasny-dab-sanremo-jasny","status":"publish","type":"product","link":"https:\/\/baldumarket.lt\/lt\/product\/biurko-jednodrzwiowe-z-szuflada-romance-160-cm-modrzew-sibiu-jasny-dab-sanremo-jasny\/","title":{"rendered":"Vien\u0173 dur\u0173 ra\u0161omasis stalas su stal\u010diumi ROMANCE 160 cm, \u0161viesus Sibiu maumedis\/\u0161viesus Sanremo \u0105\u017euolas"},"content":{"rendered":"<p>\u201eRomance\u201c ra\u0161omasis stalas \u2013 j\u016bs\u0173 skandinavi\u0161ko stiliaus darbo vieta. Su \u201eRomance\u201c stalu lengviau susikurti malon\u0173 ir funkcional\u0173 skandinavi\u0161ko stiliaus biur\u0105. Paprastos \u0161ios kolekcijos formos, subtil\u016bs elementai ir prislopintos spalvos puikiai dera su skandinavi\u0161ko dizaino estetika. \u201eRomance\u201c ra\u0161omasis stalas yra ne tik vieta dirbti ar mokytis; tai ir dizaino elementas, suteikiantis interjerui charakterio. Platus stalvir\u0161is (\u012fsp\u016bdingas 160 cm ilgis) suteikia patogios vietos ne\u0161iojamajam kompiuteriui, dokumentams ir visiems reikalingiems biuro reikmenims. Be to, patogus stal\u010dius ir prakti\u0161ka spintel\u0117 leid\u017eia susitvarkyti ir laikyti svarbius daiktus. \u0160viesi\u0173 \u201eSibiu\u201c maumed\u017eio fasad\u0173 ir \u201eSan Remo\u201c \u0105\u017euolo stalvir\u0161io spalv\u0173 derinys sukuria harmoning\u0105 visum\u0105. \u012er\u0117minti fasadai ir paprastos rankenos suteikia stalui charakterio, suteikdamos jam unikali\u0105 i\u0161vaizd\u0105. \u201eRomance\u201c jaunimo stalas yra ne tik prakti\u0161kas, bet ir dera prie skandinavi\u0161ko stiliaus. Juos galite derinti su kitais kolekcijos elementais, tokiais kaip lentynos ar spintos, kad sukurtum\u0117te darni\u0105 ir ergonomi\u0161k\u0105 erdv\u0119 darbui, mokymuisi ir poilsiui. Atraskite paprastum\u0105 ir funkcionalum\u0105 su \u201eRomance\u201c stalu.<\/p>\n<p>Prek\u0117s kodas S516-BIU1D1S\/8\/16-MSJ\/DSAJ Simbolis ZM EAN Ilgis 160 cm Plotis 73 cm Auk\u0161tis 76 cm Kolekcija Romance Spalva \u0161viesi Sibiu maumedis\/\u0161viesi San Remo \u0105\u017euolas Gaubtas \u0161viesi mediena Stilius modernus Med\u017eiaga laminatas Dureli\u0173 skai\u010dius 1 dur\u0173 Stal\u010di\u0173 skai\u010dius 1 stal\u010dius Rankena su rankenomis Gamintojas Juoda Raudona Balta Baldo tipas Ra\u0161omieji stalai PVM Mokestis 23% EAN 5906123812948<\/p>","protected":false},"excerpt":{"rendered":"<p>\u201eRomance\u201c ra\u0161omasis stalas \u2013 j\u016bs\u0173 skandinavi\u0161ko stiliaus darbo vieta. Su \u201eRomance\u201c ra\u0161omuoju stalu lengviau susikurti malon\u0173 ir funkcional\u0173 skandinavi\u0161ko stiliaus biur\u0105. Paprastos \u0161ios kolekcijos formos, subtil\u016bs elementai ir prislopintos spalvos puikiai dera prie skandinavi\u0161ko dizaino estetikos. \u201eRomance\u201c ra\u0161omasis stalas yra ne tik vieta dirbti ar mokytis; tai taip pat dizaino elementas, kuris [\u2026]<\/p>","protected":false},"featured_media":258136,"comment_status":"open","ping_status":"open","template":"","meta":[],"product_brand":[],"product_cat":[9200,1312],"product_tag":[],"class_list":{"0":"post-258135","1":"product","2":"type-product","3":"status-publish","4":"has-post-thumbnail","6":"product_cat-black-red-white","7":"product_cat-desks","9":"first","10":"instock","11":"purchasable","12":"product-type-simple"},"_links":{"self":[{"href":"https:\/\/baldumarket.lt\/lt\/wp-json\/wp\/v2\/product\/258135","targetHints":{"allow":["GET"]}}],"collection":[{"href":"https:\/\/baldumarket.lt\/lt\/wp-json\/wp\/v2\/product"}],"about":[{"href":"https:\/\/baldumarket.lt\/lt\/wp-json\/wp\/v2\/types\/product"}],"replies":[{"embeddable":true,"href":"https:\/\/baldumarket.lt\/lt\/wp-json\/wp\/v2\/comments?post=258135"}],"wp:featuredmedia":[{"embeddable":true,"href":"https:\/\/baldumarket.lt\/lt\/wp-json\/wp\/v2\/media\/258136"}],"wp:attachment":[{"href":"https:\/\/baldumarket.lt\/lt\/wp-json\/wp\/v2\/media?parent=258135"}],"wp:term":[{"taxonomy":"product_brand","embeddable":true,"href":"https:\/\/baldumarket.lt\/lt\/wp-json\/wp\/v2\/product_brand?post=258135"},{"taxonomy":"product_cat","embeddable":true,"href":"https:\/\/baldumarket.lt\/lt\/wp-json\/wp\/v2\/product_cat?post=258135"},{"taxonomy":"product_tag","embeddable":true,"href":"https:\/\/baldumarket.lt\/lt\/wp-json\/wp\/v2\/product_tag?post=258135"}],"curies":[{"name":"wp","href":"https:\/\/api.w.org\/{rel}","templated":true}]}}