{"id":258131,"date":"2026-01-13T22:24:52","date_gmt":"2026-01-13T19:24:52","guid":{"rendered":"https:\/\/baldumarket.lt\/product\/biurko-jednodrzwiowe-z-szuflada-nandu-120-cm-jasny-szary-dab-polski-bialy-polysk\/"},"modified":"2026-02-11T18:30:11","modified_gmt":"2026-02-11T15:30:11","slug":"biurko-jednodrzwiowe-z-szuflada-nandu-120-cm-jasny-szary-dab-polski-bialy-polysk","status":"publish","type":"product","link":"https:\/\/baldumarket.lt\/lt\/product\/biurko-jednodrzwiowe-z-szuflada-nandu-120-cm-jasny-szary-dab-polski-bialy-polysk\/","title":{"rendered":"NANDU vien\u0173 dur\u0173 ra\u0161omasis stalas su stal\u010diumi, 120 cm, \u0161viesiai pilka\/poliruotas \u0105\u017euolas\/blizgi balta"},"content":{"rendered":"<p>\u201eNandu\u201c ra\u0161omasis stalas: \u017eini\u0173 ir \u012fkv\u0117pimo \u0161viesoje. Sukurti \u012fkvepiant\u012f ir funkcional\u0173 jaunimo kambar\u012f yra i\u0161\u0161\u016bkis, ta\u010diau su modernia \u201eNandu\u201c kolekcija tai tampa malonumu. Tai ne tik bald\u0173 kolekcija; tai erdv\u0117, kurioje moksliniai atradimai dera su k\u016brybiniu \u017eaidimu, o kiekvien\u0105 detal\u0119 galima pritaikyti pagal individualius pageidavimus. Kiekvieno mokinio ir jaunojo mokslininko kambario pagrindinis akcentas yra \u201eNandu\u201c ra\u0161omasis stalas. Jo ilgas stalvir\u0161is suteikia platform\u0105 k\u016brybiniams \u012fg\u016bd\u017eiams lavinti, viet\u0105, kur mokymasis tampa aistra. Patogus stal\u010dius mokyklin\u0117ms priemon\u0117ms u\u017etikrina tvark\u0105 kiekviename mokymosi etape. Kuprin\u0117s ir vadov\u0117liai randa savo viet\u0105 funkcionalioje spintel\u0117je, sukurdami darni\u0105 erdv\u0119. Lakuotas stalvir\u0161is ne tik \u017eavi savo estetika, bet ir pasi\u017eymi padidintu atsparumu \u012fbr\u0117\u017eimams. Tai vieta, kur mokymasis ir k\u016brybi\u0161kumas nepalieka p\u0117dsak\u0173, o visos pastangos yra vertos. Stalo r\u0117mas, kuriame derinamas \u0161viesiai pilkas ir \u0161iltas lenki\u0161ko \u0105\u017euolo atspalvis, puikiai dera su balto blizgaus fasado elementais. Papildoma suasmeninimo galimyb\u0117 \u2013 stal\u010diaus fasadas su originaliu skaitmeniniu komiks\u0173 stiliaus atspaudu, suteikian\u010diu interjerui energijos ir charakterio. Stalo fasadai be ranken\u0117li\u0173 suteikia modernaus \u017eavesio, o \u0161velniai u\u017esidarantys vyriai padidina kasdien\u012f komfort\u0105. Tai ne tik stalas; tai vieta, kur detal\u0117s paver\u010dia mokym\u0105si malonumu. Derindami \u201eNandu\u201c stal\u0105 su kitais kolekcijos elementais, galite sukurti i\u0161sami\u0105 ir suasmenint\u0105 erdv\u0119 mokymuisi, pramogoms ir pom\u0117giams. \u201eNandu\u201c kolekcija \u2013 tai ne tik baldai; tai erdv\u0117, kuri auga kartu su vartotoju, \u012fkvepianti naujus mokslinius ir meninius atradimus. Atverkite duris \u012f \u017einias ir k\u016brybi\u0161kum\u0105 pasirinkdami \u201eNandu\u201c stal\u0105 \u2013 viet\u0105, kur kiekviena diena yra naujas nuotykis tarp knyg\u0173 ir eksperiment\u0173!<\/p>\n<p>Prek\u0117s kodas S441-BIU1D1S-JSZ\/DP\/BIP Simbolis ZM EAN Ilgis 120 cm Plotis 57 cm Auk\u0161tis 75,5 cm Kolekcija Nandu Spalva \u0161viesiai pilka\/poliruoto \u0105\u017euolo\/blizgi balta Atspalvis pilkas Stilius modernus Med\u017eiaga laminatas Dureli\u0173 skai\u010dius 1 dur\u0173 Stal\u010di\u0173 skai\u010dius 1 stal\u010dius Rankena be ranken\u0117li\u0173 Gamintojas Juoda Raudona Balta Baldo tipas Ra\u0161omieji stalai PVM 23% EAN 5906123952316<\/p>","protected":false},"excerpt":{"rendered":"<p>\u201eNandu\u201c ra\u0161omasis stalas: \u017eini\u0173 ir \u012fkv\u0117pimo \u0161viesoje. Sukurti \u012fkvepiant\u012f ir funkcional\u0173 jaunimo kambar\u012f yra i\u0161\u0161\u016bkis, ta\u010diau su modernia \u201eNandu\u201c kolekcija tai tampa malonumu. Tai ne tik bald\u0173 kolekcija; tai erdv\u0117, kurioje moksliniai atradimai dera su k\u016brybiniu \u017eaidimu, o kiekvien\u0105 detal\u0119 galima pritaikyti [\u2026]<\/p>","protected":false},"featured_media":258132,"comment_status":"open","ping_status":"open","template":"","meta":[],"product_brand":[],"product_cat":[9200,1312],"product_tag":[],"class_list":{"0":"post-258131","1":"product","2":"type-product","3":"status-publish","4":"has-post-thumbnail","6":"product_cat-black-red-white","7":"product_cat-desks","9":"first","10":"instock","11":"purchasable","12":"product-type-simple"},"_links":{"self":[{"href":"https:\/\/baldumarket.lt\/lt\/wp-json\/wp\/v2\/product\/258131","targetHints":{"allow":["GET"]}}],"collection":[{"href":"https:\/\/baldumarket.lt\/lt\/wp-json\/wp\/v2\/product"}],"about":[{"href":"https:\/\/baldumarket.lt\/lt\/wp-json\/wp\/v2\/types\/product"}],"replies":[{"embeddable":true,"href":"https:\/\/baldumarket.lt\/lt\/wp-json\/wp\/v2\/comments?post=258131"}],"wp:featuredmedia":[{"embeddable":true,"href":"https:\/\/baldumarket.lt\/lt\/wp-json\/wp\/v2\/media\/258132"}],"wp:attachment":[{"href":"https:\/\/baldumarket.lt\/lt\/wp-json\/wp\/v2\/media?parent=258131"}],"wp:term":[{"taxonomy":"product_brand","embeddable":true,"href":"https:\/\/baldumarket.lt\/lt\/wp-json\/wp\/v2\/product_brand?post=258131"},{"taxonomy":"product_cat","embeddable":true,"href":"https:\/\/baldumarket.lt\/lt\/wp-json\/wp\/v2\/product_cat?post=258131"},{"taxonomy":"product_tag","embeddable":true,"href":"https:\/\/baldumarket.lt\/lt\/wp-json\/wp\/v2\/product_tag?post=258131"}],"curies":[{"name":"wp","href":"https:\/\/api.w.org\/{rel}","templated":true}]}}