{"id":258123,"date":"2026-01-13T22:24:46","date_gmt":"2026-01-13T19:24:46","guid":{"rendered":"https:\/\/baldumarket.lt\/product\/biurko-jednodrzwiowe-z-szuflada-malcolm-120-cm-dab-monument-dab-monument-z-nadrukiem\/"},"modified":"2026-02-11T18:30:11","modified_gmt":"2026-02-11T15:30:11","slug":"biurko-jednodrzwiowe-z-szuflada-malcolm-120-cm-dab-monument-dab-monument-z-nadrukiem","status":"publish","type":"product","link":"https:\/\/baldumarket.lt\/lt\/product\/biurko-jednodrzwiowe-z-szuflada-malcolm-120-cm-dab-monument-dab-monument-z-nadrukiem\/","title":{"rendered":"Vien\u0173 dur\u0173 ra\u0161omasis stalas su stal\u010diumi MALCOLM 120 cm monumentalus \u0105\u017euolas\/monumentalus \u0105\u017euolas su ra\u0161tu"},"content":{"rendered":"<p>\u201eMalcolm\u201c stalas \u2013 vieta ma\u017eajam tyrin\u0117tojui. \u201eMalcolm\u201c kolekcija \u2013 tai i\u0161radinga jaunimo bald\u0173 variacija. Sistema apjungia modern\u0173 po\u017ei\u016br\u012f \u012f dizain\u0105 ir tradicines spalvas. \u201eMalcolm\u201c stalas puikiai tiks mokinio kambariui. Gerai apgalvotas dizainas suteikia daug darbo vietos ir universali\u0105 knyg\u0173, s\u0105siuvini\u0173 ir mokyklini\u0173 preki\u0173 laikymo viet\u0105. J\u016bs\u0173 paslaugoms \u2013 rakinama spintel\u0117, stal\u010dius ir i\u0161traukiama klaviat\u016bros lentyna. Tvirtas stalvir\u0161is padengtas specializuota pl\u0117vele, tod\u0117l jo pavir\u0161ius atsparesnis \u012fbr\u0117\u017eimams ir kitiems mechaniniams pa\u017eeidimams. Prislopintos \u201eCanyon Monument Oak\u201c spalvos stalas pary\u0161kintas volframo pilkumo akcentu. Jaunatvi\u0161k\u0105 bald\u0173 charakter\u012f apibr\u0117\u017eia modern\u016bs raid\u017ei\u0173 ra\u0161tai ir didel\u0117s, patogios naudoti rankenos sendinto nikelio spalvos. Prakti\u0161kos b\u0117gel\u0117s su spynomis visada laikys stal\u010di\u0173 vietoje. Vir\u0161 stalo galite pakabinti pakabinam\u0105 spintel\u0119 i\u0161 \u201eMalcolm\u201c kolekcijos. Atskiri \u201eMalcolm\u201c kolekcijos elementai gali b\u016bti derinami tarpusavyje bet kokiu b\u016bdu, kad j\u0173 i\u0161d\u0117stymas puikiai atitikt\u0173 kambario reikalavimus ir individualius vaiko poreikius.<\/p>\n<p>Prek\u0117s kodas S325-BIU1D1S-DAMO\/SZW\/DAMON Simbolis ZM EAN Ilgis 120 cm Plotis 65 cm Auk\u0161tis 77,5 cm Kolekcija Malcolm Spalva monumentalus \u0105\u017euolas\/pilkas volframas\/monumentalus \u0105\u017euolas su ra\u0161tu Gaubtas tamsi mediena Stilius modernus Med\u017eiaga laminatas Dureli\u0173 skai\u010dius 1 dur\u0173 Stal\u010di\u0173 skai\u010dius 1 stal\u010dius Rankena su ranken\u0117l\u0117mis Gamintojas Juoda Raudona Balta Baldo tipas Ra\u0161omieji stalai PVM Mokestis 23% EAN 5906123925181<\/p>","protected":false},"excerpt":{"rendered":"<p>\u201eMalcolm\u201c ra\u0161omasis stalas \u2013 vieta ma\u017eajam tyrin\u0117tojui. \u201eMalcolm\u201c kolekcija \u2013 tai i\u0161radinga jaunimo bald\u0173 variacija. Sistema apjungia modern\u0173 po\u017ei\u016br\u012f \u012f dizain\u0105 ir tradicines spalvas. \u201eMalcolm\u201c ra\u0161omasis stalas puikiai tiks mokinio kambariui. Gerai apgalvotas dizainas suteikia daug darbo vietos ir universali\u0105 knyg\u0173, s\u0105siuvini\u0173 ir mokyklini\u0173 preki\u0173 laikymo viet\u0105. [\u2026]<\/p>","protected":false},"featured_media":258124,"comment_status":"open","ping_status":"open","template":"","meta":[],"product_brand":[],"product_cat":[9200,1312],"product_tag":[],"class_list":{"0":"post-258123","1":"product","2":"type-product","3":"status-publish","4":"has-post-thumbnail","6":"product_cat-black-red-white","7":"product_cat-desks","9":"first","10":"instock","11":"purchasable","12":"product-type-simple"},"_links":{"self":[{"href":"https:\/\/baldumarket.lt\/lt\/wp-json\/wp\/v2\/product\/258123","targetHints":{"allow":["GET"]}}],"collection":[{"href":"https:\/\/baldumarket.lt\/lt\/wp-json\/wp\/v2\/product"}],"about":[{"href":"https:\/\/baldumarket.lt\/lt\/wp-json\/wp\/v2\/types\/product"}],"replies":[{"embeddable":true,"href":"https:\/\/baldumarket.lt\/lt\/wp-json\/wp\/v2\/comments?post=258123"}],"wp:featuredmedia":[{"embeddable":true,"href":"https:\/\/baldumarket.lt\/lt\/wp-json\/wp\/v2\/media\/258124"}],"wp:attachment":[{"href":"https:\/\/baldumarket.lt\/lt\/wp-json\/wp\/v2\/media?parent=258123"}],"wp:term":[{"taxonomy":"product_brand","embeddable":true,"href":"https:\/\/baldumarket.lt\/lt\/wp-json\/wp\/v2\/product_brand?post=258123"},{"taxonomy":"product_cat","embeddable":true,"href":"https:\/\/baldumarket.lt\/lt\/wp-json\/wp\/v2\/product_cat?post=258123"},{"taxonomy":"product_tag","embeddable":true,"href":"https:\/\/baldumarket.lt\/lt\/wp-json\/wp\/v2\/product_tag?post=258123"}],"curies":[{"name":"wp","href":"https:\/\/api.w.org\/{rel}","templated":true}]}}