{"id":258095,"date":"2026-01-13T22:24:23","date_gmt":"2026-01-13T19:24:23","guid":{"rendered":"https:\/\/baldumarket.lt\/product\/biurko-jednodrzwiowe-z-szuflada-kaspian-120-cm-bialy-bialy-matowy\/"},"modified":"2026-02-11T18:30:12","modified_gmt":"2026-02-11T15:30:12","slug":"biurko-jednodrzwiowe-z-szuflada-kaspian-120-cm-bialy-bialy-matowy","status":"publish","type":"product","link":"https:\/\/baldumarket.lt\/lt\/product\/biurko-jednodrzwiowe-z-szuflada-kaspian-120-cm-bialy-bialy-matowy\/","title":{"rendered":"KASPIAN ra\u0161omasis stalas su vienv\u0117r\u0117mis durimis ir stal\u010diumi, 120 cm, balta\/matin\u0117 balta"},"content":{"rendered":"<p>\u201eKaspian\u201c stalas \u2013 patogi darbo vieta. \u0160iandieniniame nuotolinio darbo pasaulyje tinkama darbo vieta namuose yra labai svarbi. \u201eKaspian Furniture\u201c tai supranta ir si\u016blo savo \u201eKaspian\u201c stal\u0105, kuris patenkins net ir reikliausi\u0173 vartotoj\u0173 l\u016bkes\u010dius. Vienas pirm\u0173j\u0173 dalyk\u0173, kuris patraukia ak\u012f ant \u201eKaspian\u201c stalo, yra unikali jo i\u0161vaizda. Ry\u0161ki stalo pavir\u0161iaus fanera puikiai atspindi neapdorotos medienos charakter\u012f ir ra\u0161t\u0105. \u0160is unikalus estetikos ir funkcionalumo derinys suteikia interjerui i\u0161skirtinumo. Kitas \u201eKaspian\u201c stalo privalumas \u2013 vyriai. J\u0173 d\u0117ka stalo fasadai atidaromi skland\u017eiai ir lengvai. Be to, vyriai leid\u017eia reguliuoti stal\u0105 trima\u010diu kampu, tod\u0117l galite pritaikyti stal\u0105 prie individuali\u0173 poreiki\u0173. Nesvarbu, ar jums reikia daugiau vietos dokumentams, ar vietos kompiuteriui, \u201eKaspian\u201c stalas suteikia lankstumo. Stalo konstrukcija taip pat verta d\u0117mesio. Pastorintos \u0161onin\u0117s dalys ir vir\u0161us sustiprina gamin\u012f, tod\u0117l galite m\u0117gautis jo patvarumu daugel\u012f met\u0173. Be to, \u0161ie elementai dar labiau pagerina stalo vizualin\u012f patrauklum\u0105, tod\u0117l jis tampa tikra bet kurio kambario puo\u0161mena. Taip pat verta pamin\u0117ti, kad \u201eKaspian\u201c stalas buvo sukurtas galvojant apie prakti\u0161k\u0105 erdv\u0119. Po stal\u010diumi yra patogus stal\u010dius, kuriame lengvai tilps visi b\u016btini daiktai, pavyzd\u017eiui, ra\u0161ikliai, u\u017era\u0161\u0173 knygel\u0117s ar skai\u010diuotuvai. Be to, erdvi lentyna po stal\u010diumi leid\u017eia laikyti didesnius daiktus, kad jie visada b\u016bt\u0173 po ranka. \u201eKaspian\u201c stalas taip pat yra puikus pasirinkimas tiems, kurie vertina darn\u0105 savo biuro interjere. J\u012f galite derinti su kitais \u201eKaspian\u201c kolekcijos elementais, kad sukurtum\u0117te harmoning\u0105 interjer\u0105. \u201eKaspian\u201c kolekcijoje yra \u012fvairi\u0173 form\u0173, dyd\u017ei\u0173 ir funkcij\u0173 stal\u0173, leid\u017eian\u010di\u0173 sukurti eleganti\u0161k\u0105 ir funkcional\u0173 biur\u0105, atitinkant\u012f visus j\u016bs\u0173 l\u016bkes\u010dius. Trumpai tariant, \u201eKaspian\u201c stalas yra puikus sprendimas tiems, kurie ie\u0161ko ne tik funkcionalios, bet ir esteti\u0161kai patrauklios darbo vietos savo namuose. D\u0117l unikalaus dizaino, tvirtos konstrukcijos ir prakti\u0161k\u0173 sprendim\u0173 \u201eKaspian\u201c stalas patenkins net ir reikliausi\u0173 vartotoj\u0173 l\u016bkes\u010dius. Jei r\u016bpinat\u0117s patogumu ir efektyvumu savo nam\u0173 biure, \u201eKaspian\u201c stalas tikrai j\u016bs\u0173 nenuvils.<\/p>\n<p>Prek\u0117s kodas S128-BIU1D1S\/120-BI\/BIM Simbolis ZM EAN Ilgis 120 cm Plotis 65 cm Auk\u0161tis 77 cm Kolekcija Kaspian Spalva balta\/matin\u0117 balta Atspalvis baltas Stilius modernus Dureli\u0173 skai\u010dius 1 dur\u0173 Stal\u010di\u0173 skai\u010dius 1 stal\u010dius Rankena be ranken\u0117li\u0173 Gamintojas Juoda Raudona Balta Baldo tipas Ra\u0161omieji stalai PVM 23% EAN 5906123882514<\/p>","protected":false},"excerpt":{"rendered":"<p>\u201eKaspian\u201c stalas \u2013 patogi darbo vieta. \u0160iandieniniame nuotolinio darbo pasaulyje tinkama darbo vieta namuose yra labai svarbi. \u201eKaspian Furniture\u201c tai supranta ir si\u016blo savo \u201eKaspian\u201c stal\u0105, kuris patenkins net ir reikliausi\u0173 vartotoj\u0173 l\u016bkes\u010dius. Vienas pirm\u0173j\u0173 dalyk\u0173, kuris patraukia ak\u012f \u201eKaspian\u201c stale, yra jo unikali i\u0161vaizda. [\u2026]<\/p>","protected":false},"featured_media":258096,"comment_status":"open","ping_status":"open","template":"","meta":[],"product_brand":[],"product_cat":[9200,1312],"product_tag":[],"class_list":{"0":"post-258095","1":"product","2":"type-product","3":"status-publish","4":"has-post-thumbnail","6":"product_cat-black-red-white","7":"product_cat-desks","9":"first","10":"instock","11":"purchasable","12":"product-type-simple"},"_links":{"self":[{"href":"https:\/\/baldumarket.lt\/lt\/wp-json\/wp\/v2\/product\/258095","targetHints":{"allow":["GET"]}}],"collection":[{"href":"https:\/\/baldumarket.lt\/lt\/wp-json\/wp\/v2\/product"}],"about":[{"href":"https:\/\/baldumarket.lt\/lt\/wp-json\/wp\/v2\/types\/product"}],"replies":[{"embeddable":true,"href":"https:\/\/baldumarket.lt\/lt\/wp-json\/wp\/v2\/comments?post=258095"}],"wp:featuredmedia":[{"embeddable":true,"href":"https:\/\/baldumarket.lt\/lt\/wp-json\/wp\/v2\/media\/258096"}],"wp:attachment":[{"href":"https:\/\/baldumarket.lt\/lt\/wp-json\/wp\/v2\/media?parent=258095"}],"wp:term":[{"taxonomy":"product_brand","embeddable":true,"href":"https:\/\/baldumarket.lt\/lt\/wp-json\/wp\/v2\/product_brand?post=258095"},{"taxonomy":"product_cat","embeddable":true,"href":"https:\/\/baldumarket.lt\/lt\/wp-json\/wp\/v2\/product_cat?post=258095"},{"taxonomy":"product_tag","embeddable":true,"href":"https:\/\/baldumarket.lt\/lt\/wp-json\/wp\/v2\/product_tag?post=258095"}],"curies":[{"name":"wp","href":"https:\/\/api.w.org\/{rel}","templated":true}]}}