{"id":258091,"date":"2026-01-13T22:24:19","date_gmt":"2026-01-13T19:24:19","guid":{"rendered":"https:\/\/baldumarket.lt\/product\/biurko-jednodrzwiowe-z-szuflada-holten-565-cm-dab-waterford\/"},"modified":"2026-02-11T18:30:12","modified_gmt":"2026-02-11T15:30:12","slug":"biurko-jednodrzwiowe-z-szuflada-holten-565-cm-dab-waterford","status":"publish","type":"product","link":"https:\/\/baldumarket.lt\/lt\/product\/biurko-jednodrzwiowe-z-szuflada-holten-565-cm-dab-waterford\/","title":{"rendered":"HOLTEN ra\u0161omasis stalas su vienv\u0117r\u0117mis durimis ir stal\u010diumi, 56,5 cm, Waterford \u0105\u017euolas"},"content":{"rendered":"<p>\u201eHolten\u201c ra\u0161omasis stalas \u2013 j\u016bs\u0173 erdv\u0117 mokymuisi, darbui ir pom\u0117giams. Jei jau \u012freng\u0117te prie\u0161kambar\u012f, svetain\u0119 ir virtuv\u0119, laikas pasir\u016bpinti ir vaik\u0173 kambariu ar biuru. \u201eHolten\u201c bald\u0173 kolekcija \u2013 tai moderni serija, i\u0161siskirianti savitu stiliumi. Svarbiausias jos elementas \u2013 \u201eHolten\u201c ra\u0161omasis stalas, kuris neabejotinai taps bet kurio kambario, kuriame jis bus pastatytas, \u0161irdimi. Kod\u0117l verta j\u012f \u012fsigyti? Paprastas ir nesenstantis dizainas. \u201eHolten\u201c ra\u0161omasis stalas pasi\u017eymi paprastu, nesenstan\u010diu dizainu, kuris skland\u017eiai dera prie \u012fvairi\u0173 interjero dizaino stili\u0173. Vietoj nereikaling\u0173 puo\u0161men\u0173 ir perteklini\u0173 detali\u0173 \u0161is stalas orientuotas \u012f funkcionalum\u0105 ir prakti\u0161k\u0105 erdv\u0117s i\u0161naudojim\u0105. Erdvus stalvir\u0161is. Didelis, erdvus stalvir\u0161is puikiai tinka \u012fvairiai veiklai, pavyzd\u017eiui, pie\u0161imui, darbui kompiuteriu ar pom\u0117gi\u0173 tenkinimui. Jis suteikia daug darbo vietos, o tai ypa\u010d svarbu biure ar jaunimo kambaryje. Stal\u010dius ir spintel\u0117. \u201eHolten\u201c ra\u0161omasis stalas turi praktini\u0173 funkcij\u0173, toki\u0173 kaip patogus stal\u010dius ir spintel\u0117. Stal\u010dius puikiai tinka dokumentams ir biuro reikmenims laikyti, padeda i\u0161laikyti tvark\u0105 ant stalo. Kita vertus, spintel\u0117 yra ideali vieta laikyti spausdintuvo popieri\u0173, byl\u0173 aplankus ar mokyklinius vadov\u0117lius. D\u0117l \u0161i\u0173 funkcini\u0173 savybi\u0173 \u201eHolten\u201c stalas padeda palaikyti tvark\u0105 ir organizuotum\u0105. Laminuotas \u201eHolten\u201c stalo stalvir\u0161is yra atsparus \u012fbr\u0117\u017eimams, tod\u0117l ant jo galite dirbti nesijaudindami d\u0117l pavir\u0161iaus pa\u017eeidimo. \u0160i savyb\u0117 yra labai svarbi, ypa\u010d jei stalas bus intensyviai naudojamas. \u201eHolten\u201c stalas pasi\u017eymi ry\u0161kia, matoma medienos tekst\u016bra ir \u201eWotan\u201c \u0105\u017euolo spalva, kuri kontrastuoja su matin\u0117s baltos spalvos korpusu ir veidrodinio blizgesio baltais fasadais. \u0160is derinys suteikia stalui unikal\u0173 charakter\u012f ir estetik\u0105, tod\u0117l jis tampa bet kurio kambario traukos centru. \u201eHolten\u201c stalas yra ne tik darbo vieta, bet ir dekoratyvinis elementas, suteikiantis kambariui elegancijos ir modernaus dizaino. Prakti\u0161kos savyb\u0117s, tokios kaip stal\u010dius ir spintel\u0117, padeda palaikyti tvark\u0105 ant stalo. Patvarus laminuotas stalvir\u0161is u\u017etikrina patvarum\u0105 ir funkcionalum\u0105. \u201eHolten\u201c stal\u0105 taip pat galite derinti su kitais kolekcijos baldais, kad sukurtum\u0117te darn\u0173, ergonomi\u0161k\u0105 ir stiling\u0105 i\u0161d\u0117stym\u0105 savo svetain\u0117je, biure ar jaunimo kambaryje. Jei ie\u0161kote bald\u0173, kurie derint\u0173 funkcionalum\u0105, estetik\u0105 ir patvarum\u0105, \u201eHolten\u201c stalas yra puikus pasirinkimas. Su \u201eHolten\u201c ra\u0161omuoju stalu suteikite sau galimyb\u0119 dirbti ir mokytis eleganti\u0161koje ir funkcionalioje aplinkoje.<\/p>\n<p>Prek\u0117s kodas S493-BIU1D1S-DWF Simbolis ZM EAN Ilgis 130,2 cm Plotis 56,5 cm Auk\u0161tis 81,5 cm Kolekcija Holten Spalva Waterford \u0105\u017euolas Atspalvis tamsi mediena Stilius modernus Dur\u0173 skai\u010dius 1 dur\u0173 Stal\u010di\u0173 skai\u010dius 1 stal\u010dius Rankena be ranken\u0117li\u0173 Gamintojas Juoda Raudona Balta Baldo tipas Ra\u0161omieji stalai PVM 23% EAN 5906123709682<\/p>","protected":false},"excerpt":{"rendered":"<p>\u201eHolten\u201c ra\u0161omasis stalas \u2013 j\u016bs\u0173 erdv\u0117 mokymuisi, darbui ir pom\u0117giams. Jei jau \u012freng\u0117te prie\u0161kambar\u012f, svetain\u0119 ir virtuv\u0119, laikas pasir\u016bpinti ir vaik\u0173 kambariu ar biuru. \u201eHolten\u201c bald\u0173 kolekcija \u2013 tai moderni serija, i\u0161siskirianti savitu stiliumi. Svarbiausias jos elementas \u2013 \u201eHolten\u201c ra\u0161omasis stalas, kuris neabejotinai [\u2026]<\/p>","protected":false},"featured_media":258092,"comment_status":"open","ping_status":"open","template":"","meta":[],"product_brand":[],"product_cat":[9200,1312],"product_tag":[],"class_list":{"0":"post-258091","1":"product","2":"type-product","3":"status-publish","4":"has-post-thumbnail","6":"product_cat-black-red-white","7":"product_cat-desks","9":"first","10":"instock","11":"purchasable","12":"product-type-simple"},"_links":{"self":[{"href":"https:\/\/baldumarket.lt\/lt\/wp-json\/wp\/v2\/product\/258091","targetHints":{"allow":["GET"]}}],"collection":[{"href":"https:\/\/baldumarket.lt\/lt\/wp-json\/wp\/v2\/product"}],"about":[{"href":"https:\/\/baldumarket.lt\/lt\/wp-json\/wp\/v2\/types\/product"}],"replies":[{"embeddable":true,"href":"https:\/\/baldumarket.lt\/lt\/wp-json\/wp\/v2\/comments?post=258091"}],"wp:featuredmedia":[{"embeddable":true,"href":"https:\/\/baldumarket.lt\/lt\/wp-json\/wp\/v2\/media\/258092"}],"wp:attachment":[{"href":"https:\/\/baldumarket.lt\/lt\/wp-json\/wp\/v2\/media?parent=258091"}],"wp:term":[{"taxonomy":"product_brand","embeddable":true,"href":"https:\/\/baldumarket.lt\/lt\/wp-json\/wp\/v2\/product_brand?post=258091"},{"taxonomy":"product_cat","embeddable":true,"href":"https:\/\/baldumarket.lt\/lt\/wp-json\/wp\/v2\/product_cat?post=258091"},{"taxonomy":"product_tag","embeddable":true,"href":"https:\/\/baldumarket.lt\/lt\/wp-json\/wp\/v2\/product_tag?post=258091"}],"curies":[{"name":"wp","href":"https:\/\/api.w.org\/{rel}","templated":true}]}}