{"id":258083,"date":"2026-01-13T22:24:12","date_gmt":"2026-01-13T19:24:12","guid":{"rendered":"https:\/\/baldumarket.lt\/product\/biurko-jednodrzwiowe-z-szuflada-holten-1302-cm-bialy-dab-wotan\/"},"modified":"2026-02-11T18:30:12","modified_gmt":"2026-02-11T15:30:12","slug":"biurko-jednodrzwiowe-z-szuflada-holten-1302-cm-bialy-dab-wotan","status":"publish","type":"product","link":"https:\/\/baldumarket.lt\/lt\/product\/biurko-jednodrzwiowe-z-szuflada-holten-1302-cm-bialy-dab-wotan\/","title":{"rendered":"HOLTEN ra\u0161omasis stalas su vienomis durel\u0117mis ir stal\u010diumi, 130,2 cm, balta\/wotan \u0105\u017euolas"},"content":{"rendered":"<p>\u201eHolten\u201c ra\u0161omasis stalas \u2013 mokymosi, darbo ir pom\u0117gi\u0173 lavinimo zona. \u012erengus prie\u0161kambar\u012f, svetain\u0119 ir virtuv\u0119, laikas sukurti tobul\u0105 erdv\u0119 mokymuisi, darbui ar pom\u0117giams. Tam reikia tinkam\u0173 bald\u0173, kurie b\u016bt\u0173 ne tik funkcional\u016bs, bet ir esteti\u0161kai patraukl\u016bs. \u0160tai kod\u0117l \u201eHolten\u201c ra\u0161omasis stalas yra puikus sprendimas. \u201eHolten\u201c kolekcija pasi\u017eymi moderniu dizainu, apjungian\u010diu kelet\u0105 pagrindini\u0173 savybi\u0173. Pastorintos r\u0117mo pus\u0117s suteikia baldams tvirtumo ir ilgaam\u017ei\u0161kumo, o \u0161viesi spalva \u2013 visai kolekcijai gaiv\u0173 ir modern\u0173 vaizd\u0105. Fasadai be ranken\u0117li\u0173 suteikia elegancijos, o unikalus stalvir\u0161is \u2013 tarsi vy\u0161nait\u0117 ant torto. \u201eHolten\u201c ra\u0161omasis stalas yra b\u016btinas bet kuriame biure ar jaunimo kambaryje. Kas j\u012f daro tok\u012f ypating\u0105? Svarbiausia \u2013 paprastas, nesenstantis dizainas ir prakti\u0161kas vidaus i\u0161d\u0117stymas. Didelis, erdvus stalvir\u0161is \u2013 puiki vieta dirbti kompiuteriu, ra\u0161yti ar lavinti meninius pom\u0117gius. Bet tai dar ne viskas! Stalas turi \u012fbr\u0117\u017eimams atspar\u0173 laminuot\u0105 stalvir\u0161\u012f, tod\u0117l ant jo galite patogiai dirbti nesijaudindami d\u0117l pa\u017eeidim\u0173. Jums nereik\u0117s nerimauti d\u0117l pie\u0161tuko \u017eymi\u0173 ar \u012fbr\u0117\u017eim\u0173 nuo kompiuterio pel\u0117s. Jame taip pat yra patogus stal\u010dius, puikiai tinkantis dokumentams ir biuro reikmenims laikyti. Prakti\u0161ka spintel\u0117 spausdintuvo popieriui, byl\u0173 aplankams ar mokykliniams vadov\u0117liams laikyti. \u201eHolten\u201c stalas yra ne tik funkcionalus, bet ir esteti\u0161kai patrauklus. Ry\u0161kus, matomas Wotano \u0105\u017euolo medienos ra\u0161tas suteikia charakterio, o matin\u0117s baltos spalvos korpusas ir veidrodinio blizgesio balti (lakuoti) fasadai \u2013 modernumo ir elegancijos. \u017dinoma, d\u0117l skirting\u0173 med\u017eiag\u0173, naudojam\u0173 stalvir\u0161yje ir lentel\u0117se, ra\u0161to atspalvis gali \u0161iek tiek skirtis, suteikdamas baldui unikal\u0173 charakter\u012f. Stal\u010dius apr\u016bpintas firminiais priedais su \u0161velnaus u\u017edarymo funkcija ir pilnu i\u0161traukimu, tod\u0117l j\u012f patogu ir lengva naudoti. Tai idealus sprendimas, ypa\u010d stalui jaunimo kambaryje, kur tylus veikimas da\u017enai yra prioritetas. \u201eHolten\u201c stal\u0105 galima derinti su kitais kolekcijos elementais, sukuriant harmoning\u0105 ir funkcional\u0173 i\u0161d\u0117stym\u0105 svetain\u0117je, biure ar jaunimo kambaryje. Tai leid\u017eia sukurti erdv\u0119, kuri ne tik d\u017eiugina savo i\u0161vaizda, bet ir palengvina kasdienes u\u017eduotis bei darb\u0105.<\/p>\n<p>Prek\u0117s kodas S440-BIU1D1S-BI\/DWO\/BIP Simbolis ZM EAN Ilgis 130,2 cm Plotis 56,5 cm Auk\u0161tis 81,5 cm Kolekcija Holten Spalva balta\/wotan \u0105\u017euolas\/blizgi balta Baltas atspalvis Stilius modernus Dureli\u0173 skai\u010dius 1 dur\u0173 Stal\u010di\u0173 skai\u010dius 1 stal\u010dius Rankena be ranken\u0117li\u0173 Gamintojas Juoda Raudona Balta Baldo tipas Ra\u0161omieji stalai PVM 23% EAN 5906123951609<\/p>","protected":false},"excerpt":{"rendered":"<p>\u201eHolten\u201c ra\u0161omasis stalas \u2013 mokymosi, darbo ir pom\u0117gi\u0173 lavinimo zona. \u012erengus prie\u0161kambar\u012f, svetain\u0119 ir virtuv\u0119, laikas sukurti tobul\u0105 erdv\u0119 mokymuisi, darbui ar pom\u0117gi\u0173 \u012fgyvendinimui. Tam reikia tinkam\u0173 bald\u0173, kurie b\u016bt\u0173 ne tik funkcional\u016bs, bet ir esteti\u0161ki. \u0160tai kod\u0117l \u201eHolten\u201c [\u2026]<\/p>","protected":false},"featured_media":258084,"comment_status":"open","ping_status":"open","template":"","meta":[],"product_brand":[],"product_cat":[9200,1312],"product_tag":[],"class_list":{"0":"post-258083","1":"product","2":"type-product","3":"status-publish","4":"has-post-thumbnail","6":"product_cat-black-red-white","7":"product_cat-desks","9":"first","10":"instock","11":"purchasable","12":"product-type-simple"},"_links":{"self":[{"href":"https:\/\/baldumarket.lt\/lt\/wp-json\/wp\/v2\/product\/258083","targetHints":{"allow":["GET"]}}],"collection":[{"href":"https:\/\/baldumarket.lt\/lt\/wp-json\/wp\/v2\/product"}],"about":[{"href":"https:\/\/baldumarket.lt\/lt\/wp-json\/wp\/v2\/types\/product"}],"replies":[{"embeddable":true,"href":"https:\/\/baldumarket.lt\/lt\/wp-json\/wp\/v2\/comments?post=258083"}],"wp:featuredmedia":[{"embeddable":true,"href":"https:\/\/baldumarket.lt\/lt\/wp-json\/wp\/v2\/media\/258084"}],"wp:attachment":[{"href":"https:\/\/baldumarket.lt\/lt\/wp-json\/wp\/v2\/media?parent=258083"}],"wp:term":[{"taxonomy":"product_brand","embeddable":true,"href":"https:\/\/baldumarket.lt\/lt\/wp-json\/wp\/v2\/product_brand?post=258083"},{"taxonomy":"product_cat","embeddable":true,"href":"https:\/\/baldumarket.lt\/lt\/wp-json\/wp\/v2\/product_cat?post=258083"},{"taxonomy":"product_tag","embeddable":true,"href":"https:\/\/baldumarket.lt\/lt\/wp-json\/wp\/v2\/product_tag?post=258083"}],"curies":[{"name":"wp","href":"https:\/\/api.w.org\/{rel}","templated":true}]}}