{"id":258075,"date":"2026-01-13T22:24:00","date_gmt":"2026-01-13T19:24:00","guid":{"rendered":"https:\/\/baldumarket.lt\/product\/biurko-jednodrzwiowe-z-szuflada-hesen-120-cm-grafit-dab-artisan\/"},"modified":"2026-02-11T18:30:12","modified_gmt":"2026-02-11T15:30:12","slug":"biurko-jednodrzwiowe-z-szuflada-hesen-120-cm-grafit-dab-artisan","status":"publish","type":"product","link":"https:\/\/baldumarket.lt\/lt\/product\/biurko-jednodrzwiowe-z-szuflada-hesen-120-cm-grafit-dab-artisan\/","title":{"rendered":"HESEN ra\u0161omasis stalas su vienv\u0117r\u0117mis durimis ir stal\u010diumi, 120 cm, grafito spalvos\/dirbtinio \u0105\u017euolo spalvos"},"content":{"rendered":"<p>\u201eHesen\u201c ra\u0161omasis stalas \u2013 j\u016bs\u0173 naujas ramyb\u0117s ir efektyvumo \u0161altinis mokantis ir dirbant. Jei ie\u0161kote bald\u0173, kurie leis jums m\u0117gautis mokymusi ir darbu, \u201eHesen\u201c ra\u0161omasis stalas yra sprendimas, vertas d\u0117mesio. \u0160i bald\u0173 serija spinduliuoja ramybe, harmonija ir minimalizmu, tod\u0117l idealiai tinka tiek paauglio kambariui, tiek nam\u0173 biurui. \u201eHesen\u201c serijoje si\u016blomi stalai dviej\u0173 skirting\u0173 spalv\u0173 variant\u0173, leid\u017eiantys puikiai der\u0117ti prie j\u016bs\u0173 pageidavim\u0173 ir interjero dizaino. Jei m\u0117gstate \u0161viesias, erdvias erdves, rinkit\u0117s \u0161vies\u0173 Sibiu maumed\u012f kartu su Larico pu\u0161imi. \u0160is spalv\u0173 derinys praskaidrins j\u016bs\u0173 kambar\u012f ir padarys j\u012f dar jaukesn\u012f ir svetingesn\u012f. O galb\u016bt jums labiau patinka tamsesnis, atmosferi\u0161kesnis interjeras? Tuomet grafito ir dirbtinio \u0105\u017euolo spalvos yra puikus pasirinkimas, suteikiantis kambariui intymumo ir elegancijos. 120 x 60 cm dyd\u017eio \u201eHesen\u201c ra\u0161omasis stalas suteikia daug vietos ne\u0161iojamam kompiuteriui, lempai ir visiems reikalingiems darbo ar mokymosi priedams. Be to, jis turi skland\u017eiai u\u017esidarant\u012f fasad\u0173 ir stal\u010di\u0173 u\u017edarymo mechanizm\u0105, tod\u0117l j\u012f ypa\u010d patogu naudoti. Nesvarbu, ar mokat\u0117s, ar dirbate, jums nereik\u0117s pertraukti darbo norint atidaryti ar u\u017edaryti stal\u010dius. Stalo stal\u010dius taip pat turi pilno i\u0161traukimo b\u0117gelius, tod\u0117l galite lengvai pasiekti kiekvien\u0105 kampel\u012f. \u0160i naudinga funkcija supaprastina j\u016bs\u0173 darbo ar studij\u0173 erdv\u0117s organizavim\u0105. \u201eHesen\u201c stalas pasi\u017eymi ne tik funkcionalumu, bet ir elegancija bei subtilumu. Patogios ranken\u0117l\u0117s formos ranken\u0117l\u0117s ir subtiliai i\u0161pjauti fasadai suteikia jam unikal\u0173 charakter\u012f. D\u0117l to jis puikiai tinka tiek skandinavi\u0161ko stiliaus interjerui, tiek eklekti\u0161kesniam. Jei planuojate i\u0161sam\u0173 savo jaunimo kambario ar darbo kambario dizain\u0105, \u201eHesen\u201c stalas yra puikus pagrindas. Derinkite j\u012f su kitais \u201eHesen\u201c kolekcijos elementais, kad sukurtum\u0117te darni\u0105 ir harmoning\u0105 erdv\u0119, kurioje darbas ir mokymasis bus dar malonesni. Su \u0161iais baldais galite m\u0117gautis ir efektyvumu, ir estetika kasdieniame gyvenime. Tegul \u201eHesen\u201c stalas tampa j\u016bs\u0173 nauju \u012fkv\u0117pimo ir efektyvumo \u0161altiniu.<\/p>\n<p>Prek\u0117s kodas S515-BIU1D1S-GF\/DASN Simbolis ZM EAN Ilgis 120 cm Plotis 60 cm Auk\u0161tis 75 cm Kolekcija Hesen Spalva grafito\/artisan \u0105\u017euolo Atspalvis grafito Stilius Skandinavi\u0161kas Dureli\u0173 skai\u010dius 1 dur\u0173 Stal\u010di\u0173 skai\u010dius 1 stal\u010dius Rankena su ranken\u0117l\u0117mis Gamintojas Juoda Raudona Balta Baldo tipas Ra\u0161omieji stalai PVM 23% EAN 5906123811705<\/p>","protected":false},"excerpt":{"rendered":"<p>\u201eHesen\u201c ra\u0161omasis stalas \u2013 j\u016bs\u0173 naujas ramyb\u0117s ir efektyvumo \u0161altinis mokantis ir dirbant. Jei ie\u0161kote bald\u0173, kurie leis jums m\u0117gautis mokymusi ir darbu, \u201eHesen\u201c ra\u0161omasis stalas yra sprendimas, vertas d\u0117mesio. \u0160i bald\u0173 serija spinduliuoja ramyb\u0119, harmonij\u0105 ir minimalizm\u0105, tod\u0117l idealiai tinka tiek paauglio kambariui [\u2026]<\/p>","protected":false},"featured_media":258076,"comment_status":"open","ping_status":"open","template":"","meta":[],"product_brand":[],"product_cat":[9200,1312],"product_tag":[],"class_list":{"0":"post-258075","1":"product","2":"type-product","3":"status-publish","4":"has-post-thumbnail","6":"product_cat-black-red-white","7":"product_cat-desks","9":"first","10":"instock","11":"purchasable","12":"product-type-simple"},"_links":{"self":[{"href":"https:\/\/baldumarket.lt\/lt\/wp-json\/wp\/v2\/product\/258075","targetHints":{"allow":["GET"]}}],"collection":[{"href":"https:\/\/baldumarket.lt\/lt\/wp-json\/wp\/v2\/product"}],"about":[{"href":"https:\/\/baldumarket.lt\/lt\/wp-json\/wp\/v2\/types\/product"}],"replies":[{"embeddable":true,"href":"https:\/\/baldumarket.lt\/lt\/wp-json\/wp\/v2\/comments?post=258075"}],"wp:featuredmedia":[{"embeddable":true,"href":"https:\/\/baldumarket.lt\/lt\/wp-json\/wp\/v2\/media\/258076"}],"wp:attachment":[{"href":"https:\/\/baldumarket.lt\/lt\/wp-json\/wp\/v2\/media?parent=258075"}],"wp:term":[{"taxonomy":"product_brand","embeddable":true,"href":"https:\/\/baldumarket.lt\/lt\/wp-json\/wp\/v2\/product_brand?post=258075"},{"taxonomy":"product_cat","embeddable":true,"href":"https:\/\/baldumarket.lt\/lt\/wp-json\/wp\/v2\/product_cat?post=258075"},{"taxonomy":"product_tag","embeddable":true,"href":"https:\/\/baldumarket.lt\/lt\/wp-json\/wp\/v2\/product_tag?post=258075"}],"curies":[{"name":"wp","href":"https:\/\/api.w.org\/{rel}","templated":true}]}}