{"id":258067,"date":"2026-01-13T22:23:54","date_gmt":"2026-01-13T19:23:54","guid":{"rendered":"https:\/\/baldumarket.lt\/product\/biurko-jednodrzwiowe-z-szuflada-balder-120-cm-dab-riviera-bialy-polysk\/"},"modified":"2026-02-11T18:30:12","modified_gmt":"2026-02-11T15:30:12","slug":"biurko-jednodrzwiowe-z-szuflada-balder-120-cm-dab-riviera-bialy-polysk","status":"publish","type":"product","link":"https:\/\/baldumarket.lt\/lt\/product\/biurko-jednodrzwiowe-z-szuflada-balder-120-cm-dab-riviera-bialy-polysk\/","title":{"rendered":"BALDER ra\u0161omasis stalas su vienv\u0117r\u0117mis durimis ir stal\u010diumi, 120 cm, Riviera \u0105\u017euolas\/blizgi balta spalva"},"content":{"rendered":"<p>\u201eBalder\u201c ra\u0161omasis stalas \u2013 puikus sprendimas tiems, kurie savo interjere renkasi paprastum\u0105 ir modern\u0173 dizain\u0105. Sukurtas biurui ar studento kambariui, \u201eBalder\u201c ra\u0161omasis stalas pasi\u017eymi funkcionalumu, turi plat\u0173 stalvir\u0161\u012f, stal\u010di\u0173 biuro reikmenims ir erdvi\u0105 dokument\u0173 spint\u0105. \u201eBalder\u201c kolekcijai b\u016bdingos geometrin\u0117s linijos ir dizainas, pary\u0161kinti dr\u0105siais lipdiniais. Spalv\u0173 gama, kurioje dera \u0161ilta \u201eRiviera\u201c \u0105\u017euolo ir neutrali blizgi balta spalva, sukuria universal\u0173 pagrind\u0105, idealiai tinkant\u012f \u012fvairiems dekoro elementams. Firminiai aksesuarai ir paprastos rankenos u\u017etikrina stalo patogum\u0105. Galimyb\u0117 derinti su kitais kolekcijos elementais leid\u017eia sukurti darn\u0173 interjero dizain\u0105 svetain\u0117je, miegamajame ar jaunimo kambaryje, nes \u012fvair\u016bs moduliai leid\u017eia lanks\u010diai i\u0161d\u0117styti baldus.<\/p>\n<p>Prek\u0117s kodas S382-BIU\/120-DRI\/BIP Simbolis ZM EAN Ilgis 120 cm Plotis 56 cm Auk\u0161tis 77 cm Kolekcija Balder Spalva rivjeros \u0105\u017euolas\/blizgi balta Gaubtas \u0161viesus medis Stilius modernus Med\u017eiaga laminatas Dureli\u0173 skai\u010dius 1 dur\u0173 Stal\u010di\u0173 skai\u010dius 1 stal\u010dius Rankena su ranken\u0117l\u0117mis Gamintojas Juoda Raudona Balta Baldo tipas Ra\u0161omieji stalai PVM Mokestis 23% EAN 5906123928038<\/p>","protected":false},"excerpt":{"rendered":"<p>The Balder Desk is the perfect solution for those who prefer simplicity and modern design in their interiors. Designed for an office or student&#8217;s room, the Balder desk offers functionality, providing a wide worktop, a drawer for office accessories, and a spacious filing cabinet. Geometric lines and design, accentuated by bold moldings, are characteristic of [&hellip;]<\/p>","protected":false},"featured_media":258068,"comment_status":"open","ping_status":"open","template":"","meta":[],"product_brand":[],"product_cat":[9200,1312],"product_tag":[],"class_list":{"0":"post-258067","1":"product","2":"type-product","3":"status-publish","4":"has-post-thumbnail","6":"product_cat-black-red-white","7":"product_cat-desks","9":"first","10":"instock","11":"purchasable","12":"product-type-simple"},"_links":{"self":[{"href":"https:\/\/baldumarket.lt\/lt\/wp-json\/wp\/v2\/product\/258067","targetHints":{"allow":["GET"]}}],"collection":[{"href":"https:\/\/baldumarket.lt\/lt\/wp-json\/wp\/v2\/product"}],"about":[{"href":"https:\/\/baldumarket.lt\/lt\/wp-json\/wp\/v2\/types\/product"}],"replies":[{"embeddable":true,"href":"https:\/\/baldumarket.lt\/lt\/wp-json\/wp\/v2\/comments?post=258067"}],"wp:featuredmedia":[{"embeddable":true,"href":"https:\/\/baldumarket.lt\/lt\/wp-json\/wp\/v2\/media\/258068"}],"wp:attachment":[{"href":"https:\/\/baldumarket.lt\/lt\/wp-json\/wp\/v2\/media?parent=258067"}],"wp:term":[{"taxonomy":"product_brand","embeddable":true,"href":"https:\/\/baldumarket.lt\/lt\/wp-json\/wp\/v2\/product_brand?post=258067"},{"taxonomy":"product_cat","embeddable":true,"href":"https:\/\/baldumarket.lt\/lt\/wp-json\/wp\/v2\/product_cat?post=258067"},{"taxonomy":"product_tag","embeddable":true,"href":"https:\/\/baldumarket.lt\/lt\/wp-json\/wp\/v2\/product_tag?post=258067"}],"curies":[{"name":"wp","href":"https:\/\/api.w.org\/{rel}","templated":true}]}}