{"id":258059,"date":"2026-01-13T22:23:47","date_gmt":"2026-01-13T19:23:47","guid":{"rendered":"https:\/\/baldumarket.lt\/product\/biurko-jednodrzwiowe-z-szuflada-azteca-trio-120-cm-bialy-bialy-polysk\/"},"modified":"2026-02-11T18:30:12","modified_gmt":"2026-02-11T15:30:12","slug":"biurko-jednodrzwiowe-z-szuflada-azteca-trio-120-cm-bialy-bialy-polysk","status":"publish","type":"product","link":"https:\/\/baldumarket.lt\/lt\/product\/biurko-jednodrzwiowe-z-szuflada-azteca-trio-120-cm-bialy-bialy-polysk\/","title":{"rendered":"Vien\u0173 dur\u0173 ra\u0161omasis stalas su stal\u010diumi AZTECA TRIO 120 cm baltas\/baltas blizgus"},"content":{"rendered":"<p>\u201eAzteca Trio\u201c ra\u0161omasis stalas \u2013 j\u016bs\u0173 darbo ir mokymosi kampelis moderniu stiliumi. Svajojate apie modern\u0173 ir stiling\u0105 interjero dizain\u0105, kuriame gal\u0117tum\u0117te sutelkti d\u0117mes\u012f \u012f darb\u0105 ir mokslus? Atraskite \u201eAzteca Trio\u201c kolekcij\u0105, kurioje modernus dizainas derinamas su funkcionalumu. Tai puikus sprendimas tiems, kurie vertina komfort\u0105 ir estetik\u0105 savo aplinkoje. \u201eAzteca Trio\u201c ra\u0161omasis stalas yra \u0161ios kolekcijos centrinis elementas, leid\u017eiantis susikurti patogi\u0105 darbo viet\u0105, nesvarbu, ar esate studentas, dirbate nuotoliniu b\u016bdu, ar tiesiog m\u0117gstate leisti laik\u0105 prie savo stalo. Viena svarbiausi\u0173 \u0161io stalo savybi\u0173 \u2013 platus, 120 cm ilgio stalvir\u0161is. Tai puiki vieta mokytis, dirbti, kurti ar tenkinti savo pom\u0117gius. Ant \u0161io erdvaus stalvir\u0161io galite lengvai pasid\u0117ti ne\u0161iojam\u0105j\u012f kompiuter\u012f, stalo lemp\u0105, organizatori\u0173 su b\u016btiniausiais priedais ir net kelis augalus, kurie suteiks j\u016bs\u0173 darbo vietai gaivumo. Kad j\u016bs\u0173 biuras b\u016bt\u0173 tvarkingas ir organizuotas, \u201eAzteca Trio\u201c stalas turi patog\u0173 stal\u010di\u0173 ir kompakti\u0161k\u0105 spintel\u0119. J\u0173 d\u0117ka visos reikalingos biuro prek\u0117s ir dokumentai visada bus po ranka, o j\u016bs\u0173 darbo vieta visada bus tvarkinga ir organizuota. Taip pat verta d\u0117mesio bald\u0173 estetika. I\u0161skirtiniai u\u017eapvalinti stalo fasad\u0173 kra\u0161tai suteikia visam baldui modernaus \u017eavesio ir lengvumo poj\u016bt\u012f. Fasadai gali b\u016bti baltos arba blizgios baltos spalvos, tod\u0117l stalas tinka \u012fvairiems interjero dizainams. Taip pat galite suasmeninti jo i\u0161vaizd\u0105 pasirinkdami i\u0161 pakuot\u0117je esan\u010di\u0173 dekoratyvini\u0173 juosteli\u0173: venge \u0105\u017euolo, blizgios baltos arba blizgios juodos. Tai puikus b\u016bdas suteikti savo stalui spalv\u0173 ir charakterio. Jei jums svarbus stabilumas ir ilgaam\u017ei\u0161kumas, \u201eAzteca Trio\u201c stalas pateisins j\u016bs\u0173 l\u016bkes\u010dius. Konstrukcij\u0105 laiko plati galin\u0117 plok\u0161t\u0117, u\u017etikrinanti, kad baldai tarnaus jums ilgus metus. Komfortas taip pat svarbus veiksnys renkantis darbo baldus. \u0160tai kod\u0117l \u201eAzteca Trio\u201c stalas apr\u016bpintas \u0161velniai u\u017esidaran\u010diais vyriais ir kreipian\u010diosiomis. J\u0173 d\u0117ka stal\u010di\u0173 ar spinteli\u0173 dureli\u0173 atidarymas ir u\u017edarymas vyksta skland\u017eiai ir be garso, o tai ypa\u010d svarbu dirbant i\u0161 nam\u0173 ir kitiems nam\u0173 \u016bkio nariams reikalinga tyla. \u201eAzteca Trio\u201c kolekcijoje taip pat si\u016blomi kiti elementai, kuriuos galima derinti, kad b\u016bt\u0173 sukurtas darnus ir funkcionalus i\u0161d\u0117stymas nam\u0173 biure ar studento kambaryje. Tai rei\u0161kia, kad viskas, ko jums reikia, bus ranka pasiekiama, tuo pa\u010diu i\u0161laikant eleganti\u0161k\u0105 interjero i\u0161vaizd\u0105. Taip pat verta pamin\u0117ti, kad \u012f kiekvieno \u201eAzteca Trio\u201c kolekcijos baldo kain\u0105 \u012fskai\u010diuotos dvi dekoratyvin\u0117s juostel\u0117s: viena dvipus\u0117 (blizgi balta \/ blizgi juoda) ir viena vienguba (\u201ewenge magic\u201c). Tai puikus priedas, leid\u017eiantis dar labiau pritaikyti bald\u0105 pagal savo pageidavimus ir interjero stili\u0173. Trumpai tariant, \u201eAzteca Trio\u201c ra\u0161omasis stalas yra ne tik funkcionalus baldas darbui ir studijoms, bet ir esteti\u0161kai patrauklus interjero dizaino elementas. D\u0117l \u012fvairi\u0173 pritaikymo galimybi\u0173 galite susikurti tobul\u0105 darbo viet\u0105, kuri atspind\u0117t\u0173 j\u016bs\u0173 stili\u0173 ir poreikius. Nesvarbu, ar dirbate nuotoliniu b\u016bdu, studijuojate, ar tiesiog jums reikia patogaus stalo kasdien\u0117ms u\u017eduotims, \u201eAzteca Trio\u201c ra\u0161omasis stalas pateisins j\u016bs\u0173 l\u016bkes\u010dius.<\/p>\n<p>Prek\u0117s kodas S504-BIU1D1S\/8\/12-BI\/BIP Simbolis ZM EAN Ilgis 120 cm Plotis 66 cm Auk\u0161tis 75 cm Kolekcija Azteca Trio Spalva balta\/blizgi balta Gaubtas baltas Stilius modernus Dureli\u0173 skai\u010dius 1 dur\u0173 Stal\u010di\u0173 skai\u010dius 1 stal\u010dius Rankena be ranken\u0117li\u0173 Gamintojas Juoda Raudona Balta Baldo tipas Ra\u0161omieji stalai PVM 23% EAN 5906123714402<\/p>","protected":false},"excerpt":{"rendered":"<p>The Azteca Trio Desk \u2013 Your Work and Study Corner in a Modern Style. Dreaming of a modern and stylish interior design where you can focus on work and study? Discover the Azteca Trio collection, which combines modern design with functionality. It&#8217;s the perfect solution for those who value comfort and aesthetics in their surroundings. [&hellip;]<\/p>","protected":false},"featured_media":258060,"comment_status":"open","ping_status":"open","template":"","meta":[],"product_brand":[],"product_cat":[9200,1312],"product_tag":[],"class_list":{"0":"post-258059","1":"product","2":"type-product","3":"status-publish","4":"has-post-thumbnail","6":"product_cat-black-red-white","7":"product_cat-desks","9":"first","10":"instock","11":"purchasable","12":"product-type-simple"},"_links":{"self":[{"href":"https:\/\/baldumarket.lt\/lt\/wp-json\/wp\/v2\/product\/258059","targetHints":{"allow":["GET"]}}],"collection":[{"href":"https:\/\/baldumarket.lt\/lt\/wp-json\/wp\/v2\/product"}],"about":[{"href":"https:\/\/baldumarket.lt\/lt\/wp-json\/wp\/v2\/types\/product"}],"replies":[{"embeddable":true,"href":"https:\/\/baldumarket.lt\/lt\/wp-json\/wp\/v2\/comments?post=258059"}],"wp:featuredmedia":[{"embeddable":true,"href":"https:\/\/baldumarket.lt\/lt\/wp-json\/wp\/v2\/media\/258060"}],"wp:attachment":[{"href":"https:\/\/baldumarket.lt\/lt\/wp-json\/wp\/v2\/media?parent=258059"}],"wp:term":[{"taxonomy":"product_brand","embeddable":true,"href":"https:\/\/baldumarket.lt\/lt\/wp-json\/wp\/v2\/product_brand?post=258059"},{"taxonomy":"product_cat","embeddable":true,"href":"https:\/\/baldumarket.lt\/lt\/wp-json\/wp\/v2\/product_cat?post=258059"},{"taxonomy":"product_tag","embeddable":true,"href":"https:\/\/baldumarket.lt\/lt\/wp-json\/wp\/v2\/product_tag?post=258059"}],"curies":[{"name":"wp","href":"https:\/\/api.w.org\/{rel}","templated":true}]}}