{"id":258051,"date":"2026-01-13T22:23:41","date_gmt":"2026-01-13T19:23:41","guid":{"rendered":"https:\/\/baldumarket.lt\/product\/biurko-jednodrzwiowae-z-szuflada-lara-117-cm-jesion-belarus\/"},"modified":"2026-02-11T18:30:12","modified_gmt":"2026-02-11T15:30:12","slug":"biurko-jednodrzwiowae-z-szuflada-lara-117-cm-jesion-belarus","status":"publish","type":"product","link":"https:\/\/baldumarket.lt\/lt\/product\/biurko-jednodrzwiowae-z-szuflada-lara-117-cm-jesion-belarus\/","title":{"rendered":"LARA ra\u0161omasis stalas su vienv\u0117r\u0117mis durimis ir stal\u010diumi, 117 cm, Baltarusijos uosis"},"content":{"rendered":"<p>\u201eLara\u201c stalas \u2013 mokymosi pagrindas j\u016bs\u0173 paaugliui. J\u016bs\u0173 vaikas auga ir vystosi, tod\u0117l atitinkamai kei\u010diasi jo poreikiai ir pageidavimai. Kai paauglys pra\u0161o atnaujinti kambar\u012f, verta pagalvoti apie baldus, kurie ne tik atitikt\u0173 jo estetinius l\u016bkes\u010dius, bet ir b\u016bt\u0173 funkcional\u016bs bei palank\u016bs mokymuisi ir pom\u0117giams. \u201eLara\u201c stalas yra puikus sprendimas, kuris patenkins net ir reikliausi\u0173 paaugli\u0173 l\u016bkes\u010dius. \u201eLara\u201c kolekcija pasi\u017eymi lofto stiliaus, moderniu dizainu, tod\u0117l tai puikus pasirinkimas paauglio kambariui. Paprastos bald\u0173 formos, original\u016bs akcentai ir prislopintos spalvos sukuria harmoning\u0105 fon\u0105, kuris lengvai prisitaiko prie besikei\u010dian\u010dio paauglio skonio ir pageidavim\u0173. \u201eLara\u201c stalas buvo sukurtas atsi\u017evelgiant \u012f daugyb\u0119 kasdieni\u0173 veikl\u0173, kuriomis gali u\u017esiimti paauglys. Nam\u0173 darb\u0173 ruo\u0161imas, mokymasis, mokyklini\u0173 projekt\u0173 rengimas, pie\u0161imas pagal hob\u012f ar \u017eaidimas kompiuteriu \u2013 visa tai galima patogiai atlikti prie \u0161io stalo. Erdvus laminuotos plok\u0161t\u0117s stalvir\u0161is yra ne tik stilingas, bet ir atsparus \u012fbr\u0117\u017eimams, o tai svarbu intensyviam naudojimui. \u201eLara\u201c stalas pasi\u017eymi daugybe praktini\u0173 sprendim\u0173, kurie supaprastins erdv\u0117s organizavim\u0105. Patogus stal\u010dius ir spintel\u0117 leid\u017eia laikyti kuprin\u0119, biuro reikmenis ir dail\u0117s reikmenis. Taip viskas tampa lengvai pasiekiama, o tai skatina efektyvum\u0105 mokantis ir dirbant su projektais. Stalo r\u0117mas nuda\u017eytas eleganti\u0161ka Baltarusijos uosio spalva, kuri puikiai dera su kaln\u0173 uosio stalvir\u0161iu. \u0160is derinys suteikia baldui charakterio, o unikal\u016bs kra\u0161t\u0173 intarpai ir juodos rankenos suteikia dizainui \u012fdom\u0173 akcent\u0105. \u201eLara\u201c stalas yra ne tik prakti\u0161kas, bet ir stilingas. Nesvarbu, ar j\u016bs\u0173 vaikas naudoja stal\u0105 mokymuisi, darbui ar \u017eaidimams, patogumas yra svarbiausias. \u0160tai kod\u0117l \u201eLara\u201c stalas turi \u0161velnaus u\u017edarymo b\u0117gelius ir vyrius, o tai rei\u0161kia, kad stal\u010di\u0173 atidarymas ir u\u017edarymas yra sklandus ir tylus. Tai ypa\u010d svarbu, jei paauglio kambarys ribojasi su kitais kambariais arba jei jis mokosi v\u0117lai vakare. \u201eLara\u201c stalas yra didesn\u0117s bald\u0173 kolekcijos dalis, leid\u017eianti sukurti darn\u0173 ir funkcional\u0173 paauglio kambario dekor\u0105. J\u012f galite derinti su kitais kolekcijos elementais, tokiais kaip spinta, lentyna ar lova, kad sukurtum\u0117te i\u0161baigt\u0105 ir harmoning\u0105 i\u0161d\u0117stym\u0105. \u201eLara\u201c stalas yra daugiau nei tik baldas. Tai priemon\u0117, kuri padeda j\u016bs\u0173 vaikui vystytis ir mokytis, taip pat suteikia erdv\u0117s i\u0161reik\u0161ti save per pom\u0117gius. D\u0117l funkcionalumo, stilingo dizaino ir auk\u0161tos kokyb\u0117s gamybos tai puikus pasirinkimas bet kuriam paaugliui.<\/p>\n<p>Prek\u0117s kodas S463-BIU1D1S-JBE Simbolis ZM EAN Ilgis 117 cm Plotis 58 cm Auk\u0161tis 73,5 cm Kolekcija Lara Spalva Baltarusijos uosis Gaubtas \u0161viesi mediena Stilius loft Med\u017eiaga laminatas Dur\u0173 skai\u010dius 1 dur\u0173 Stal\u010di\u0173 skai\u010dius 1 stal\u010dius Rankena su rankenomis Gamintojas Juoda Raudona Balta Bald\u0173 tipas Ra\u0161omieji stalai PVM Mokestis 23% EAN 5906123607797<\/p>","protected":false},"excerpt":{"rendered":"<p>\u201eLara\u201c ra\u0161omasis stalas \u2013 mokymosi pagrindas j\u016bs\u0173 paaugliui. J\u016bs\u0173 vaikas auga ir vystosi, tod\u0117l atitinkamai kei\u010diasi ir jo poreikiai bei pageidavimai. Kai paauglys pra\u0161o atnaujinti kambar\u012f, verta pagalvoti apie baldus, kurie ne tik atitikt\u0173 jo estetinius l\u016bkes\u010dius, bet ir b\u016bt\u0173 funkcional\u016bs bei palank\u016bs mokymuisi ir pom\u0117giams. \u201eLara\u201c ra\u0161omasis stalas yra [\u2026]<\/p>","protected":false},"featured_media":258052,"comment_status":"open","ping_status":"open","template":"","meta":[],"product_brand":[],"product_cat":[9200,1312],"product_tag":[],"class_list":{"0":"post-258051","1":"product","2":"type-product","3":"status-publish","4":"has-post-thumbnail","6":"product_cat-black-red-white","7":"product_cat-desks","9":"first","10":"instock","11":"purchasable","12":"product-type-simple"},"_links":{"self":[{"href":"https:\/\/baldumarket.lt\/lt\/wp-json\/wp\/v2\/product\/258051","targetHints":{"allow":["GET"]}}],"collection":[{"href":"https:\/\/baldumarket.lt\/lt\/wp-json\/wp\/v2\/product"}],"about":[{"href":"https:\/\/baldumarket.lt\/lt\/wp-json\/wp\/v2\/types\/product"}],"replies":[{"embeddable":true,"href":"https:\/\/baldumarket.lt\/lt\/wp-json\/wp\/v2\/comments?post=258051"}],"wp:featuredmedia":[{"embeddable":true,"href":"https:\/\/baldumarket.lt\/lt\/wp-json\/wp\/v2\/media\/258052"}],"wp:attachment":[{"href":"https:\/\/baldumarket.lt\/lt\/wp-json\/wp\/v2\/media?parent=258051"}],"wp:term":[{"taxonomy":"product_brand","embeddable":true,"href":"https:\/\/baldumarket.lt\/lt\/wp-json\/wp\/v2\/product_brand?post=258051"},{"taxonomy":"product_cat","embeddable":true,"href":"https:\/\/baldumarket.lt\/lt\/wp-json\/wp\/v2\/product_cat?post=258051"},{"taxonomy":"product_tag","embeddable":true,"href":"https:\/\/baldumarket.lt\/lt\/wp-json\/wp\/v2\/product_tag?post=258051"}],"curies":[{"name":"wp","href":"https:\/\/api.w.org\/{rel}","templated":true}]}}