{"id":258048,"date":"2026-01-13T22:23:39","date_gmt":"2026-01-13T19:23:39","guid":{"rendered":"https:\/\/baldumarket.lt\/product\/biurko-gent-160-cm-dab-stirling\/"},"modified":"2026-02-11T18:30:12","modified_gmt":"2026-02-11T15:30:12","slug":"biurko-gent-160-cm-dab-stirling","status":"publish","type":"product","link":"https:\/\/baldumarket.lt\/lt\/product\/biurko-gent-160-cm-dab-stirling\/","title":{"rendered":"GENT ra\u0161omasis stalas, 160 cm, \u0105\u017euolas, Stirling"},"content":{"rendered":"<p>\u201eGent\u201c stalas \u2013 patogi darbo vieta. \u201eGent\u201c kolekcija \u2013 puikus sprendimas stilingo ir madingo interjero m\u0117g\u0117jams. \u0160ioje kolekcijoje gausu \u012fvairi\u0173 bald\u0173, ta\u010diau \u0161iandien daugiausia d\u0117mesio skirsime vienam i\u0161 pagrindini\u0173 jos element\u0173 \u2013 prakti\u0161kam \u201eGent\u201c stalui, kuris neabejotinai taps bet kurio biuro \u0161irdimi. Vienas i\u0161 pagrindini\u0173 \u201eGent\u201c stalo privalum\u0173 yra jo funkcionalumas. Tai ne tik darbo vieta, bet ir baldas, galintis gerokai pagerinti j\u016bs\u0173 nam\u0173 ar biuro tvark\u0105. Erdv\u0117 po stalu gali b\u016bti naudojama \u012fvairiems daiktams laikyti, padedant palaikyti tvark\u0105 ant stalo. Ten galite pasid\u0117ti mobili\u0105 komod\u0105, segtuvus ar kitus b\u016btinus priedus. Kitas aspektas, kur\u012f tikrai \u012fvertinsite, yra didelis \u201eGent\u201c stalo pavir\u0161iaus plotas. Tai vieta, kurioje galite laisvai dirbti, i\u0161d\u0117lioti dokumentus ar dirbti ne\u0161iojamuoju kompiuteriu. Didel\u0117 erdv\u0117 suteikia komforto ir patogumo, o tai itin svarbu ilgomis darbo valandomis. Ta\u010diau tai dar ne viskas \u2013 d\u0117l prakti\u0161kos jungties galite i\u0161pl\u0117sti stal\u0105 ir pritaikyti j\u012f individualiems poreikiams. Tai rei\u0161kia, kad galite j\u012f pritaikyti \u012fvairioms u\u017eduotims ir padidinti savo produktyvum\u0105. \u201eGent\u201c kolekcija taip pat i\u0161siskiria auk\u0161ta gamybos kokybe. Stalvir\u0161is padengtas laminatu, kuris sukuria nematom\u0105 dang\u0105, padidinan\u010di\u0105 atsparum\u0105 \u012fbr\u0117\u017eimams ir kitiems mechaniniams pa\u017eeidimams, atsirandantiems d\u0117l kasdienio naudojimo. Tai rei\u0161kia, kad j\u016bs\u0173 stalas ilg\u0105 laik\u0105 atrodys kaip naujas, net ir intensyviai naudojant. Laminatas yra ne tik patvarus, bet ir lengvai pri\u017ei\u016brimas, tod\u0117l stal\u0105 i\u0161laikyti nepriekai\u0161tingos b\u016bkl\u0117s yra vienas juokas. Kalbant apie i\u0161vaizd\u0105, \u201eGent\u201c stalas yra Stirlingo \u0105\u017euolo spalvos, su matomu medienos ra\u0161tu ir lytimi tikros medienos tekst\u016bra. Tai eleganti\u0161kas ir stilingas pasirinkimas, puikiai tinkantis moderniam interjerui, bet ir papildantis klasikin\u012f dizain\u0105. \u0160is stalas puikiai papildys bet kok\u012f kambar\u012f, suteikdamas jam unikal\u0173 charakter\u012f. \u201eGent\u201c kolekcijoje taip pat si\u016bloma daugyb\u0117 kit\u0173 bald\u0173 ir element\u0173, kuriuos galite derinti, kad sukurtum\u0117te unikalius i\u0161d\u0117stymus savo namuose ar biure. Tai leid\u017eia sukurti darni\u0105 ir harmoning\u0105 erdv\u0119, atspindin\u010di\u0105 j\u016bs\u0173 asmenin\u012f stili\u0173 ir poreikius. Trumpai tariant, \u201eGent\u201c stalas yra ne tik darbo vieta, bet ir funkcionalus baldas, kuris pagerins erdv\u0117s organizavim\u0105 ir u\u017etikrins komfort\u0105. D\u0117l auk\u0161tos kokyb\u0117s gamybos ir eleganti\u0161ko dizaino jis bus puikus bet kokio interjero papildymas. \u201eGent\u201c kolekcija taip pat suteikia galimyb\u0119 eksperimentuoti ir kurti unikalius i\u0161d\u0117stymus, atspindin\u010dius j\u016bs\u0173 stili\u0173. Tod\u0117l verta apsvarstyti \u0161\u012f unikal\u0173 bald\u0105, \u012frengiant savo biur\u0105 ar namus.<\/p>\n<p>Prek\u0117s kodas S228-BIU\/160-DAST Simbolis ZM EAN Ilgis 160 cm Plotis 70 cm Auk\u0161tis 76 cm Kolekcija Gent Spalva stirling \u0105\u017euolas Atspalvis tamsi mediena Stilius modernus Dur\u0173 skai\u010dius be dur\u0173 Stal\u010di\u0173 skai\u010dius be stal\u010di\u0173 Gamintojas Juoda Raudona Balta Baldo tipas Ra\u0161omieji stalai PVM 23% EAN 5906123922708<\/p>","protected":false},"excerpt":{"rendered":"<p>The Gent Desk \u2013 A Comfortable Workplace. The Gent Collection is the perfect solution for lovers of stylish and fashionable interiors. This collection includes a wide variety of furniture, but today we&#8217;ll focus on one of its key elements \u2013 the practical Gent desk, which will undoubtedly become the heart of any office. One of [&hellip;]<\/p>","protected":false},"featured_media":258049,"comment_status":"open","ping_status":"open","template":"","meta":[],"product_brand":[],"product_cat":[9200,1312],"product_tag":[],"class_list":{"0":"post-258048","1":"product","2":"type-product","3":"status-publish","4":"has-post-thumbnail","6":"product_cat-black-red-white","7":"product_cat-desks","9":"first","10":"instock","11":"purchasable","12":"product-type-simple"},"_links":{"self":[{"href":"https:\/\/baldumarket.lt\/lt\/wp-json\/wp\/v2\/product\/258048","targetHints":{"allow":["GET"]}}],"collection":[{"href":"https:\/\/baldumarket.lt\/lt\/wp-json\/wp\/v2\/product"}],"about":[{"href":"https:\/\/baldumarket.lt\/lt\/wp-json\/wp\/v2\/types\/product"}],"replies":[{"embeddable":true,"href":"https:\/\/baldumarket.lt\/lt\/wp-json\/wp\/v2\/comments?post=258048"}],"wp:featuredmedia":[{"embeddable":true,"href":"https:\/\/baldumarket.lt\/lt\/wp-json\/wp\/v2\/media\/258049"}],"wp:attachment":[{"href":"https:\/\/baldumarket.lt\/lt\/wp-json\/wp\/v2\/media?parent=258048"}],"wp:term":[{"taxonomy":"product_brand","embeddable":true,"href":"https:\/\/baldumarket.lt\/lt\/wp-json\/wp\/v2\/product_brand?post=258048"},{"taxonomy":"product_cat","embeddable":true,"href":"https:\/\/baldumarket.lt\/lt\/wp-json\/wp\/v2\/product_cat?post=258048"},{"taxonomy":"product_tag","embeddable":true,"href":"https:\/\/baldumarket.lt\/lt\/wp-json\/wp\/v2\/product_tag?post=258048"}],"curies":[{"name":"wp","href":"https:\/\/api.w.org\/{rel}","templated":true}]}}