{"id":258036,"date":"2026-01-13T22:23:28","date_gmt":"2026-01-13T19:23:28","guid":{"rendered":"https:\/\/baldumarket.lt\/product\/biurko-dwudrzwiowe-z-dwoma-szufladami-kaspian-160-cm-bialy-bialy-matowy\/"},"modified":"2026-02-11T18:30:12","modified_gmt":"2026-02-11T15:30:12","slug":"biurko-dwudrzwiowe-z-dwoma-szufladami-kaspian-160-cm-bialy-bialy-matowy","status":"publish","type":"product","link":"https:\/\/baldumarket.lt\/lt\/product\/biurko-dwudrzwiowe-z-dwoma-szufladami-kaspian-160-cm-bialy-bialy-matowy\/","title":{"rendered":"Dviduris ra\u0161omasis stalas su dviem stal\u010diais KASPIAN 160 cm baltas\/matinis baltas"},"content":{"rendered":"<p>\u201eKaspian\u201c stalas \u2013 patogi darbo vieta. \u0160iuolaikinis gyvenimas da\u017enai reikalauja lankstaus po\u017ei\u016brio \u012f interjero dizain\u0105. \u201eKaspian\u201c modulin\u0117 sistema atitinka \u0161iuos poreikius, leisdama sukurti modernias ir funkcionalias erdves \u012fvairiuose kambariuose, tokiuose kaip valgomasis, svetain\u0117, darbo kambarys ar miegamasis. Vienas i\u0161 pagrindini\u0173 jos element\u0173 yra \u201eKaspian\u201c stalas, kuris yra puikus sprendimas tiems, kurie ie\u0161ko patogios darbo vietos namuose. Pirmas dalykas, kuris patraukia ak\u012f kalbant apie \u201eKaspian\u201c stal\u0105, yra erdvus stalvir\u0161is. \u010cia galite laisvai dirbti, tvarkyti dokumentus ar naudotis kompiuteriu. Didelis stalo pavir\u0161ius u\u017etikrina komfort\u0105 ir patogum\u0105 atliekant kasdienes u\u017eduotis. Papildomas stalo privalumas \u2013 funkcionalios lentynos ir stal\u010diai, leid\u017eiantys lengvai pasiekiamu atstumu laikyti b\u016btiniausius priedus, dokumentus ir ra\u0161ymo priemones. Tai ne tik padidina j\u016bs\u0173 produktyvum\u0105, bet ir padeda palaikyti tvarking\u0105 darbo viet\u0105. Pa\u017eym\u0117tinas \u201eKaspian\u201c stalo dizainas. Subtiliai pastorinti \u0161onai ir stalvir\u0161is ne tik suteikia baldui eleganti\u0161k\u0105 i\u0161vaizd\u0105, bet ir sustiprina jo konstrukcij\u0105. Tai daro stal\u0105 atsparesn\u012f mechaniniams pa\u017eeidimams, o tai rei\u0161kia jo ilgaam\u017ei\u0161kum\u0105. \u201eKaspian\u201c stalas taip pat puikiai papildo kitus \u201eKaspian\u201c modulin\u0117s sistemos elementus. D\u0117l universalios kolekcijos spalv\u0173 gamos baldus galite laisvai derinti su kit\u0173 \u201eBlack Red White\u201c sistem\u0173 komponentais. Tai rei\u0161kia, kad galite sukurti darn\u0173 ir suasmenint\u0105 interjer\u0105, atspindint\u012f j\u016bs\u0173 skon\u012f ir stili\u0173. Trumpai tariant, \u201eKaspian\u201c ra\u0161omasis stalas yra ne tik patogi darbo vieta, bet ir esteti\u0161kai patrauklus bei funkcionalus sprendimas \u012fvairiems j\u016bs\u0173 nam\u0173 kambariams i\u0161d\u0117styti. D\u0117l savo universalumo ir tvirtos konstrukcijos gausite ne tik prakti\u0161k\u0105 darbo viet\u0105, bet ir eleganti\u0161k\u0105 interjero dizaino element\u0105. \u201eKaspian\u201c modulin\u0117 sistema suteikia jums laisv\u0119 susikurti erdv\u0119, atitinkan\u010di\u0105 j\u016bs\u0173 poreikius ir l\u016bkes\u010dius.<\/p>\n<p>Prek\u0117s kodas S128-BIU2D2S\/160-BI\/BIM Simbolis ZM EAN Ilgis 160 cm Plotis 65 cm Auk\u0161tis 77 cm Kolekcija Kaspian Spalva balta\/matin\u0117 balta Atspalvis baltas Stilius modernus Dureli\u0173 skai\u010dius 2 dur\u0173 Stal\u010di\u0173 skai\u010dius 2 stal\u010diai Rankena be ranken\u0117li\u0173 Gamintojas Juoda Raudona Balta Baldo tipas Ra\u0161omieji stalai PVM 23% EAN 5906123882651<\/p>","protected":false},"excerpt":{"rendered":"<p>\u201eKaspian\u201c ra\u0161omasis stalas \u2013 patogi darbo vieta. \u0160iuolaikinis gyvenimas da\u017enai reikalauja lankstaus po\u017ei\u016brio \u012f interjero dizain\u0105. \u201eKaspian\u201c modulin\u0117 sistema atitinka \u0161iuos poreikius, leisdama sukurti modernias ir funkcionalias erdves \u012fvairiuose kambariuose, tokiuose kaip valgomasis, svetain\u0117, darbo kambarys ar miegamasis. Vienas i\u0161 pagrindini\u0173 jos element\u0173 yra \u201eKaspian\u201c ra\u0161omasis stalas, kuris [\u2026]<\/p>","protected":false},"featured_media":258037,"comment_status":"open","ping_status":"open","template":"","meta":[],"product_brand":[],"product_cat":[9200,1312],"product_tag":[],"class_list":{"0":"post-258036","1":"product","2":"type-product","3":"status-publish","4":"has-post-thumbnail","6":"product_cat-black-red-white","7":"product_cat-desks","9":"first","10":"instock","11":"purchasable","12":"product-type-simple"},"_links":{"self":[{"href":"https:\/\/baldumarket.lt\/lt\/wp-json\/wp\/v2\/product\/258036","targetHints":{"allow":["GET"]}}],"collection":[{"href":"https:\/\/baldumarket.lt\/lt\/wp-json\/wp\/v2\/product"}],"about":[{"href":"https:\/\/baldumarket.lt\/lt\/wp-json\/wp\/v2\/types\/product"}],"replies":[{"embeddable":true,"href":"https:\/\/baldumarket.lt\/lt\/wp-json\/wp\/v2\/comments?post=258036"}],"wp:featuredmedia":[{"embeddable":true,"href":"https:\/\/baldumarket.lt\/lt\/wp-json\/wp\/v2\/media\/258037"}],"wp:attachment":[{"href":"https:\/\/baldumarket.lt\/lt\/wp-json\/wp\/v2\/media?parent=258036"}],"wp:term":[{"taxonomy":"product_brand","embeddable":true,"href":"https:\/\/baldumarket.lt\/lt\/wp-json\/wp\/v2\/product_brand?post=258036"},{"taxonomy":"product_cat","embeddable":true,"href":"https:\/\/baldumarket.lt\/lt\/wp-json\/wp\/v2\/product_cat?post=258036"},{"taxonomy":"product_tag","embeddable":true,"href":"https:\/\/baldumarket.lt\/lt\/wp-json\/wp\/v2\/product_tag?post=258036"}],"curies":[{"name":"wp","href":"https:\/\/api.w.org\/{rel}","templated":true}]}}