{"id":258028,"date":"2026-01-13T22:23:22","date_gmt":"2026-01-13T19:23:22","guid":{"rendered":"https:\/\/baldumarket.lt\/product\/biurko-160-z-elektryczna-regulacja-space-office-dab-artisan\/"},"modified":"2026-02-11T18:30:12","modified_gmt":"2026-02-11T15:30:12","slug":"biurko-160-z-elektryczna-regulacja-space-office-dab-artisan","status":"publish","type":"product","link":"https:\/\/baldumarket.lt\/lt\/product\/biurko-160-z-elektryczna-regulacja-space-office-dab-artisan\/","title":{"rendered":"SPACE OFFICE 160 ra\u0161omasis stalas su elektriniu reguliavimu, dirbtinio \u0105\u017euolo spalvos"},"content":{"rendered":"<p>160 SPACE OFFICE elektrinis reguliuojamo auk\u0161\u010dio stalas \u2013 ergonomika ir stilius viename. \u0160is stalas yra ne tik darbo vieta; tai ergonomi\u0161kas sprendimas, u\u017etikrinantis j\u016bs\u0173 komfort\u0105, derinant funkcionalum\u0105 su minimalistiniu stiliumi. Jis puikiai dera prie modernaus, minimalistinio ar skandinavi\u0161ko interjero, tod\u0117l yra puikus biur\u0173, konferencij\u0173 sali\u0173, mokymo centr\u0173 ar net paauglio kambario papildymas. Storas, 22 milimetr\u0173 laminuotos plok\u0161t\u0117s stalvir\u0161is garantuoja patvarum\u0105 ir atsparum\u0105 pa\u017eeidimams, i\u0161laikant esteti\u0161k\u0105 i\u0161vaizd\u0105. Elektrinis auk\u0161\u010dio reguliavimas (nuo 72 iki 120 cm) yra novatori\u0161kas sprendimas, leid\u017eiantis pritaikyti stal\u0105 pagal individualius poreikius. I\u0161saugodami keturis auk\u0161\u010dio lygius, galite greitai j\u012f pritaikyti prie norimos pad\u0117ties. Metalin\u0117s stalo kojel\u0117s ne tik suteikia modernumo, bet ir prisitaiko prie nelygi\u0173 grind\u0173. \u0160is prakti\u0161kas sprendimas garantuoja stabilum\u0105 net ir sud\u0117tingoje reljefo pad\u0117tyje. Nat\u016brali med\u017eio stalvir\u0161io spalva puikiai kontrastuoja su juodomis kojel\u0117mis, sukurdama harmoning\u0105 kompozicij\u0105. 72\u2013120 x 160 cm dyd\u017eio stalas pasi\u017eymi proporcijomis, kurios u\u017etikrina ne tik patogi\u0105 darbo viet\u0105, bet ir esteti\u0161k\u0105 dizain\u0105. 160 cm plo\u010dio elektra reguliuojamo auk\u0161\u010dio stalas yra ne tik efektyvaus darbo \u012frankis; tai elementas, suteikiantis bet kuriai biuro erdvei komforto ir stiliaus. Kartu su kitais biuro baldais ir moderniais akcentais jis sukuria darni\u0105 ir eleganti\u0161k\u0105 aplink\u0105. Prid\u0117kite tinkam\u0105 biuro k\u0117d\u0119 ir ji taps visaverte darbo vieta, pritaikyta j\u016bs\u0173 individualiems poreikiams.<\/p>\n<p>Prek\u0117s kodas S479-BIU\/160\/68\/B-DASN Simbolis ZM EAN Ilgis 160 cm Plotis 68 cm Auk\u0161tis 72\u2013120 cm Kolekcija Erdv\u0117 Biuras Spalva meni\u0161kas \u0105\u017euolas Atspalvis \u0161viesi mediena Stilius modernus Med\u017eiaga laminatas Dur\u0173 skai\u010dius be dur\u0173 Stal\u010di\u0173 skai\u010dius be stal\u010di\u0173 Gamintojas Juoda Raudona Balta Bald\u0173 tipas Ra\u0161omieji stalai PVM mokestis 23% EAN 5906123007610<\/p>","protected":false},"excerpt":{"rendered":"<p>160 SPACE OFFICE elektrinis reguliuojamo auk\u0161\u010dio stalas \u2013 ergonomika ir stilius viename. \u0160is stalas yra ne tik darbo vieta; tai ergonomi\u0161kas sprendimas, u\u017etikrinantis j\u016bs\u0173 komfort\u0105, derinant funkcionalum\u0105 su minimalistiniu stiliumi. Jis puikiai dera prie modernaus, minimalistinio ar skandinavi\u0161ko interjero, tod\u0117l yra puikus biur\u0173, konferencij\u0173 sali\u0173, mokymo centr\u0173 ar net [\u2026] papildymas.<\/p>","protected":false},"featured_media":258029,"comment_status":"open","ping_status":"open","template":"","meta":[],"product_brand":[],"product_cat":[9200,1312],"product_tag":[],"class_list":{"0":"post-258028","1":"product","2":"type-product","3":"status-publish","4":"has-post-thumbnail","6":"product_cat-black-red-white","7":"product_cat-desks","9":"first","10":"instock","11":"purchasable","12":"product-type-simple"},"_links":{"self":[{"href":"https:\/\/baldumarket.lt\/lt\/wp-json\/wp\/v2\/product\/258028","targetHints":{"allow":["GET"]}}],"collection":[{"href":"https:\/\/baldumarket.lt\/lt\/wp-json\/wp\/v2\/product"}],"about":[{"href":"https:\/\/baldumarket.lt\/lt\/wp-json\/wp\/v2\/types\/product"}],"replies":[{"embeddable":true,"href":"https:\/\/baldumarket.lt\/lt\/wp-json\/wp\/v2\/comments?post=258028"}],"wp:featuredmedia":[{"embeddable":true,"href":"https:\/\/baldumarket.lt\/lt\/wp-json\/wp\/v2\/media\/258029"}],"wp:attachment":[{"href":"https:\/\/baldumarket.lt\/lt\/wp-json\/wp\/v2\/media?parent=258028"}],"wp:term":[{"taxonomy":"product_brand","embeddable":true,"href":"https:\/\/baldumarket.lt\/lt\/wp-json\/wp\/v2\/product_brand?post=258028"},{"taxonomy":"product_cat","embeddable":true,"href":"https:\/\/baldumarket.lt\/lt\/wp-json\/wp\/v2\/product_cat?post=258028"},{"taxonomy":"product_tag","embeddable":true,"href":"https:\/\/baldumarket.lt\/lt\/wp-json\/wp\/v2\/product_tag?post=258028"}],"curies":[{"name":"wp","href":"https:\/\/api.w.org\/{rel}","templated":true}]}}