{"id":258016,"date":"2026-01-13T22:23:11","date_gmt":"2026-01-13T19:23:11","guid":{"rendered":"https:\/\/baldumarket.lt\/product\/biurko-140-z-elektryczna-regulacja-space-office-dab-artisan\/"},"modified":"2026-02-11T18:30:12","modified_gmt":"2026-02-11T15:30:12","slug":"biurko-140-z-elektryczna-regulacja-space-office-dab-artisan","status":"publish","type":"product","link":"https:\/\/baldumarket.lt\/lt\/product\/biurko-140-z-elektryczna-regulacja-space-office-dab-artisan\/","title":{"rendered":"SPACE OFFICE 140 ra\u0161omasis stalas su elektriniu reguliavimu, dirbtinio \u0105\u017euolo spalvos"},"content":{"rendered":"<p>140 SPACE OFFICE elektriniu b\u016bdu reguliuojamas stalas \u2013 modernus dizainas ir komfortas ranka pasiekiami. \u0160is minimalistinis stalas si\u016blo ne tik prakti\u0161k\u0105 darbo viet\u0105, bet ir eleganti\u0161k\u0105 bet kurio biuro ar gyvenamosios erdv\u0117s papildym\u0105. Paprastas, sant\u016brus dizainas \u2013 tai tobulas komforto ir estetikos derinys, papildantis ir pagerinantis bet kok\u012f interjer\u0105. Tai nepakei\u010diamas baldas jaunimo kambariui, biurui ar paslaug\u0173 centrui, pasi\u017eymintis universalumu ir funkcionalumu. Minimalistin\u0117 stalo forma puikiai tinka \u012fvairiems dekoro stiliams, pavyzd\u017eiui, moderniam, lofto, minimalistiniam ar skandinavi\u0161kam. D\u0117l universalumo jis lengvai tilps \u012f \u012fvairias erdves, nepriklausomai nuo dyd\u017eio. Tai idealus pasirinkimas ma\u017eesn\u0117ms patalpoms, kur svarbus kiekvienas erdv\u0117s centimetras. Stalas pagamintas i\u0161 patvarios, \u012fbr\u0117\u017eimams atsparios laminuotos plok\u0161t\u0117s, u\u017etikrinan\u010dios ilgalaik\u012f patvarum\u0105. Paprastas, sta\u010diakampis stalvir\u0161is remiasi \u012f tvirtas metalines kojeles su reguliuojamu auk\u0161\u010diu. \u0160is prakti\u0161kas sprendimas prisitaiko prie nelygi\u0173 grind\u0173, u\u017etikrindamas stabilum\u0105. I\u0161skirtinis \u0161io stalo bruo\u017eas \u2013 elektrinis auk\u0161\u010dio reguliavimas, leid\u017eiantis pritaikyti j\u012f individualiems poreikiams. Stalo auk\u0161tis gali b\u016bti nustatytas nuo 72 iki 120 cm, tod\u0117l j\u012f galima greitai ir lengvai pritaikyti prie \u012fvairi\u0173 naudotojo poreiki\u0173. \u0160is novatori\u0161kas sprendimas kasdieniam naudojimui suteikia nauj\u0105 kokyb\u0117s lyg\u012f. Stalvir\u0161is padengtas malonia, \u0161ilta nat\u016bralios medienos spalva, o metalin\u0117s kojel\u0117s suteikia modern\u0173, juod\u0105 charakter\u012f. Stal\u010di\u0173 ir lentyn\u0173 nebuvimas stal\u0105 i\u0161laiko minimalistin\u012f ir funkcional\u0173, paruo\u0161t\u0105 \u012fvairioms u\u017eduotims. Laminuotos plok\u0161t\u0117s storis (22 mm) garantuoja patvarum\u0105, o stalo matmenys (140 cm ilgio) yra optimal\u016bs efektyviam darbui. Stalas puikiai dera su kitais paprastais mediniais baldais ir papildo baldus su metaliniais elementais. Trumpai tariant, elektrinio auk\u0161\u010dio reguliavimo stalas 140 derina modern\u0173 dizain\u0105 su komfortu darbe. \u0160is baldas ne tik tarnauja prakti\u0161kai, bet ir si\u016blo novatori\u0161kus sprendimus, prisitaikan\u010dius prie dinami\u0161k\u0173 naudotojo poreiki\u0173. Tegul \u0161is stalas tampa j\u016bs\u0173 darbo vietos traukos centru, suteikian\u010diu stiliaus ir funkcionalumo.<\/p>\n<p>Prek\u0117s kodas S479-BIU\/140\/68\/B-DASN Simbolis ZM EAN Ilgis 140 cm Plotis 68 cm Auk\u0161tis 72\u2013120 cm Kolekcija Erdv\u0117 Biuras Spalva meni\u0161kas \u0105\u017euolas Atspalvis \u0161viesi mediena Stilius modernus Med\u017eiaga laminatas Dur\u0173 skai\u010dius be dur\u0173 Stal\u010di\u0173 skai\u010dius be stal\u010di\u0173 Gamintojas Juoda Raudona Balta Bald\u0173 tipas Ra\u0161omieji stalai PVM mokestis 23% EAN 5906123007597<\/p>","protected":false},"excerpt":{"rendered":"<p>140 SPACE OFFICE elektra reguliuojamas stalas \u2013 modernus dizainas ir patogumas ranka pasiekiami. \u0160is minimalistinis stalas yra ne tik prakti\u0161ka darbo vieta, bet ir eleganti\u0161kas bet kurio biuro ar gyvenamosios erdv\u0117s papildymas. Jo paprastas, sant\u016brus dizainas yra tobulas patogumo ir estetikos derinys, papildantis ir pagra\u017einantis bet kok\u012f interjer\u0105. Tai nepakei\u010diamas baldas [\u2026]<\/p>","protected":false},"featured_media":258017,"comment_status":"open","ping_status":"open","template":"","meta":[],"product_brand":[],"product_cat":[9200,1312],"product_tag":[],"class_list":{"0":"post-258016","1":"product","2":"type-product","3":"status-publish","4":"has-post-thumbnail","6":"product_cat-black-red-white","7":"product_cat-desks","9":"first","10":"instock","11":"purchasable","12":"product-type-simple"},"_links":{"self":[{"href":"https:\/\/baldumarket.lt\/lt\/wp-json\/wp\/v2\/product\/258016","targetHints":{"allow":["GET"]}}],"collection":[{"href":"https:\/\/baldumarket.lt\/lt\/wp-json\/wp\/v2\/product"}],"about":[{"href":"https:\/\/baldumarket.lt\/lt\/wp-json\/wp\/v2\/types\/product"}],"replies":[{"embeddable":true,"href":"https:\/\/baldumarket.lt\/lt\/wp-json\/wp\/v2\/comments?post=258016"}],"wp:featuredmedia":[{"embeddable":true,"href":"https:\/\/baldumarket.lt\/lt\/wp-json\/wp\/v2\/media\/258017"}],"wp:attachment":[{"href":"https:\/\/baldumarket.lt\/lt\/wp-json\/wp\/v2\/media?parent=258016"}],"wp:term":[{"taxonomy":"product_brand","embeddable":true,"href":"https:\/\/baldumarket.lt\/lt\/wp-json\/wp\/v2\/product_brand?post=258016"},{"taxonomy":"product_cat","embeddable":true,"href":"https:\/\/baldumarket.lt\/lt\/wp-json\/wp\/v2\/product_cat?post=258016"},{"taxonomy":"product_tag","embeddable":true,"href":"https:\/\/baldumarket.lt\/lt\/wp-json\/wp\/v2\/product_tag?post=258016"}],"curies":[{"name":"wp","href":"https:\/\/api.w.org\/{rel}","templated":true}]}}