{"id":258008,"date":"2026-01-13T22:23:06","date_gmt":"2026-01-13T19:23:06","guid":{"rendered":"https:\/\/baldumarket.lt\/product\/biurko-140-space-office-dab-artisan\/"},"modified":"2026-02-11T18:30:13","modified_gmt":"2026-02-11T15:30:13","slug":"biurko-140-space-office-dab-artisan","status":"publish","type":"product","link":"https:\/\/baldumarket.lt\/lt\/product\/biurko-140-space-office-dab-artisan\/","title":{"rendered":"140 ERDV\u0116S BIURAS ra\u0161omasis stalas, \u0105\u017euolas"},"content":{"rendered":"<p>140 SPACE OFFICE stalas \u2013 minimalistinis funkcionalumas ma\u017eose erdv\u0117se. \u0160iandienos prabangos pasaulyje 140 stalas yra puikus sprendimas tiems, kurie vertina minimalizm\u0105 ir funkcionalum\u0105. D\u0117l paprasto dizaino jis puikiai tinka tiek biurui, tiek namams, kur svarbus kiekvienas centimetras. \u0160is kompakti\u0161kas, paprasto dizaino stalas gali b\u016bti geras pasirinkimas net studijose, studijose ar ma\u017euose \u012fmoni\u0173 biuruose. D\u0117l savo universalumo jis tinka \u012fvairiems interjero stiliams \u2013 nuo lofto iki minimalistinio, modernaus ir skandinavi\u0161ko. Tai taip pat puikus pasirinkimas jaunimo kambariui, suteikiantis funkcionalumo neu\u017eimant per daug vietos. Pagamintas i\u0161 laminuotos plok\u0161t\u0117s ir metalo, 140 stalas derina patvarum\u0105 ir estetik\u0105. Atspari \u012fbr\u0117\u017eimams laminuota plok\u0161t\u0117 u\u017etikrina ilgalaik\u0119, nepriekai\u0161ting\u0105 i\u0161vaizd\u0105. Paprastas stalo dizainas su sta\u010diakampiu stalvir\u0161iu ir tvirtomis metalin\u0117mis kojel\u0117mis sukuria neutral\u0173 fon\u0105 naudotojo k\u016brybi\u0161kumui. Tvirtos metalin\u0117s kojel\u0117s ne tik suteikia stabilumo, bet ir si\u016blo reguliuojam\u0105 auk\u0161t\u012f. \u0160is prakti\u0161kas sprendimas prisitaiko prie grind\u0173 linki\u0173, pa\u0161alindamas bet kokius nelygumus. Papildom\u0173 dekoracij\u0173, stal\u010di\u0173 ar spinteli\u0173 nebuvimas paver\u010dia stal\u0105 \u0161variu pavir\u0161iumi, paruo\u0161tu \u012fvairiam naudojimui. Maloni nat\u016bralios medienos spalva su\u0161ildo erdv\u0119, kurioje ji pastatyta. Tai ne tik stalas, bet ir dekoratyvinis elementas, suteikiantis aplinkai jaukumo ir harmonijos. Laminuotos plok\u0161t\u0117s storis (22 mm) garantuoja patvarum\u0105 net ir intensyviai naudojant. 140 cm ilgio ir 75,5 cm auk\u0161\u010dio \u201eDesk 140\u201c si\u016blo daug erdv\u0117s efektyviam darbui. Jis puikiai dera su kitais biuro baldais, ypa\u010d tais, kuriuose yra med\u017eio ir metalo element\u0173. Derinys su metalin\u0117mis lentynomis suteikia erdvei modernumo. Prie jo lengva priderinti atitinkam\u0105 pasukam\u0105 k\u0117d\u0119 ar fotel\u012f, tod\u0117l jis tampa visaverte darbo vieta. D\u0117l savo universalumo jis gali tilpti net ir \u012f ma\u017eiausius interjerus, u\u017etikrindamas efektyvi\u0105 ir esteti\u0161kai patraukli\u0105 darbo viet\u0105. Trumpai tariant, \u201eDesk 140\u201c yra funkcionalumo ir minimalizmo harmonija. Tai ne tik baldas, bet ir i\u0161manus sprendimas tiems, kurie nori efektyviai valdyti erdv\u0119 neaukodami estetikos. Tegul \u0161is stalas tampa j\u016bs\u0173 darbo vietos \u0161irdimi, suteikian\u010dia charakterio ir komforto.<\/p>\n<p>Prek\u0117s kodas S479-BIU\/140\/68\/A-DASN Simbolis ZM EAN Ilgis 140 cm Plotis 68 cm Auk\u0161tis 75,5 cm Kolekcija Erdv\u0117 Biuras Spalva meni\u0161kas \u0105\u017euolas Atspalvis \u0161viesi mediena Stilius modernus Med\u017eiaga laminatas Dur\u0173 skai\u010dius be dur\u0173 Stal\u010di\u0173 skai\u010dius be stal\u010di\u0173 Gamintojas Juoda Raudona Balta Bald\u0173 tipas Ra\u0161omieji stalai PVM Mokestis 23% EAN 5906123007580<\/p>","protected":false},"excerpt":{"rendered":"<p>140 SPACE OFFICE ra\u0161omasis stalas \u2013 minimalistinis funkcionalumas ma\u017eose erdv\u0117se. \u0160iandienos prabangos pasaulyje 140 ra\u0161omasis stalas yra puikus sprendimas tiems, kurie vertina minimalizm\u0105 ir funkcionalum\u0105. D\u0117l paprasto dizaino jis puikiai tinka tiek biuro, tiek nam\u0173 erdv\u0117ms, kur svarbus kiekvienas centimetras. \u0160is kompakti\u0161kas stalas su savo paprastu dizainu [\u2026]<\/p>","protected":false},"featured_media":258009,"comment_status":"open","ping_status":"open","template":"","meta":[],"product_brand":[],"product_cat":[9200,1312],"product_tag":[],"class_list":{"0":"post-258008","1":"product","2":"type-product","3":"status-publish","4":"has-post-thumbnail","6":"product_cat-black-red-white","7":"product_cat-desks","9":"first","10":"instock","11":"purchasable","12":"product-type-simple"},"_links":{"self":[{"href":"https:\/\/baldumarket.lt\/lt\/wp-json\/wp\/v2\/product\/258008","targetHints":{"allow":["GET"]}}],"collection":[{"href":"https:\/\/baldumarket.lt\/lt\/wp-json\/wp\/v2\/product"}],"about":[{"href":"https:\/\/baldumarket.lt\/lt\/wp-json\/wp\/v2\/types\/product"}],"replies":[{"embeddable":true,"href":"https:\/\/baldumarket.lt\/lt\/wp-json\/wp\/v2\/comments?post=258008"}],"wp:featuredmedia":[{"embeddable":true,"href":"https:\/\/baldumarket.lt\/lt\/wp-json\/wp\/v2\/media\/258009"}],"wp:attachment":[{"href":"https:\/\/baldumarket.lt\/lt\/wp-json\/wp\/v2\/media?parent=258008"}],"wp:term":[{"taxonomy":"product_brand","embeddable":true,"href":"https:\/\/baldumarket.lt\/lt\/wp-json\/wp\/v2\/product_brand?post=258008"},{"taxonomy":"product_cat","embeddable":true,"href":"https:\/\/baldumarket.lt\/lt\/wp-json\/wp\/v2\/product_cat?post=258008"},{"taxonomy":"product_tag","embeddable":true,"href":"https:\/\/baldumarket.lt\/lt\/wp-json\/wp\/v2\/product_tag?post=258008"}],"curies":[{"name":"wp","href":"https:\/\/api.w.org\/{rel}","templated":true}]}}