{"id":258000,"date":"2026-01-13T22:22:59","date_gmt":"2026-01-13T19:22:59","guid":{"rendered":"https:\/\/baldumarket.lt\/product\/biurko-120-zele-dab-wotan-bialy-polysk\/"},"modified":"2026-02-11T18:30:13","modified_gmt":"2026-02-11T15:30:13","slug":"biurko-120-zele-dab-wotan-bialy-polysk","status":"publish","type":"product","link":"https:\/\/baldumarket.lt\/lt\/product\/biurko-120-zele-dab-wotan-bialy-polysk\/","title":{"rendered":"Ra\u0161omasis stalas 120 ZELE Wotan \u0105\u017euolas\/blizgi balta"},"content":{"rendered":"<p>\u201eZele\u201c stalas \u2013 j\u016bs\u0173 vieta dideliems projektams. Jei m\u0117gstate modern\u0173 interjero dizain\u0105, \u012fkv\u0117pt\u0105 tiek ekologi\u0161ko gyvenimo b\u016bdo, tiek tradicini\u0173 sprendim\u0173, \u201eZele\u201c kolekcija kaip tik jums. Jos \u0161irdis ir siela yra \u201eZele\u201c stalas \u2013 b\u016btinas kiekvieno mokinio kambario elementas. Papasakokite mums daugiau apie \u0161\u012f funkcional\u0173 bald\u0105, u\u017etikrinant\u012f komfort\u0105 ir produktyvum\u0105 visada. Dydis neatsitiktinis \u2013 \u012fsp\u016bdingas 120 cm plo\u010dio stalvir\u0161is suteikia daug vietos viskam, ko reikia mokiniui. Ant jo lengvai tilps ne\u0161iojamas kompiuteris, u\u017era\u0161\u0173 knygel\u0117s, stalo organizatorius ar net lempa, ap\u0161vie\u010dianti j\u016bs\u0173 u\u017eduotis. Be to, laminuotas \u201eZele\u201c stalo pavir\u0161ius yra ne tik stilingas, bet ir itin atsparus pa\u017eeidimams. Ant jo galite ra\u0161yti, pie\u0161ti ir dirbti daugel\u012f met\u0173, nesijaudindami d\u0117l nusid\u0117v\u0117jimo po\u017eymi\u0173. Baig\u0119 pamokas ar projekt\u0105, jums nereik\u0117s r\u016bpintis tvarkymusi. \u201eZele\u201c stalas buvo sukurtas galvojant apie daikt\u0173 saugojim\u0105. Erdvi spintel\u0117 po stalvir\u0161iu leid\u017eia laikyti u\u017era\u0161\u0173 knygeles, vadov\u0117lius ir kitus dokumentus. Smulkius biuro reikmenis galima laikyti patogiame stal\u010diuje. Tai u\u017etikrins, kad j\u016bs\u0173 darbo vieta visada b\u016bt\u0173 tvarkinga ir paruo\u0161ta darbui. Taip pat verta apsvarstyti \u201eZele\u201c stalo spalv\u0173 gam\u0105. Galite rinktis i\u0161 dviej\u0173 patraukli\u0173 variant\u0173. Pirmasis \u2013 \u201eWotan\u201c \u0105\u017euolo korpuso ir blizgi\u0173 balt\u0173 fasad\u0173 derinys. \u0160is derinys suteikia interjerui modernumo ir elegancijos. Ta\u010diau jei pageidaujate sant\u016bresni\u0173 spalv\u0173, \u201eZele\u201c stalas taip pat yra visi\u0161kai \u201eWotan\u201c \u0105\u017euolo versijos. Galite j\u012f pritaikyti pagal savo individualius pageidavimus ir interjero dizain\u0105. Minimalistin\u0117s rankenos, integruotos \u012f vir\u0161utinius fasad\u0173 kra\u0161tus, suteikia \u201eZele\u201c stalui unikal\u0173 charakter\u012f. Bendra i\u0161vaizda yra ne tik moderni, bet ir eleganti\u0161ka, tod\u0117l puikiai tinka \u012fvairiems interjero stiliams. Ta\u010diau \u201eZele\u201c stalas yra ne tik atskiras baldas. Derindami j\u012f su kitais \u201eZele\u201c kolekcijos moduliais, galite sukurti ergonomi\u0161k\u0105 ir funkcionali\u0105 darbo viet\u0105 savo vaikui ar paaugliui. Tai vieta, kur mokymasis tampa malonumu, o kiekvienas projektas gali b\u016bti grandiozinis. Trumpai tariant, \u201eZele\u201c stalas yra ne tik baldas nam\u0173 darbams. Tai vieta, kur gimsta grandioziniai projektai ir svajon\u0117s tampa realybe. D\u0117l savo funkcionalumo, elegancijos ir dizaino galimybi\u0173 \u201eZele\u201c ra\u0161omasis stalas taps bet kurio studento kambario \u0161irdimi. I\u0161bandykite j\u012f ir pamatykite, kiek daug galite pasiekti \u0161ioje unikalioje erdv\u0117je.<\/p>\n<p>Prek\u0117s kodas S383-BIU\/120-DWO\/BIP Simbolis ZM EAN Ilgis 120 cm Plotis 60 cm Auk\u0161tis 76 cm Kolekcija Zele Spalva wotan \u0105\u017euolas\/blizgi balta Atspalvis baltas Stilius modernus Med\u017eiaga laminatas Dureli\u0173 skai\u010dius 1 dur\u0173 Stal\u010di\u0173 skai\u010dius 1 stal\u010dius Rankena su ranken\u0117l\u0117mis Gamintojas Juoda Raudona Balta Baldo tipas Ra\u0161omieji stalai PVM 23% EAN 5906123928380<\/p>","protected":false},"excerpt":{"rendered":"<p>Zele Desk &#8211; Your Place for Big Projects. If you&#8217;re a fan of modern interior design inspired by both an eco-friendly lifestyle and traditional solutions, then the Zele collection is perfect for you. Its heart and soul is the Zele desk, an essential element of every student&#8217;s room. Let us tell you more about this [&hellip;]<\/p>","protected":false},"featured_media":258001,"comment_status":"open","ping_status":"open","template":"","meta":[],"product_brand":[],"product_cat":[9200,1312],"product_tag":[],"class_list":{"0":"post-258000","1":"product","2":"type-product","3":"status-publish","4":"has-post-thumbnail","6":"product_cat-black-red-white","7":"product_cat-desks","9":"first","10":"instock","11":"purchasable","12":"product-type-simple"},"_links":{"self":[{"href":"https:\/\/baldumarket.lt\/lt\/wp-json\/wp\/v2\/product\/258000","targetHints":{"allow":["GET"]}}],"collection":[{"href":"https:\/\/baldumarket.lt\/lt\/wp-json\/wp\/v2\/product"}],"about":[{"href":"https:\/\/baldumarket.lt\/lt\/wp-json\/wp\/v2\/types\/product"}],"replies":[{"embeddable":true,"href":"https:\/\/baldumarket.lt\/lt\/wp-json\/wp\/v2\/comments?post=258000"}],"wp:featuredmedia":[{"embeddable":true,"href":"https:\/\/baldumarket.lt\/lt\/wp-json\/wp\/v2\/media\/258001"}],"wp:attachment":[{"href":"https:\/\/baldumarket.lt\/lt\/wp-json\/wp\/v2\/media?parent=258000"}],"wp:term":[{"taxonomy":"product_brand","embeddable":true,"href":"https:\/\/baldumarket.lt\/lt\/wp-json\/wp\/v2\/product_brand?post=258000"},{"taxonomy":"product_cat","embeddable":true,"href":"https:\/\/baldumarket.lt\/lt\/wp-json\/wp\/v2\/product_cat?post=258000"},{"taxonomy":"product_tag","embeddable":true,"href":"https:\/\/baldumarket.lt\/lt\/wp-json\/wp\/v2\/product_tag?post=258000"}],"curies":[{"name":"wp","href":"https:\/\/api.w.org\/{rel}","templated":true}]}}