{"id":257992,"date":"2026-01-13T22:22:52","date_gmt":"2026-01-13T19:22:52","guid":{"rendered":"https:\/\/baldumarket.lt\/product\/biurko-120-space-office-dab-artisan\/"},"modified":"2026-02-11T18:30:13","modified_gmt":"2026-02-11T15:30:13","slug":"biurko-120-space-office-dab-artisan","status":"publish","type":"product","link":"https:\/\/baldumarket.lt\/lt\/product\/biurko-120-space-office-dab-artisan\/","title":{"rendered":"120 ERDV\u0116S BIURAS ra\u0161omasis stalas, \u0105\u017euolas"},"content":{"rendered":"<p>120 SPACE OFFICE ra\u0161omasis stalas \u2013 minimalizmo ir universalumo derinys darbui ir studijoms. Esteti\u0161kai patrauklus ir universalus 120 ra\u0161omasis stalas yra ne tik baldas darbui ar studijoms, bet ir tikras minimalistinio dizaino meno k\u016brinys. Pagrindinis jo privalumas \u2013 paprastumas, d\u0117l kurio jis idealiai tinka beveik bet kokiam interjerui. Jis puikiai dera su minimalistiniu, moderniu ir klasikiniu dizainu, be to, tai puikus pasirinkimas jaunimo kambariui. Stalas tinka ne tik nam\u0173 biurams, bet ir aptarnavimo punktams, mokymo kambariams bei biuro erdv\u0117ms. D\u0117l savo universalumo j\u012f lengva integruoti \u012f esam\u0105 interjer\u0105, sukuriant darni\u0105 visum\u0105. Pagamintas i\u0161 auk\u0161tos kokyb\u0117s laminuotos plok\u0161t\u0117s, stalas i\u0161siskiria ne tik estetika, bet ir funkcionalumu. Atsparumas \u012fbr\u0117\u017eimams yra pagrindin\u0117 savyb\u0117, garantuojanti, kad \u0161is baldas tarnaus jums daugel\u012f met\u0173. Paprastas dizainas, be nereikaling\u0173 dekoracij\u0173, stal\u010di\u0173 ir lentyn\u0173, suteikia jam charakterio, i\u0161laikant minimalistin\u0119 elegancij\u0105. Stalo nugar\u0117l\u0117, i\u0161 dalies padengta lenta, suteikia lankstumo j\u012f i\u0161d\u0117styti erdvi\u0161kai, tod\u0117l j\u012f galima lanks\u010diai pastatyti bet kur. Nat\u016bralios medienos spalv\u0173 gama leid\u017eia stalui puikiai dera su kitais baldais ir interjero dizainu, sukurdama maloni\u0105 atmosfer\u0105. 22 mm storio laminuota plok\u0161t\u0117 garantuoja tvirtum\u0105 ir ilgaam\u017ei\u0161kum\u0105, tod\u0117l stalas yra paruo\u0161tas intensyvaus naudojimo reikalavimams. Stalo matmenys (70 x 120 x 75,5 cm) yra kruop\u0161\u010diai parinkti, suteikiant daug erdv\u0117s darbui neu\u017eimant per daug vietos. \u0160is stalas derina funkcionalum\u0105 ir estetik\u0105, tod\u0117l tai puikus pasirinkimas tiems, kurie vertina prakti\u0161kumo ir stiliaus pusiausvyr\u0105. Nepamir\u0161tant universalaus i\u0161d\u0117stymo, prie 120 ra\u0161omojo stalo galima lengvai priderinti atitinkam\u0105 biuro k\u0117d\u0119, kuri ne tik atlieka ergonomines funkcijas, bet ir atitinka dabartines biuro bald\u0173 tendencijas. Jis puikiai dera prie minimalistinio interjero, pabr\u0117\u017edamas savo formos paprastum\u0105. Trumpai tariant, 120 ra\u0161omasis stalas yra ne tik baldas, bet ir minimalistinio po\u017ei\u016brio \u012f darb\u0105 ir mokym\u0105si filosofijos \u012fk\u016bnijimas. Tai pasi\u016blymas tiems, kurie vertina elegancij\u0105 paprastume. Tegul \u0161is universalus stalas tampa j\u016bs\u0173 darbo vietos \u0161irdimi, suteikian\u010dia jai unikal\u0173 charakter\u012f ir funkcionalum\u0105.<\/p>\n<p>Prek\u0117s kodas S479-BIU\/120-DASN Simbolis ZM EAN Ilgis 120 cm Plotis 70 cm Auk\u0161tis 75,5 cm Kolekcija Erdv\u0117 Biuras Spalva meni\u0161kas \u0105\u017euolas Atspalvis \u0161viesi mediena Stilius modernus Med\u017eiaga laminatas Dur\u0173 skai\u010dius be dur\u0173 Stal\u010di\u0173 skai\u010dius be stal\u010di\u0173 Gamintojas Juoda Raudona Balta Bald\u0173 tipas Ra\u0161omieji stalai PVM Mokestis 23% EAN 5906123707251<\/p>","protected":false},"excerpt":{"rendered":"<p>120 SPACE OFFICE ra\u0161omasis stalas \u2013 minimalizmo ir universalumo derinys darbui ir studijoms. Esteti\u0161kai patrauklus ir universalus 120 ra\u0161omasis stalas yra ne tik baldas darbui ar studijoms, bet ir tikras minimalistinio dizaino meno k\u016brinys. Pagrindinis jo privalumas \u2013 paprastumas, tod\u0117l jis idealiai tinka [\u2026]<\/p>","protected":false},"featured_media":257993,"comment_status":"open","ping_status":"open","template":"","meta":[],"product_brand":[],"product_cat":[9200,1312],"product_tag":[],"class_list":{"0":"post-257992","1":"product","2":"type-product","3":"status-publish","4":"has-post-thumbnail","6":"product_cat-black-red-white","7":"product_cat-desks","9":"first","10":"instock","11":"purchasable","12":"product-type-simple"},"_links":{"self":[{"href":"https:\/\/baldumarket.lt\/lt\/wp-json\/wp\/v2\/product\/257992","targetHints":{"allow":["GET"]}}],"collection":[{"href":"https:\/\/baldumarket.lt\/lt\/wp-json\/wp\/v2\/product"}],"about":[{"href":"https:\/\/baldumarket.lt\/lt\/wp-json\/wp\/v2\/types\/product"}],"replies":[{"embeddable":true,"href":"https:\/\/baldumarket.lt\/lt\/wp-json\/wp\/v2\/comments?post=257992"}],"wp:featuredmedia":[{"embeddable":true,"href":"https:\/\/baldumarket.lt\/lt\/wp-json\/wp\/v2\/media\/257993"}],"wp:attachment":[{"href":"https:\/\/baldumarket.lt\/lt\/wp-json\/wp\/v2\/media?parent=257992"}],"wp:term":[{"taxonomy":"product_brand","embeddable":true,"href":"https:\/\/baldumarket.lt\/lt\/wp-json\/wp\/v2\/product_brand?post=257992"},{"taxonomy":"product_cat","embeddable":true,"href":"https:\/\/baldumarket.lt\/lt\/wp-json\/wp\/v2\/product_cat?post=257992"},{"taxonomy":"product_tag","embeddable":true,"href":"https:\/\/baldumarket.lt\/lt\/wp-json\/wp\/v2\/product_tag?post=257992"}],"curies":[{"name":"wp","href":"https:\/\/api.w.org\/{rel}","templated":true}]}}