{"id":257988,"date":"2026-01-13T22:22:49","date_gmt":"2026-01-13T19:22:49","guid":{"rendered":"https:\/\/baldumarket.lt\/product\/biurko-100-luca-juzi-100-cm-modrzew-sibiu-jasny-dab-sonoma-ciemny\/"},"modified":"2026-02-11T18:30:13","modified_gmt":"2026-02-11T15:30:13","slug":"biurko-100-luca-juzi-100-cm-modrzew-sibiu-jasny-dab-sonoma-ciemny","status":"publish","type":"product","link":"https:\/\/baldumarket.lt\/lt\/product\/biurko-100-luca-juzi-100-cm-modrzew-sibiu-jasny-dab-sonoma-ciemny\/","title":{"rendered":"Ra\u0161omasis stalas 100 LUCA JUZI 100 cm \u0161viesus Sibiu maumedis\/tamsus sonoma \u0105\u017euolas"},"content":{"rendered":"<p>\u201eLuca Juzi\u201c ra\u0161omasis stalas \u2013 j\u016bs\u0173 Provanso stiliaus darbo vieta. \u0160iandieniniame nuotolinio darbo pasaulyje gerai suprojektuota darbo vieta yra svarbus kiekvien\u0173 nam\u0173 elementas. \u201eLuca Juzi\u201c kolekcija puikiai atitinka dabartines dizaino tendencijas, o \u0161ios serijos ra\u0161omasis stalas yra esminis jaunimo kambario ar darbo kambario elementas. Paprastas \u201eLuca Juzi\u201c stalo dizainas leid\u017eia j\u012f naudoti net ir ma\u017eose erdv\u0117se. \u012esp\u016bdingas 100 cm plo\u010dio stalvir\u0161is yra puiki vieta nam\u0173 darbams ar kasdieniam mokymuisi. Nesvarbu, ar dirbate nuotoliniu b\u016bdu, planuojate apsipirkim\u0105 internetu ar apmokate s\u0105skaitas, \u0161is kompakti\u0161kas stalas taps j\u016bs\u0173 komand\u0173 centru. \u0160viesios Sibiu maumed\u017eio apdaila suteikia tvirt\u0105 pagrind\u0105 stilingam tamsaus Sonoma \u0105\u017euolo stalvir\u0161iui. \u0160is derinys suteikia baldui elegancijos ir charakterio, kartu atspindint Provanso estetik\u0105. Papildomas privalumas \u2013 groteli\u0173 formos korpuso kra\u0161tai, suteikiantys stalui unikal\u0173 charakter\u012f, ir matomas ra\u0161tas, pabr\u0117\u017eiantis Provanso stiliaus gro\u017e\u012f. \u201eLuca Juzi\u201c ra\u0161omasis stalas yra tik viena i\u0161 \u012fvairios kolekcijos dali\u0173. Derindami \u012fvairius elementus, tokius kaip lentynos, drabu\u017ei\u0173 spinta, lova, naktinis staliukas ar televizoriaus staliukas, galite sukurti funkcionali\u0105 erdv\u0119, pritaikyt\u0105 individualiems j\u016bs\u0173 \u0161eimos poreikiams. Kiekvienas kolekcijos elementas i\u0161laiko stilistin\u012f nuoseklum\u0105, tod\u0117l juos galima harmoningai sujungti \u012f vien\u0105 darni\u0105 visum\u0105. Provanso stilius, \u012fkv\u0117p\u0119s \u201eLuca Juzi\u201c kolekcij\u0105, yra ne tik madingas; tai taip pat b\u016bdas sukurti jauk\u0173 ir eleganti\u0161k\u0105 interjer\u0105. Paprastas, bet grak\u0161tus ra\u0161omojo stalo ir kit\u0173 kolekcijos element\u0173 dizainas suteikia interjerui nauj\u0105 dimensij\u0105, spinduliuoja ramyb\u0119 ir stili\u0173. \u201eLuca Juzi\u201c ra\u0161omasis stalas yra ne tik darbo vieta; tai taip pat dekoratyvinis elementas, suteikiantis kambariui charakterio. Pasirinkdami \u0161i\u0105 kolekcij\u0105, investuojate ne tik \u012f funkcionalum\u0105, bet ir \u012f estetik\u0105 bei harmonij\u0105 savo namuose.<\/p>\n<p>Prek\u0117s kodas S328-BIU\/100-MSJ\/DSOC Simbolis ZM EAN Ilgis 100 cm Plotis 59 cm Auk\u0161tis 76,5 cm Kolekcija Luca Juzi Spalva \u0161viesi Sibiu maumedis \/ tamsus sonoma \u0105\u017euolas Gaubtas \u0161viesi mediena Stilius modernus Med\u017eiaga laminatas Dureli\u0173 skai\u010dius be dur\u0173 Stal\u010di\u0173 skai\u010dius be stal\u010di\u0173 Gamintojas Juoda Raudona Balta Bald\u0173 tipas Ra\u0161omieji stalai PVM mokestis 23% EAN 5906123925563<\/p>","protected":false},"excerpt":{"rendered":"<p>\u201eLuca Juzi\u201c ra\u0161omasis stalas \u2013 j\u016bs\u0173 Provanso stiliaus darbo vieta. \u0160iandieniniame nuotolinio darbo pasaulyje gerai suprojektuota darbo vieta yra svarbus kiekvien\u0173 nam\u0173 elementas. \u201eLuca Juzi\u201c kolekcija puikiai atitinka dabartines dizaino tendencijas, o \u0161ios serijos ra\u0161omasis stalas yra esminis jaunimo kambario ar darbo kambario elementas. Paprastas \u201eLuca\u201c dizainas [\u2026]<\/p>","protected":false},"featured_media":257989,"comment_status":"open","ping_status":"open","template":"","meta":[],"product_brand":[],"product_cat":[9200,1312],"product_tag":[],"class_list":{"0":"post-257988","1":"product","2":"type-product","3":"status-publish","4":"has-post-thumbnail","6":"product_cat-black-red-white","7":"product_cat-desks","9":"first","10":"instock","11":"purchasable","12":"product-type-simple"},"_links":{"self":[{"href":"https:\/\/baldumarket.lt\/lt\/wp-json\/wp\/v2\/product\/257988","targetHints":{"allow":["GET"]}}],"collection":[{"href":"https:\/\/baldumarket.lt\/lt\/wp-json\/wp\/v2\/product"}],"about":[{"href":"https:\/\/baldumarket.lt\/lt\/wp-json\/wp\/v2\/types\/product"}],"replies":[{"embeddable":true,"href":"https:\/\/baldumarket.lt\/lt\/wp-json\/wp\/v2\/comments?post=257988"}],"wp:featuredmedia":[{"embeddable":true,"href":"https:\/\/baldumarket.lt\/lt\/wp-json\/wp\/v2\/media\/257989"}],"wp:attachment":[{"href":"https:\/\/baldumarket.lt\/lt\/wp-json\/wp\/v2\/media?parent=257988"}],"wp:term":[{"taxonomy":"product_brand","embeddable":true,"href":"https:\/\/baldumarket.lt\/lt\/wp-json\/wp\/v2\/product_brand?post=257988"},{"taxonomy":"product_cat","embeddable":true,"href":"https:\/\/baldumarket.lt\/lt\/wp-json\/wp\/v2\/product_cat?post=257988"},{"taxonomy":"product_tag","embeddable":true,"href":"https:\/\/baldumarket.lt\/lt\/wp-json\/wp\/v2\/product_tag?post=257988"}],"curies":[{"name":"wp","href":"https:\/\/api.w.org\/{rel}","templated":true}]}}