{"id":257797,"date":"2026-01-10T23:02:19","date_gmt":"2026-01-10T20:02:19","guid":{"rendered":"https:\/\/baldumarket.lt\/product\/zewnetrzne-oswietlenie-zestaw-led-szafy-l-300-biale-zimne\/"},"modified":"2026-02-11T18:30:13","modified_gmt":"2026-02-11T15:30:13","slug":"zewnetrzne-oswietlenie-zestaw-led-szafy-l-300-biale-zimne","status":"publish","type":"product","link":"https:\/\/baldumarket.lt\/lt\/product\/zewnetrzne-oswietlenie-zestaw-led-szafy-l-300-biale-zimne\/","title":{"rendered":"I\u0160ORINIS LED SPINTEL\u0116S AP\u0160VIETIMO KOMPLEKTAS L-300 \u0160ALTAI BALTA SPALVA"},"content":{"rendered":"<p>Pavadinimas b2b sistemoje LED SPINTELI\u0172 RINKINYS L-300 \u0160ALTAI BALTA Montavimas Savaranki\u0161kam surinkimui \u0160viesos spalva \u0160altai balta Energijos klas\u0117 A++ Gaminio \u012franga 12 W maitinimo \u0161altinis \/ skirstytuvas \/ laidai \/ jungiklis \/ 2 LED ap\u0161vietimo profiliai<\/p>","protected":false},"excerpt":{"rendered":"<p>Pavadinimas b2b sistemoje LED SPINTELI\u0172 RINKINYS L-300 \u0160ALTAI BALTA Montavimas Savaranki\u0161kam surinkimui \u0160viesos spalva \u0160altai balta Energijos klas\u0117 A++ Gaminio \u012franga 12 W maitinimo \u0161altinis \/ skirstytuvas \/ laidai \/ jungiklis \/ 2 LED ap\u0161vietimo profiliai<\/p>","protected":false},"featured_media":254920,"comment_status":"open","ping_status":"open","template":"","meta":[],"product_brand":[],"product_cat":[1043,2457],"product_tag":[],"class_list":{"0":"post-257797","1":"product","2":"type-product","3":"status-publish","4":"has-post-thumbnail","6":"product_cat-extras","7":"product_cat-liveo","9":"first","10":"instock","11":"purchasable","12":"product-type-simple"},"_links":{"self":[{"href":"https:\/\/baldumarket.lt\/lt\/wp-json\/wp\/v2\/product\/257797","targetHints":{"allow":["GET"]}}],"collection":[{"href":"https:\/\/baldumarket.lt\/lt\/wp-json\/wp\/v2\/product"}],"about":[{"href":"https:\/\/baldumarket.lt\/lt\/wp-json\/wp\/v2\/types\/product"}],"replies":[{"embeddable":true,"href":"https:\/\/baldumarket.lt\/lt\/wp-json\/wp\/v2\/comments?post=257797"}],"wp:featuredmedia":[{"embeddable":true,"href":"https:\/\/baldumarket.lt\/lt\/wp-json\/wp\/v2\/media\/254920"}],"wp:attachment":[{"href":"https:\/\/baldumarket.lt\/lt\/wp-json\/wp\/v2\/media?parent=257797"}],"wp:term":[{"taxonomy":"product_brand","embeddable":true,"href":"https:\/\/baldumarket.lt\/lt\/wp-json\/wp\/v2\/product_brand?post=257797"},{"taxonomy":"product_cat","embeddable":true,"href":"https:\/\/baldumarket.lt\/lt\/wp-json\/wp\/v2\/product_cat?post=257797"},{"taxonomy":"product_tag","embeddable":true,"href":"https:\/\/baldumarket.lt\/lt\/wp-json\/wp\/v2\/product_tag?post=257797"}],"curies":[{"name":"wp","href":"https:\/\/api.w.org\/{rel}","templated":true}]}}