{"id":257792,"date":"2026-01-10T23:02:05","date_gmt":"2026-01-10T20:02:05","guid":{"rendered":"https:\/\/baldumarket.lt\/product\/zewnetrzne-oswietlenie-tasma-led-l-800-z-wlacznikiem-katowym-biale-zimne\/"},"modified":"2026-02-11T18:30:13","modified_gmt":"2026-02-11T15:30:13","slug":"zewnetrzne-oswietlenie-tasma-led-l-800-z-wlacznikiem-katowym-biale-zimne","status":"publish","type":"product","link":"https:\/\/baldumarket.lt\/lt\/product\/zewnetrzne-oswietlenie-tasma-led-l-800-z-wlacznikiem-katowym-biale-zimne\/","title":{"rendered":"LAUKO AP\u0160VIETIMO LED JUOSTEL\u0116 L-800 SU KAMPINI\u0172 JUNGIKLIU, \u0160ALTAI BALTA"},"content":{"rendered":"<p>Pavadinimas b2b sistemoje LED juosta L-800 su kampiniu jungikliu, \u0161altai balta Montavimas Savaranki\u0161kam surinkimui \u0160viesos spalva \u0160altai balta Energijos klas\u0117 A++ Gaminio \u012franga 12 W maitinimo \u0161altinis \/ laidai \/ jungiklis su reguliuojamu \u0161viesos intensyvumu \/ LED ap\u0161vietimo juosta<\/p>","protected":false},"excerpt":{"rendered":"<p>Pavadinimas b2b sistemoje LED juosta L-800 su kampiniu jungikliu, \u0161altai balta Montavimas Savaranki\u0161kam surinkimui \u0160viesos spalva \u0160altai balta Energijos klas\u0117 A++ Gaminio \u012franga 12 W maitinimo \u0161altinis \/ laidai \/ jungiklis su reguliuojamu \u0161viesos intensyvumu \/ LED ap\u0161vietimo juosta<\/p>","protected":false},"featured_media":254489,"comment_status":"open","ping_status":"open","template":"","meta":[],"product_brand":[],"product_cat":[1043,2457],"product_tag":[],"class_list":{"0":"post-257792","1":"product","2":"type-product","3":"status-publish","4":"has-post-thumbnail","6":"product_cat-extras","7":"product_cat-liveo","9":"first","10":"instock","11":"purchasable","12":"product-type-simple"},"_links":{"self":[{"href":"https:\/\/baldumarket.lt\/lt\/wp-json\/wp\/v2\/product\/257792","targetHints":{"allow":["GET"]}}],"collection":[{"href":"https:\/\/baldumarket.lt\/lt\/wp-json\/wp\/v2\/product"}],"about":[{"href":"https:\/\/baldumarket.lt\/lt\/wp-json\/wp\/v2\/types\/product"}],"replies":[{"embeddable":true,"href":"https:\/\/baldumarket.lt\/lt\/wp-json\/wp\/v2\/comments?post=257792"}],"wp:featuredmedia":[{"embeddable":true,"href":"https:\/\/baldumarket.lt\/lt\/wp-json\/wp\/v2\/media\/254489"}],"wp:attachment":[{"href":"https:\/\/baldumarket.lt\/lt\/wp-json\/wp\/v2\/media?parent=257792"}],"wp:term":[{"taxonomy":"product_brand","embeddable":true,"href":"https:\/\/baldumarket.lt\/lt\/wp-json\/wp\/v2\/product_brand?post=257792"},{"taxonomy":"product_cat","embeddable":true,"href":"https:\/\/baldumarket.lt\/lt\/wp-json\/wp\/v2\/product_cat?post=257792"},{"taxonomy":"product_tag","embeddable":true,"href":"https:\/\/baldumarket.lt\/lt\/wp-json\/wp\/v2\/product_tag?post=257792"}],"curies":[{"name":"wp","href":"https:\/\/api.w.org\/{rel}","templated":true}]}}