{"id":257788,"date":"2026-01-10T23:01:56","date_gmt":"2026-01-10T20:01:56","guid":{"rendered":"https:\/\/baldumarket.lt\/product\/zewnetrzne-oswietlenie-tasma-led-2200-mm-biale-cieple\/"},"modified":"2026-02-11T18:30:13","modified_gmt":"2026-02-11T15:30:13","slug":"zewnetrzne-oswietlenie-tasma-led-2200-mm-biale-cieple","status":"publish","type":"product","link":"https:\/\/baldumarket.lt\/lt\/product\/zewnetrzne-oswietlenie-tasma-led-2200-mm-biale-cieple\/","title":{"rendered":"LAUKO AP\u0160VIETIMO LED JUOSTEL\u0116 2200 MM \u0160ILTAI BALTA"},"content":{"rendered":"<p>Pavadinimas b2b sistemoje LED juostel\u0117 (rinkinys \/2200) \u0161iltai balta Montavimas Savaranki\u0161kam surinkimui \u0160viesos spalva \u0160iltai balta Energijos klas\u0117 A++ Gaminio \u012franga Maitinimo \u0161altinis 12 W \/ Kabelis \/ LED ap\u0161vietimo juosta<\/p>","protected":false},"excerpt":{"rendered":"<p>Pavadinimas b2b sistemoje LED juostel\u0117 (rinkinys \/2200) \u0161iltai balta Montavimas Savaranki\u0161kam surinkimui \u0160viesos spalva \u0160iltai balta Energijos klas\u0117 A++ Gaminio \u012franga Maitinimo \u0161altinis 12 W \/ Kabelis \/ LED ap\u0161vietimo juosta<\/p>","protected":false},"featured_media":257668,"comment_status":"open","ping_status":"open","template":"","meta":[],"product_brand":[],"product_cat":[1043,2457],"product_tag":[],"class_list":{"0":"post-257788","1":"product","2":"type-product","3":"status-publish","4":"has-post-thumbnail","6":"product_cat-extras","7":"product_cat-liveo","9":"first","10":"instock","11":"purchasable","12":"product-type-simple"},"_links":{"self":[{"href":"https:\/\/baldumarket.lt\/lt\/wp-json\/wp\/v2\/product\/257788","targetHints":{"allow":["GET"]}}],"collection":[{"href":"https:\/\/baldumarket.lt\/lt\/wp-json\/wp\/v2\/product"}],"about":[{"href":"https:\/\/baldumarket.lt\/lt\/wp-json\/wp\/v2\/types\/product"}],"replies":[{"embeddable":true,"href":"https:\/\/baldumarket.lt\/lt\/wp-json\/wp\/v2\/comments?post=257788"}],"wp:featuredmedia":[{"embeddable":true,"href":"https:\/\/baldumarket.lt\/lt\/wp-json\/wp\/v2\/media\/257668"}],"wp:attachment":[{"href":"https:\/\/baldumarket.lt\/lt\/wp-json\/wp\/v2\/media?parent=257788"}],"wp:term":[{"taxonomy":"product_brand","embeddable":true,"href":"https:\/\/baldumarket.lt\/lt\/wp-json\/wp\/v2\/product_brand?post=257788"},{"taxonomy":"product_cat","embeddable":true,"href":"https:\/\/baldumarket.lt\/lt\/wp-json\/wp\/v2\/product_cat?post=257788"},{"taxonomy":"product_tag","embeddable":true,"href":"https:\/\/baldumarket.lt\/lt\/wp-json\/wp\/v2\/product_tag?post=257788"}],"curies":[{"name":"wp","href":"https:\/\/api.w.org\/{rel}","templated":true}]}}