{"id":257783,"date":"2026-01-10T23:01:45","date_gmt":"2026-01-10T20:01:45","guid":{"rendered":"https:\/\/baldumarket.lt\/product\/zewnetrzne-oswietlenie-profil-led-l-1852-bc-zw-wlacznik-katowy-szary\/"},"modified":"2026-02-11T18:30:14","modified_gmt":"2026-02-11T15:30:14","slug":"zewnetrzne-oswietlenie-profil-led-l-1852-bc-zw-wlacznik-katowy-szary","status":"publish","type":"product","link":"https:\/\/baldumarket.lt\/lt\/product\/zewnetrzne-oswietlenie-profil-led-l-1852-bc-zw-wlacznik-katowy-szary\/","title":{"rendered":"LAUKO LED PROFILINIS \u0160VIESTUVAS L-1852\/BC ZW (PILKAS KAMPINIS JUNGIKLIS)"},"content":{"rendered":"<p>Pavadinimas b2b sistemoje LED profilis L-1852\/BC ZW (PILKAS KAMPINIS JUNGIKLIS) Montavimas Savaranki\u0161kam surinkimui \u0160viesos spalva \u0160iltai balta Energijos klas\u0117 A++ Gaminio \u012franga Maitinimo \u0161altinis 12 W \/ laidai \/ jungiklis \/ LED ap\u0161vietimo profilis<\/p>","protected":false},"excerpt":{"rendered":"<p>Pavadinimas b2b sistemoje LED profilis L-1852\/BC ZW (PILKAS KAMPINIS JUNGIKLIS) Montavimas Savaranki\u0161kam surinkimui \u0160viesos spalva \u0160iltai balta Energijos klas\u0117 A++ Gaminio \u012franga Maitinimo \u0161altinis 12 W \/ laidai \/ jungiklis \/ LED ap\u0161vietimo profilis<\/p>","protected":false},"featured_media":253940,"comment_status":"open","ping_status":"open","template":"","meta":[],"product_brand":[],"product_cat":[1043,2457],"product_tag":[],"class_list":{"0":"post-257783","1":"product","2":"type-product","3":"status-publish","4":"has-post-thumbnail","6":"product_cat-extras","7":"product_cat-liveo","9":"first","10":"instock","11":"purchasable","12":"product-type-simple"},"_links":{"self":[{"href":"https:\/\/baldumarket.lt\/lt\/wp-json\/wp\/v2\/product\/257783","targetHints":{"allow":["GET"]}}],"collection":[{"href":"https:\/\/baldumarket.lt\/lt\/wp-json\/wp\/v2\/product"}],"about":[{"href":"https:\/\/baldumarket.lt\/lt\/wp-json\/wp\/v2\/types\/product"}],"replies":[{"embeddable":true,"href":"https:\/\/baldumarket.lt\/lt\/wp-json\/wp\/v2\/comments?post=257783"}],"wp:featuredmedia":[{"embeddable":true,"href":"https:\/\/baldumarket.lt\/lt\/wp-json\/wp\/v2\/media\/253940"}],"wp:attachment":[{"href":"https:\/\/baldumarket.lt\/lt\/wp-json\/wp\/v2\/media?parent=257783"}],"wp:term":[{"taxonomy":"product_brand","embeddable":true,"href":"https:\/\/baldumarket.lt\/lt\/wp-json\/wp\/v2\/product_brand?post=257783"},{"taxonomy":"product_cat","embeddable":true,"href":"https:\/\/baldumarket.lt\/lt\/wp-json\/wp\/v2\/product_cat?post=257783"},{"taxonomy":"product_tag","embeddable":true,"href":"https:\/\/baldumarket.lt\/lt\/wp-json\/wp\/v2\/product_tag?post=257783"}],"curies":[{"name":"wp","href":"https:\/\/api.w.org\/{rel}","templated":true}]}}