{"id":257778,"date":"2026-01-10T23:01:35","date_gmt":"2026-01-10T20:01:35","guid":{"rendered":"https:\/\/baldumarket.lt\/product\/zewnetrzne-oswietlenie-profil-led-1655x10x10-biale-zimne\/"},"modified":"2026-02-11T18:30:14","modified_gmt":"2026-02-11T15:30:14","slug":"zewnetrzne-oswietlenie-profil-led-1655x10x10-biale-zimne","status":"publish","type":"product","link":"https:\/\/baldumarket.lt\/lt\/product\/zewnetrzne-oswietlenie-profil-led-1655x10x10-biale-zimne\/","title":{"rendered":"LAUKO \u0160VIESOS LED PROFILIS 1655x10x10 \u0160ALTAI BALTA SPALVA"},"content":{"rendered":"<p>Pavadinimas b2b sistemoje LED profilis 1655x10x10 \u0161altai balta Montavimas Savaranki\u0161kam surinkimui \u0160viesos spalva \u0160altai balta Energijos klas\u0117 A++ Gaminio \u012franga 12 W maitinimo \u0161altinis \/ laidai \/ jungiklis su reguliuojamu \u0161viesos intensyvumu \/ LED ap\u0161vietimo profilis<\/p>","protected":false},"excerpt":{"rendered":"<p>Pavadinimas b2b sistemoje LED profilis 1655x10x10 \u0161altai balta Montavimas Savaranki\u0161kam surinkimui \u0160viesos spalva \u0160altai balta Energijos klas\u0117 A++ Gaminio \u012franga 12 W maitinimo \u0161altinis \/ laidai \/ jungiklis su reguliuojamu \u0161viesos intensyvumu \/ LED ap\u0161vietimo profilis<\/p>","protected":false},"featured_media":254451,"comment_status":"open","ping_status":"open","template":"","meta":[],"product_brand":[],"product_cat":[1043,2457],"product_tag":[],"class_list":{"0":"post-257778","1":"product","2":"type-product","3":"status-publish","4":"has-post-thumbnail","6":"product_cat-extras","7":"product_cat-liveo","9":"first","10":"instock","11":"purchasable","12":"product-type-simple"},"_links":{"self":[{"href":"https:\/\/baldumarket.lt\/lt\/wp-json\/wp\/v2\/product\/257778","targetHints":{"allow":["GET"]}}],"collection":[{"href":"https:\/\/baldumarket.lt\/lt\/wp-json\/wp\/v2\/product"}],"about":[{"href":"https:\/\/baldumarket.lt\/lt\/wp-json\/wp\/v2\/types\/product"}],"replies":[{"embeddable":true,"href":"https:\/\/baldumarket.lt\/lt\/wp-json\/wp\/v2\/comments?post=257778"}],"wp:featuredmedia":[{"embeddable":true,"href":"https:\/\/baldumarket.lt\/lt\/wp-json\/wp\/v2\/media\/254451"}],"wp:attachment":[{"href":"https:\/\/baldumarket.lt\/lt\/wp-json\/wp\/v2\/media?parent=257778"}],"wp:term":[{"taxonomy":"product_brand","embeddable":true,"href":"https:\/\/baldumarket.lt\/lt\/wp-json\/wp\/v2\/product_brand?post=257778"},{"taxonomy":"product_cat","embeddable":true,"href":"https:\/\/baldumarket.lt\/lt\/wp-json\/wp\/v2\/product_cat?post=257778"},{"taxonomy":"product_tag","embeddable":true,"href":"https:\/\/baldumarket.lt\/lt\/wp-json\/wp\/v2\/product_tag?post=257778"}],"curies":[{"name":"wp","href":"https:\/\/api.w.org\/{rel}","templated":true}]}}