{"id":257773,"date":"2026-01-10T23:01:22","date_gmt":"2026-01-10T20:01:22","guid":{"rendered":"https:\/\/baldumarket.lt\/product\/zewnetrzne-i-wewnetrzne-oswietlenie-zestaw-led-1xspace-2xgama-3s-60mm-biale-cieple\/"},"modified":"2026-02-11T18:30:14","modified_gmt":"2026-02-11T15:30:14","slug":"zewnetrzne-i-wewnetrzne-oswietlenie-zestaw-led-1xspace-2xgama-3s-60mm-biale-cieple","status":"publish","type":"product","link":"https:\/\/baldumarket.lt\/lt\/product\/zewnetrzne-i-wewnetrzne-oswietlenie-zestaw-led-1xspace-2xgama-3s-60mm-biale-cieple\/","title":{"rendered":"I\u0160ORINIO IR VIDAUS LED AP\u0160VIETIMO KOMPLEKTAS 1xSPACE, 2xGAMA 3S 60mm \u2013 \u0160ILTAI BALTA"},"content":{"rendered":"<p>Pavadinimas b2b sistemoje LED KIT 1xSPACE, 2xGAMA 3S 60mm \u2013 \u0160ILTAI BALTA Montavimas Savaranki\u0161kam surinkimui \u0160viesos spalva \u0160iltai balta Energijos klas\u0117 A++ Gaminio \u012franga 12 W maitinimo \u0161altinis \/ laidai \/ jungiklis \/ 3 LED \u0161viesos ta\u0161kai<\/p>","protected":false},"excerpt":{"rendered":"<p>Pavadinimas b2b sistemoje LED KIT 1xSPACE, 2xGAMA 3S 60mm \u2013 \u0160ILTAI BALTA Montavimas Savaranki\u0161kam surinkimui \u0160viesos spalva \u0160iltai balta Energijos klas\u0117 A++ Gaminio \u012franga 12 W maitinimo \u0161altinis \/ laidai \/ jungiklis \/ 3 LED \u0161viesos ta\u0161kai<\/p>","protected":false},"featured_media":253055,"comment_status":"open","ping_status":"open","template":"","meta":[],"product_brand":[],"product_cat":[1043,2457],"product_tag":[],"class_list":{"0":"post-257773","1":"product","2":"type-product","3":"status-publish","4":"has-post-thumbnail","6":"product_cat-extras","7":"product_cat-liveo","9":"first","10":"instock","11":"purchasable","12":"product-type-simple"},"_links":{"self":[{"href":"https:\/\/baldumarket.lt\/lt\/wp-json\/wp\/v2\/product\/257773","targetHints":{"allow":["GET"]}}],"collection":[{"href":"https:\/\/baldumarket.lt\/lt\/wp-json\/wp\/v2\/product"}],"about":[{"href":"https:\/\/baldumarket.lt\/lt\/wp-json\/wp\/v2\/types\/product"}],"replies":[{"embeddable":true,"href":"https:\/\/baldumarket.lt\/lt\/wp-json\/wp\/v2\/comments?post=257773"}],"wp:featuredmedia":[{"embeddable":true,"href":"https:\/\/baldumarket.lt\/lt\/wp-json\/wp\/v2\/media\/253055"}],"wp:attachment":[{"href":"https:\/\/baldumarket.lt\/lt\/wp-json\/wp\/v2\/media?parent=257773"}],"wp:term":[{"taxonomy":"product_brand","embeddable":true,"href":"https:\/\/baldumarket.lt\/lt\/wp-json\/wp\/v2\/product_brand?post=257773"},{"taxonomy":"product_cat","embeddable":true,"href":"https:\/\/baldumarket.lt\/lt\/wp-json\/wp\/v2\/product_cat?post=257773"},{"taxonomy":"product_tag","embeddable":true,"href":"https:\/\/baldumarket.lt\/lt\/wp-json\/wp\/v2\/product_tag?post=257773"}],"curies":[{"name":"wp","href":"https:\/\/api.w.org\/{rel}","templated":true}]}}