{"id":257770,"date":"2026-01-10T23:01:16","date_gmt":"2026-01-10T20:01:16","guid":{"rendered":"https:\/\/baldumarket.lt\/product\/zestaw-zasilajacy-24w\/"},"modified":"2026-02-11T18:30:14","modified_gmt":"2026-02-11T15:30:14","slug":"zestaw-zasilajacy-24w","status":"publish","type":"product","link":"https:\/\/baldumarket.lt\/lt\/product\/zestaw-zasilajacy-24w\/","title":{"rendered":"24 W MAITINIMO RINKINYS"},"content":{"rendered":"<p>Pavadinimas b2b sistemoje 24 W MAITINIMO \u0160ALTINIO RINKINYS Surinkimas Savaranki\u0161kam surinkimui Gaminio \u012franga 24 W maitinimo \u0161altinis \/ 6 ta\u0161k\u0173 skirstytuvas \/ kabeliai \/ nuotolinio valdymo pultas su \u0161viesos intensyvumo reguliavimu Papildoma informacija apie gamin\u012f Prijungiant prie maitinimo \u0161altinio daugiau nei vien\u0105 blok\u0105, \u012fsitikinkite, kad bendra galia nevir\u0161ija 24 W<\/p>","protected":false},"excerpt":{"rendered":"<p>Pavadinimas b2b sistemoje 24 W MAITINIMO \u0160ALTINIO RINKINYS Surinkimas Savaranki\u0161kam surinkimui Gaminio \u012franga 24 W maitinimo \u0161altinis \/ 6 ta\u0161k\u0173 skirstytuvas \/ kabeliai \/ nuotolinio valdymo pultas su \u0161viesos intensyvumo reguliavimu Papildoma informacija apie gamin\u012f Prijungiant prie maitinimo \u0161altinio daugiau nei vien\u0105 blok\u0105, \u012fsitikinkite, kad bendra galia nevir\u0161ija 24 W<\/p>","protected":false},"featured_media":257624,"comment_status":"open","ping_status":"open","template":"","meta":[],"product_brand":[],"product_cat":[1043,2457],"product_tag":[],"class_list":{"0":"post-257770","1":"product","2":"type-product","3":"status-publish","4":"has-post-thumbnail","6":"product_cat-extras","7":"product_cat-liveo","9":"first","10":"instock","11":"product-type-simple"},"_links":{"self":[{"href":"https:\/\/baldumarket.lt\/lt\/wp-json\/wp\/v2\/product\/257770","targetHints":{"allow":["GET"]}}],"collection":[{"href":"https:\/\/baldumarket.lt\/lt\/wp-json\/wp\/v2\/product"}],"about":[{"href":"https:\/\/baldumarket.lt\/lt\/wp-json\/wp\/v2\/types\/product"}],"replies":[{"embeddable":true,"href":"https:\/\/baldumarket.lt\/lt\/wp-json\/wp\/v2\/comments?post=257770"}],"wp:featuredmedia":[{"embeddable":true,"href":"https:\/\/baldumarket.lt\/lt\/wp-json\/wp\/v2\/media\/257624"}],"wp:attachment":[{"href":"https:\/\/baldumarket.lt\/lt\/wp-json\/wp\/v2\/media?parent=257770"}],"wp:term":[{"taxonomy":"product_brand","embeddable":true,"href":"https:\/\/baldumarket.lt\/lt\/wp-json\/wp\/v2\/product_brand?post=257770"},{"taxonomy":"product_cat","embeddable":true,"href":"https:\/\/baldumarket.lt\/lt\/wp-json\/wp\/v2\/product_cat?post=257770"},{"taxonomy":"product_tag","embeddable":true,"href":"https:\/\/baldumarket.lt\/lt\/wp-json\/wp\/v2\/product_tag?post=257770"}],"curies":[{"name":"wp","href":"https:\/\/api.w.org\/{rel}","templated":true}]}}