{"id":257768,"date":"2026-01-10T23:01:12","date_gmt":"2026-01-10T20:01:12","guid":{"rendered":"https:\/\/baldumarket.lt\/product\/zestaw-zasilajacy-12w-2\/"},"modified":"2026-02-11T18:30:15","modified_gmt":"2026-02-11T15:30:15","slug":"zestaw-zasilajacy-12w-2","status":"publish","type":"product","link":"https:\/\/baldumarket.lt\/lt\/product\/zestaw-zasilajacy-12w-2\/","title":{"rendered":"12 W MAITINIMO RINKINYS"},"content":{"rendered":"<p>Pavadinimas b2b sistemoje MAITINIMO \u0160ALTINIO RINKINYS 12 W Surinkimas Savaranki\u0161kam surinkimui Gaminio \u012franga 12 W maitinimo \u0161altinis \/ 6 ta\u0161k\u0173 skirstytuvas \/ kabeliai \/ nuotolinio valdymo pultas su \u0161viesos intensyvumo reguliavimu Papildoma informacija apie gamin\u012f Prijungiant prie maitinimo \u0161altinio daugiau nei vien\u0105 blok\u0105, \u012fsitikinkite, kad bendra galia nevir\u0161ija 12 W<\/p>","protected":false},"excerpt":{"rendered":"<p>Pavadinimas b2b sistemoje MAITINIMO \u0160ALTINIO RINKINYS 12 W Surinkimas Savaranki\u0161kam surinkimui Gaminio \u012franga 12 W maitinimo \u0161altinis \/ 6 ta\u0161k\u0173 skirstytuvas \/ kabeliai \/ nuotolinio valdymo pultas su \u0161viesos intensyvumo reguliavimu Papildoma informacija apie gamin\u012f Prijungiant prie maitinimo \u0161altinio daugiau nei vien\u0105 blok\u0105, \u012fsitikinkite, kad bendra galia nevir\u0161ija 12 W<\/p>","protected":false},"featured_media":253751,"comment_status":"open","ping_status":"open","template":"","meta":[],"product_brand":[],"product_cat":[1043,2457],"product_tag":[],"class_list":{"0":"post-257768","1":"product","2":"type-product","3":"status-publish","4":"has-post-thumbnail","6":"product_cat-extras","7":"product_cat-liveo","9":"first","10":"instock","11":"purchasable","12":"product-type-simple"},"_links":{"self":[{"href":"https:\/\/baldumarket.lt\/lt\/wp-json\/wp\/v2\/product\/257768","targetHints":{"allow":["GET"]}}],"collection":[{"href":"https:\/\/baldumarket.lt\/lt\/wp-json\/wp\/v2\/product"}],"about":[{"href":"https:\/\/baldumarket.lt\/lt\/wp-json\/wp\/v2\/types\/product"}],"replies":[{"embeddable":true,"href":"https:\/\/baldumarket.lt\/lt\/wp-json\/wp\/v2\/comments?post=257768"}],"wp:featuredmedia":[{"embeddable":true,"href":"https:\/\/baldumarket.lt\/lt\/wp-json\/wp\/v2\/media\/253751"}],"wp:attachment":[{"href":"https:\/\/baldumarket.lt\/lt\/wp-json\/wp\/v2\/media?parent=257768"}],"wp:term":[{"taxonomy":"product_brand","embeddable":true,"href":"https:\/\/baldumarket.lt\/lt\/wp-json\/wp\/v2\/product_brand?post=257768"},{"taxonomy":"product_cat","embeddable":true,"href":"https:\/\/baldumarket.lt\/lt\/wp-json\/wp\/v2\/product_cat?post=257768"},{"taxonomy":"product_tag","embeddable":true,"href":"https:\/\/baldumarket.lt\/lt\/wp-json\/wp\/v2\/product_tag?post=257768"}],"curies":[{"name":"wp","href":"https:\/\/api.w.org\/{rel}","templated":true}]}}