{"id":257757,"date":"2026-01-10T23:00:56","date_gmt":"2026-01-10T20:00:56","guid":{"rendered":"https:\/\/baldumarket.lt\/product\/york-y18-180-loze-bez-pojemnika-na-posciel\/"},"modified":"2026-02-11T18:30:15","modified_gmt":"2026-02-11T15:30:15","slug":"york-y18-180-loze-bez-pojemnika-na-posciel","status":"publish","type":"product","link":"https:\/\/baldumarket.lt\/lt\/product\/york-y18-180-loze-bez-pojemnika-na-posciel\/","title":{"rendered":"YORK Y18\/180 LOVA BE PATALYN\u0116S D\u0116\u017d\u0116S"},"content":{"rendered":"<p>Lova YORK Y18 \u2013 b\u016btinas bet kurio miegamojo baldas. Ji pasi\u017eymi moderniu ir stilingu dizainu. Lov\u0105 sudaro r\u0117mas ir apmu\u0161tas galv\u016bgalis, pagamintas i\u0161 TATUM \u0161enilinio audinio, u\u017etikrinan\u010dio nugaros komfort\u0105 skaitant ar \u017ei\u016brint televizori\u0173. \u010ciu\u017einys ir r\u0117mas \u012f komplekt\u0105 ne\u012feina; juos galima \u012fsigyti atskirai. \u0160ilto med\u017eio atspalvio, grafito spalvos lovos element\u0173 ir apmu\u0161to galv\u016bgalio derinys patraukia ak\u012f ir sukuria tikrai dizainerio stiliaus bald\u0105 bet kokiam interjerui. Be to, lovos r\u0117m\u0105 galite ap\u0161viesti LED juostele (u\u017e papildom\u0105 mokest\u012f), taip sukurdami subtil\u0173 \u0161vyt\u0117jim\u0105 ir romanti\u0161k\u0105 atmosfer\u0105. Lova yra trij\u0173 dyd\u017ei\u0173: 140 cm, 160 cm ir 180 cm. Ji puikiai papildys kitus YORK kolekcijos baldus arba bus naudojama kaip atskiras baldas.<\/p>\n<p>Plotis 190 cm Ilgis 220 cm Auk\u0161tis 100 cm Miegamoji erdv\u0117 180 cm x 200 cm Produkto svoris su pakuote 89,75 kg Gamintojo kodas \/ simbolis Y18\/180 Kolekcijos pavadinimas YORK Pavadinimas b2b sistemoje YORK Y-18\/180 grandson \u0105\u017euolas\/grafitas LOV\u0172 komplektas Produkto pakuo\u010di\u0173 skai\u010dius 4 Stilius Modernus \u012eranga Surinkimo instrukcijos \/ surinkimo priedai Surinkimas Savaranki\u0161kam surinkimui Spalvos Grandson \u0105\u017euolas \/ Grafitas Vir\u0161utin\u0117s dalies med\u017eiaga \/ tipas \/ storis 16 mm baldin\u0117 lenta \/ 22 mm baldin\u0117 lenta Kair\u0117s ir de\u0161in\u0117s pusi\u0173 med\u017eiaga \/ tipas \/ storis 22 mm baldin\u0117 lenta Apatin\u0117s dalies med\u017eiaga \/ tipas \/ storis 22 mm baldin\u0117 lenta Pagrindo med\u017eiaga \/ tipas \/ storis 16 mm baldin\u0117 lenta Kojel\u0117 \/ med\u017eiaga \/ spalva Nereguliuojama \/ Bald\u0173 slydiklis \/ plastikas \/ Juoda Korpuso \u012franga Standartinis apmu\u0161tas galv\u016bgalio panelis i\u0161 juodo audinio Pavadinimas \/ audinio numeris Faro \/ 6<\/p>","protected":false},"excerpt":{"rendered":"<p>Lova YORK Y18 \u2013 b\u016btinas bet kurio miegamojo baldas. Ji pasi\u017eymi moderniu ir stilingu dizainu. Lov\u0105 sudaro r\u0117mas ir apmu\u0161tas galv\u016bgalis, pagamintas i\u0161 TATUM \u0161enilinio audinio, u\u017etikrinan\u010dio nugaros komfort\u0105 skaitant ar \u017ei\u016brint televizori\u0173. \u010ciu\u017einys ir r\u0117mas \u012f komplekt\u0105 ne\u012feina; juos galima \u012fsigyti atskirai. [\u2026]<\/p>","protected":false},"featured_media":257758,"comment_status":"open","ping_status":"open","template":"","meta":[],"product_brand":[],"product_cat":[505,2457],"product_tag":[],"class_list":{"0":"post-257757","1":"product","2":"type-product","3":"status-publish","4":"has-post-thumbnail","6":"product_cat-bedroom-beds","7":"product_cat-liveo","9":"first","10":"instock","11":"purchasable","12":"product-type-simple"},"_links":{"self":[{"href":"https:\/\/baldumarket.lt\/lt\/wp-json\/wp\/v2\/product\/257757","targetHints":{"allow":["GET"]}}],"collection":[{"href":"https:\/\/baldumarket.lt\/lt\/wp-json\/wp\/v2\/product"}],"about":[{"href":"https:\/\/baldumarket.lt\/lt\/wp-json\/wp\/v2\/types\/product"}],"replies":[{"embeddable":true,"href":"https:\/\/baldumarket.lt\/lt\/wp-json\/wp\/v2\/comments?post=257757"}],"wp:featuredmedia":[{"embeddable":true,"href":"https:\/\/baldumarket.lt\/lt\/wp-json\/wp\/v2\/media\/257758"}],"wp:attachment":[{"href":"https:\/\/baldumarket.lt\/lt\/wp-json\/wp\/v2\/media?parent=257757"}],"wp:term":[{"taxonomy":"product_brand","embeddable":true,"href":"https:\/\/baldumarket.lt\/lt\/wp-json\/wp\/v2\/product_brand?post=257757"},{"taxonomy":"product_cat","embeddable":true,"href":"https:\/\/baldumarket.lt\/lt\/wp-json\/wp\/v2\/product_cat?post=257757"},{"taxonomy":"product_tag","embeddable":true,"href":"https:\/\/baldumarket.lt\/lt\/wp-json\/wp\/v2\/product_tag?post=257757"}],"curies":[{"name":"wp","href":"https:\/\/api.w.org\/{rel}","templated":true}]}}