{"id":257735,"date":"2026-01-10T23:00:38","date_gmt":"2026-01-10T20:00:38","guid":{"rendered":"https:\/\/baldumarket.lt\/product\/york-y16-szafka-nocna-lewostronna\/"},"modified":"2026-02-11T18:30:16","modified_gmt":"2026-02-11T15:30:16","slug":"york-y16-szafka-nocna-lewostronna","status":"publish","type":"product","link":"https:\/\/baldumarket.lt\/lt\/product\/york-y16-szafka-nocna-lewostronna\/","title":{"rendered":"YORK Y16 KAIR\u0116S PUS\u0116S NAKTINIS STILIUKAS"},"content":{"rendered":"<p>Kairysis naktinis staliukas YORK Y16 puikiai tinka ne tik miegamajam, bet ir poilsio zonai. Kompakti\u0161kas dizainas suteikia \u017eavesio ir funkcionalumo. Stal\u010diuje ant rutulini\u0173 guoli\u0173 b\u0117geli\u0173 tilps visi reikalingi daiktai, o vir\u0161utin\u0117 dalis tarnaus kaip lentyn\u0117l\u0117 naktinei lempai, telefonui ar knygai. \u0160ilto med\u017eio atspalvio ir grafito element\u0173 derinys spintel\u0117je patraukia ak\u012f ir sukuria tikrai dizainerio stiliaus bald\u0105 bet kokiam interjerui. Fasadai be ranken\u0117li\u0173 suteikia lengvumo ir pabr\u0117\u017eia unikal\u0173 bald\u0173 charakter\u012f. Spintel\u0117 idealiai tinka derinti su kitais YORK serijos baldais arba naudoti kaip atskir\u0105 bald\u0105, pritaikant j\u012f prie savo kambario interjero.<\/p>\n<p>Plotis 58 cm Gylis 39,5 cm Auk\u0161tis 50,5 cm Produkto svoris su pakuote 21,80 kg Gamintojo kodas \/ simbolis Y16 Kolekcijos pavadinimas YORK Pavadinimas b2b sistemoje YORK Y-16 grandson \u0105\u017euolas\/grafitas NAKTIN\u0116 SPINTEL\u0116 L komplektas Produkto pakuo\u010di\u0173 skai\u010dius 2 Stilius Modernus \u012eranga Surinkimo instrukcijos \/ surinkimo priedai Surinkimas Savaranki\u0161kam surinkimui Korpuso spalva Grandson \u0105\u017euolas \/ Grafitas Korpuso med\u017eiaga \/ tipas \/ storis 16 mm bald\u0173 plok\u0161t\u0117 \/ 16 mm MDF bald\u0173 plok\u0161t\u0117 \/ juostel\u0117 18 mm MDF bald\u0173 plok\u0161t\u0117 Vir\u0161utinio korpuso med\u017eiaga \/ tipas \/ storis 22 mm bald\u0173 plok\u0161t\u0117 Apatinio korpuso med\u017eiaga \/ tipas \/ storis 22 mm bald\u0173 plok\u0161t\u0117 Galin\u0117s sienel\u0117s med\u017eiaga \/ tipas \/ storis 2,5 mm HDF bald\u0173 plok\u0161t\u0117 Matomos galin\u0117s sienel\u0117s dalies spalva auksinis \u0105\u017euolas Priekin\u0117 spalva Grandson \u0105\u017euolas Priekin\u0117 med\u017eiaga \/ tipas \/ storis 16 mm bald\u0173 plok\u0161t\u0117 \/ 18 mm MDF bald\u0173 plok\u0161t\u0117 Priekinis vyris \u2300 35 mm reguliuojamas trijose plok\u0161tumose Priekin\u0117 rankena \/ med\u017eiaga \/ spalva Frezuota \/ Grandson \u0105\u017euolas Kojel\u0117 \/ med\u017eiaga \/ spalva Nereguliuojama \/ plastikin\u0117 \/ grafito Dureli\u0173 skai\u010dius 1 Kiekis Atvir\u0173 ertmi\u0173 skai\u010dius 1 U\u017edar\u0173 ertmi\u0173 skai\u010dius 1<\/p>","protected":false},"excerpt":{"rendered":"<p>The YORK Y16 Left-Hand Nightstand complements not only a bedroom but also a relaxation area. Its compact design adds charm and functionality. The drawer on ball-bearing slides holds all your essentials, while the top serves as a shelf for a bedside lamp, phone, or book. The combination of the warm wood tone with the graphite [&hellip;]<\/p>","protected":false},"featured_media":257736,"comment_status":"open","ping_status":"open","template":"","meta":[],"product_brand":[],"product_cat":[1176,2457],"product_tag":[],"class_list":{"0":"post-257735","1":"product","2":"type-product","3":"status-publish","4":"has-post-thumbnail","6":"product_cat-bedside-tables","7":"product_cat-liveo","9":"first","10":"instock","11":"purchasable","12":"product-type-simple"},"_links":{"self":[{"href":"https:\/\/baldumarket.lt\/lt\/wp-json\/wp\/v2\/product\/257735","targetHints":{"allow":["GET"]}}],"collection":[{"href":"https:\/\/baldumarket.lt\/lt\/wp-json\/wp\/v2\/product"}],"about":[{"href":"https:\/\/baldumarket.lt\/lt\/wp-json\/wp\/v2\/types\/product"}],"replies":[{"embeddable":true,"href":"https:\/\/baldumarket.lt\/lt\/wp-json\/wp\/v2\/comments?post=257735"}],"wp:featuredmedia":[{"embeddable":true,"href":"https:\/\/baldumarket.lt\/lt\/wp-json\/wp\/v2\/media\/257736"}],"wp:attachment":[{"href":"https:\/\/baldumarket.lt\/lt\/wp-json\/wp\/v2\/media?parent=257735"}],"wp:term":[{"taxonomy":"product_brand","embeddable":true,"href":"https:\/\/baldumarket.lt\/lt\/wp-json\/wp\/v2\/product_brand?post=257735"},{"taxonomy":"product_cat","embeddable":true,"href":"https:\/\/baldumarket.lt\/lt\/wp-json\/wp\/v2\/product_cat?post=257735"},{"taxonomy":"product_tag","embeddable":true,"href":"https:\/\/baldumarket.lt\/lt\/wp-json\/wp\/v2\/product_tag?post=257735"}],"curies":[{"name":"wp","href":"https:\/\/api.w.org\/{rel}","templated":true}]}}