{"id":257732,"date":"2026-01-10T23:00:35","date_gmt":"2026-01-10T20:00:35","guid":{"rendered":"https:\/\/baldumarket.lt\/product\/york-y15-stol-rozkladany\/"},"modified":"2026-02-11T18:30:16","modified_gmt":"2026-02-11T15:30:16","slug":"york-y15-stol-rozkladany","status":"publish","type":"product","link":"https:\/\/baldumarket.lt\/lt\/product\/york-y15-stol-rozkladany\/","title":{"rendered":"YORK Y15 I\u0160PL\u0116STAMAS STALAS"},"content":{"rendered":"<p>YORK Y15 i\u0161skleid\u017eiamas stalas papildys tiek klasikines, tiek modernias svetaines, valgomuosius ir virtuves. Paprastas dizainas suteiks j\u016bs\u0173 interjerui tvarkos ir harmonijos. Funkcionalus ir prakti\u0161kas stalas kasdien taupo viet\u0105, o i\u0161skleistas puikiai tinka dideliems \u0161eimos susib\u016brimams. Sulankstytas jo plotis yra 160 cm, o i\u0161skleistas \u2013 200 cm. \u0160ilto med\u017eio atspalvio ir grafito element\u0173 derinys traukia ak\u012f ir sukuria tikrai dizainerio stiliaus bald\u0105 bet kokiam interjerui. Stalas puikiai dera su kitais YORK serijos baldais arba yra atskiras baldas, prisitaikantis prie j\u016bs\u0173 kambario dekoro.<\/p>\n<p>I\u0161traukiama TAIP \u012ed\u0117kl\u0173 skai\u010dius 1 Plotis 90 cm Ilgis 160 cm Ilgis po i\u0161skleidimo 200 cm Auk\u0161tis 76 cm Produkto svoris su pakuote 52,75 kg Gamintojo kodas \/ simbolis Y15 Kolekcijos pavadinimas YORK Pavadinimas b2b sistemoje YORK Y-15 grandson \u0105\u017euolas\/grafitas TABLE komplektas Produkto pakuo\u010di\u0173 skai\u010dius 3 Stilius UNIVERSAL \u012eranga Surinkimo instrukcijos \/ surinkimo priedai Surinkimas Savaranki\u0161kam surinkimui Spalvos Grandson \u0105\u017euolas \/ Grafitas Stalvir\u0161io med\u017eiaga \/ tipas \/ storis 28 mm baldin\u0117 lenta R\u0117mo med\u017eiaga \/ tipas \/ storis 16 mm baldin\u0117 lenta Kojeli\u0173 med\u017eiaga \/ tipas \/ storis 22 mm baldin\u0117 lenta Kojel\u0117 \/ med\u017eiaga \/ spalva Nereguliuojama \/ Bald\u0173 b\u0117geliai \/ plastikas \/ Juoda<\/p>","protected":false},"excerpt":{"rendered":"<p>The YORK Y15 extendable table will complement both classic and modern living rooms, dining rooms, and kitchens. Its simple design will bring order and harmony to your interior. Functional and practical, it saves space on a daily basis, and when extended, it&#8217;s perfect for large family gatherings. When folded, it measures 160 cm wide and [&hellip;]<\/p>","protected":false},"featured_media":257699,"comment_status":"open","ping_status":"open","template":"","meta":[],"product_brand":[],"product_cat":[2457,1934],"product_tag":[],"class_list":{"0":"post-257732","1":"product","2":"type-product","3":"status-publish","4":"has-post-thumbnail","6":"product_cat-liveo","7":"product_cat-tables","9":"first","10":"instock","11":"purchasable","12":"product-type-simple"},"_links":{"self":[{"href":"https:\/\/baldumarket.lt\/lt\/wp-json\/wp\/v2\/product\/257732","targetHints":{"allow":["GET"]}}],"collection":[{"href":"https:\/\/baldumarket.lt\/lt\/wp-json\/wp\/v2\/product"}],"about":[{"href":"https:\/\/baldumarket.lt\/lt\/wp-json\/wp\/v2\/types\/product"}],"replies":[{"embeddable":true,"href":"https:\/\/baldumarket.lt\/lt\/wp-json\/wp\/v2\/comments?post=257732"}],"wp:featuredmedia":[{"embeddable":true,"href":"https:\/\/baldumarket.lt\/lt\/wp-json\/wp\/v2\/media\/257699"}],"wp:attachment":[{"href":"https:\/\/baldumarket.lt\/lt\/wp-json\/wp\/v2\/media?parent=257732"}],"wp:term":[{"taxonomy":"product_brand","embeddable":true,"href":"https:\/\/baldumarket.lt\/lt\/wp-json\/wp\/v2\/product_brand?post=257732"},{"taxonomy":"product_cat","embeddable":true,"href":"https:\/\/baldumarket.lt\/lt\/wp-json\/wp\/v2\/product_cat?post=257732"},{"taxonomy":"product_tag","embeddable":true,"href":"https:\/\/baldumarket.lt\/lt\/wp-json\/wp\/v2\/product_tag?post=257732"}],"curies":[{"name":"wp","href":"https:\/\/api.w.org\/{rel}","templated":true}]}}