{"id":257729,"date":"2026-01-10T23:00:32","date_gmt":"2026-01-10T20:00:32","guid":{"rendered":"https:\/\/baldumarket.lt\/product\/york-y14-lawa-rozkladana\/"},"modified":"2026-02-11T18:30:16","modified_gmt":"2026-02-11T15:30:16","slug":"york-y14-lawa-rozkladana","status":"publish","type":"product","link":"https:\/\/baldumarket.lt\/lt\/product\/york-y14-lawa-rozkladana\/","title":{"rendered":"JORKAS Y14 SULANKSTOMAS SUOLAS"},"content":{"rendered":"<p>I\u0161traukiamas kavos staliukas YORK Y14 atrodo ne\u012ftik\u0117tinai eleganti\u0161kai valgomajame ar svetain\u0117je, tod\u0117l tai puikus sprendimas ma\u017eoms erdv\u0117ms. Kasdieniam naudojimui ant jo galite pad\u0117ti puodel\u012f kavos, m\u0117gstam\u0105 \u017eurnal\u0105 ir, jei reikia, lengvai reguliuoti stalo ilg\u012f, kad tilpt\u0173 daugiau \u017emoni\u0173. Stalas ne\u012ftik\u0117tinai lengvai i\u0161traukiamas, o jo ilg\u012f bet kada galite padidinti nuo 114 cm iki 144 cm. Tvirtas kolonos pagrindas u\u017etikrina stabilum\u0105. \u0160ilto med\u017eio atspalvio ir grafito element\u0173 derinys prie stalo traukia ak\u012f ir sukuria tikrai dizainerio bald\u0105 bet kokiam interjerui. Kavos staliukas puikiai dera su kitais YORK serijos baldais arba kaip atskiras baldas, prisitaikydamas prie j\u016bs\u0173 kambario dizaino.<\/p>\n<p>I\u0161traukiama TAIP \u012ed\u0117kl\u0173 skai\u010dius 1 Plotis 68 cm Ilgis 114 cm Ilgis po i\u0161skleidimo 144 cm Auk\u0161tis 51,5 cm Produkto svoris su pakuote 39,90 kg Gamintojo kodas \/ simbolis Y14 Kolekcijos pavadinimas YORK Pavadinimas b2b sistemoje YORK Y-14 grandson \u0105\u017euolo\/grafito kavos staliuko komplektas Produkto pakuo\u010di\u0173 skai\u010dius 3 Stilius UNIVERSAL \u012eranga Surinkimo instrukcijos \/ surinkimo priedai Surinkimas Savaranki\u0161kam surinkimui Spalvos Grandson \u0105\u017euolo \/ grafito Stalvir\u0161io med\u017eiaga \/ tipas \/ storis 28 mm baldin\u0117 lenta R\u0117mo med\u017eiaga \/ tipas \/ storis 16 mm baldin\u0117 lenta Kolonos med\u017eiaga \/ tipas \/ storis 16 mm baldin\u0117 lenta Kolonos pagrindo med\u017eiaga \/ tipas \/ storis 28 mm baldin\u0117 lenta Kojel\u0117 \/ med\u017eiaga \/ spalva Nereguliuojama \/ Bald\u0173 b\u0117geliai \/ plastikas \/ Juoda<\/p>","protected":false},"excerpt":{"rendered":"<p>I\u0161traukiamas kavos staliukas YORK Y14 atrodo ne\u012ftik\u0117tinai eleganti\u0161kai valgomajame ar svetain\u0117je, tod\u0117l tai puikus sprendimas ma\u017eoms erdv\u0117ms. Kasdieniam naudojimui ant jo galite pad\u0117ti puodel\u012f kavos, m\u0117gstam\u0105 \u017eurnal\u0105 ir, jei reikia, lengvai reguliuoti stalo ilg\u012f, kad tilpt\u0173 daugiau \u017emoni\u0173. [\u2026]<\/p>","protected":false},"featured_media":254789,"comment_status":"open","ping_status":"open","template":"","meta":[],"product_brand":[],"product_cat":[866,2457],"product_tag":[],"class_list":{"0":"post-257729","1":"product","2":"type-product","3":"status-publish","4":"has-post-thumbnail","6":"product_cat-coffee-tables","7":"product_cat-liveo","9":"first","10":"instock","11":"purchasable","12":"product-type-simple"},"_links":{"self":[{"href":"https:\/\/baldumarket.lt\/lt\/wp-json\/wp\/v2\/product\/257729","targetHints":{"allow":["GET"]}}],"collection":[{"href":"https:\/\/baldumarket.lt\/lt\/wp-json\/wp\/v2\/product"}],"about":[{"href":"https:\/\/baldumarket.lt\/lt\/wp-json\/wp\/v2\/types\/product"}],"replies":[{"embeddable":true,"href":"https:\/\/baldumarket.lt\/lt\/wp-json\/wp\/v2\/comments?post=257729"}],"wp:featuredmedia":[{"embeddable":true,"href":"https:\/\/baldumarket.lt\/lt\/wp-json\/wp\/v2\/media\/254789"}],"wp:attachment":[{"href":"https:\/\/baldumarket.lt\/lt\/wp-json\/wp\/v2\/media?parent=257729"}],"wp:term":[{"taxonomy":"product_brand","embeddable":true,"href":"https:\/\/baldumarket.lt\/lt\/wp-json\/wp\/v2\/product_brand?post=257729"},{"taxonomy":"product_cat","embeddable":true,"href":"https:\/\/baldumarket.lt\/lt\/wp-json\/wp\/v2\/product_cat?post=257729"},{"taxonomy":"product_tag","embeddable":true,"href":"https:\/\/baldumarket.lt\/lt\/wp-json\/wp\/v2\/product_tag?post=257729"}],"curies":[{"name":"wp","href":"https:\/\/api.w.org\/{rel}","templated":true}]}}