{"id":257727,"date":"2026-01-10T23:00:29","date_gmt":"2026-01-10T20:00:29","guid":{"rendered":"https:\/\/baldumarket.lt\/product\/york-y13-wieszak\/"},"modified":"2026-02-11T18:30:16","modified_gmt":"2026-02-11T15:30:16","slug":"york-y13-wieszak","status":"publish","type":"product","link":"https:\/\/baldumarket.lt\/lt\/product\/york-y13-wieszak\/","title":{"rendered":"YORK Y13 PAKABA"},"content":{"rendered":"<p>YORK Y13 kabykla pasi\u017eymi paprastu, minimalistiniu dizainu, tod\u0117l puikiai tinka ma\u017eam prie\u0161kambariui ar spintai. Ji labai funkcionali \u2013 turi lentyn\u0105, ranken\u0105 ir kabliukus drabu\u017ei\u0173 spintai susid\u0117ti. \u0160ilto med\u017eio atspalvio ir grafito element\u0173 derinys patraukia ak\u012f ir sukuria tikrai dizainerio stiliaus element\u0105 bet kokiam interjerui. Kabykla puikiai atrodo derinama su Y-11 ir Y-12 spintel\u0117mis, sukurdama darn\u0173 prie\u0161kambario dizain\u0105.<\/p>\n<p>Plotis 77 cm Gylis 24,5 cm Auk\u0161tis 101,5 cm Produkto svoris su pakuote 12,85 kg Gamintojo kodas \/ simbolis Y13 Kolekcijos pavadinimas YORK Pavadinimas b2b sistemoje YORK Y-13 grandson oak PAKAB\u0172 komplektas Produkto pakuo\u010di\u0173 skai\u010dius 1 Stilius Modernus \u012eranga Surinkimo instrukcijos \/ surinkimo priedai Surinkimas Savaranki\u0161kam surinkimui Spalvos Grandson \u0105\u017euolas Korpuso med\u017eiaga \/ tipas \/ storis 16 mm bald\u0173 plok\u0161t\u0117 \/ 18 mm MDF bald\u0173 plok\u0161t\u0117 Korpuso vir\u0161utin\u0117s dalies med\u017eiaga \/ tipas \/ storis 22 mm bald\u0173 plok\u0161t\u0117 Korpuso \u012franga Standartinis 1 pakabos b\u0117gelis Standartinis 3 drabu\u017ei\u0173 pakabos Standartiniai reguliuojami bald\u0173 pakabos<\/p>","protected":false},"excerpt":{"rendered":"<p>The YORK Y13 coat rack features a simple, minimalist design, making it perfect for a small hallway or closet. It&#8217;s highly functional \u2013 it features a shelf, a handle, and hooks for arranging your wardrobe. The combination of the warm wood tone and the graphite elements of the coat rack is eye-catching and creates a [&hellip;]<\/p>","protected":false},"featured_media":257681,"comment_status":"open","ping_status":"open","template":"","meta":[],"product_brand":[],"product_cat":[1931,2457],"product_tag":[],"class_list":{"0":"post-257727","1":"product","2":"type-product","3":"status-publish","4":"has-post-thumbnail","6":"product_cat-hangers","7":"product_cat-liveo","9":"first","10":"instock","11":"purchasable","12":"product-type-simple"},"_links":{"self":[{"href":"https:\/\/baldumarket.lt\/lt\/wp-json\/wp\/v2\/product\/257727","targetHints":{"allow":["GET"]}}],"collection":[{"href":"https:\/\/baldumarket.lt\/lt\/wp-json\/wp\/v2\/product"}],"about":[{"href":"https:\/\/baldumarket.lt\/lt\/wp-json\/wp\/v2\/types\/product"}],"replies":[{"embeddable":true,"href":"https:\/\/baldumarket.lt\/lt\/wp-json\/wp\/v2\/comments?post=257727"}],"wp:featuredmedia":[{"embeddable":true,"href":"https:\/\/baldumarket.lt\/lt\/wp-json\/wp\/v2\/media\/257681"}],"wp:attachment":[{"href":"https:\/\/baldumarket.lt\/lt\/wp-json\/wp\/v2\/media?parent=257727"}],"wp:term":[{"taxonomy":"product_brand","embeddable":true,"href":"https:\/\/baldumarket.lt\/lt\/wp-json\/wp\/v2\/product_brand?post=257727"},{"taxonomy":"product_cat","embeddable":true,"href":"https:\/\/baldumarket.lt\/lt\/wp-json\/wp\/v2\/product_cat?post=257727"},{"taxonomy":"product_tag","embeddable":true,"href":"https:\/\/baldumarket.lt\/lt\/wp-json\/wp\/v2\/product_tag?post=257727"}],"curies":[{"name":"wp","href":"https:\/\/api.w.org\/{rel}","templated":true}]}}