{"id":257725,"date":"2026-01-10T23:00:26","date_gmt":"2026-01-10T20:00:26","guid":{"rendered":"https:\/\/baldumarket.lt\/product\/york-y12-szafka\/"},"modified":"2026-02-11T18:30:16","modified_gmt":"2026-02-11T15:30:16","slug":"york-y12-szafka","status":"publish","type":"product","link":"https:\/\/baldumarket.lt\/lt\/product\/york-y12-szafka\/","title":{"rendered":"YORK Y12 SPINTEL\u0116"},"content":{"rendered":"<p>YORK Y12 spintel\u0117 \u2013 tai eleganti\u0161kas ir modernus baldas, pasi\u017eymintis paprastu, minimalistiniu dizainu, idealiai tinkantis ma\u017eam prie\u0161kambariui ar drabu\u017einei. Joje yra viena ni\u0161a batams ar kitiems aksesuarams laikyti, o standartin\u0117s durel\u0117s leid\u017eia lengvai laikyti net didelius daiktus. \u0160ilto med\u017eio atspalvio ir grafito element\u0173 derinys spintel\u0117je traukia ak\u012f ir sukuria tikrai dizainerio stiliaus bald\u0105 bet kokiam interjerui. Fasadai be ranken\u0117li\u0173 suteikia lengvumo ir pabr\u0117\u017eia unikal\u0173 spintel\u0117s charakter\u012f. Spintel\u0117 puikiai atrodo derinama su palt\u0173 kabykla ir veidrodine spintele i\u0161 YORK kolekcijos arba kaip atskiras baldas.<\/p>\n<p>Plotis 77 cm Gylis 37 cm Auk\u0161tis 43,2 cm Produkto svoris su pakuote 17,20 kg Gamintojo kodas \/ simbolis Y12 Kolekcijos pavadinimas YORK Pavadinimas b2b sistemoje YORK Y-12 grandson \u0105\u017euolas\/grafitas SPINTEL\u0116S komplektas Produkto pakuo\u010di\u0173 skai\u010dius 1 Stilius Modernus \u012eranga Surinkimo instrukcijos \/ surinkimo priedai Surinkimas Savaranki\u0161kam surinkimui Korpuso spalva Grandson \u0105\u017euolas \/ Grafitas Korpuso med\u017eiaga \/ tipas \/ storis 16 mm bald\u0173 plok\u0161t\u0117 \/ 16 mm MDF bald\u0173 plok\u0161t\u0117 \/ juostel\u0117 18 mm MDF bald\u0173 plok\u0161t\u0117 Vir\u0161utinio korpuso med\u017eiaga \/ tipas \/ storis 22 mm bald\u0173 plok\u0161t\u0117 Apatinio korpuso med\u017eiaga \/ tipas \/ storis 22 mm bald\u0173 plok\u0161t\u0117 Galin\u0117s sienel\u0117s med\u017eiaga \/ tipas \/ storis 2,5 mm HDF bald\u0173 plok\u0161t\u0117 Matomos galin\u0117s sienel\u0117s dalies spalva auksinis \u0105\u017euolas Priekin\u0117 spalva Grandson \u0105\u017euolas Priekin\u0117 med\u017eiaga \/ tipas \/ storis 16 mm bald\u0173 plok\u0161t\u0117 \/ 18 mm MDF bald\u0173 plok\u0161t\u0117 Priekinis vyris \u2300 35 mm, reguliuojamas trijose plok\u0161tumose Priekin\u0117 rankena \/ med\u017eiaga \/ spalva Frezuota \/ Grandson \u0105\u017euolas Kojel\u0117 \/ med\u017eiaga \/ spalva Nereguliuojama \/ plastikin\u0117 \/ grafito Dur\u0173 skai\u010dius 2 U\u017edar\u0173 ertmi\u0173 kiekis 1<\/p>","protected":false},"excerpt":{"rendered":"<p>YORK Y12 spintel\u0117 \u2013 eleganti\u0161kas ir modernus baldas, pasi\u017eymintis paprastu, minimalistiniu dizainu, idealiai tinkantis ma\u017eam prie\u0161kambariui ar drabu\u017einei. Joje yra viena ni\u0161a batams ar kitiems aksesuarams laikyti, o standartin\u0117s durel\u0117s leid\u017eia lengvai laikyti net didelius daiktus. Spintel\u0117s \u0161ilto med\u017eio atspalvio derinys [\u2026]<\/p>","protected":false},"featured_media":257680,"comment_status":"open","ping_status":"open","template":"","meta":[],"product_brand":[],"product_cat":[9120,2457],"product_tag":[],"class_list":{"0":"post-257725","1":"product","2":"type-product","3":"status-publish","4":"has-post-thumbnail","6":"product_cat-cabinets","7":"product_cat-liveo","9":"first","10":"instock","11":"purchasable","12":"product-type-simple"},"_links":{"self":[{"href":"https:\/\/baldumarket.lt\/lt\/wp-json\/wp\/v2\/product\/257725","targetHints":{"allow":["GET"]}}],"collection":[{"href":"https:\/\/baldumarket.lt\/lt\/wp-json\/wp\/v2\/product"}],"about":[{"href":"https:\/\/baldumarket.lt\/lt\/wp-json\/wp\/v2\/types\/product"}],"replies":[{"embeddable":true,"href":"https:\/\/baldumarket.lt\/lt\/wp-json\/wp\/v2\/comments?post=257725"}],"wp:featuredmedia":[{"embeddable":true,"href":"https:\/\/baldumarket.lt\/lt\/wp-json\/wp\/v2\/media\/257680"}],"wp:attachment":[{"href":"https:\/\/baldumarket.lt\/lt\/wp-json\/wp\/v2\/media?parent=257725"}],"wp:term":[{"taxonomy":"product_brand","embeddable":true,"href":"https:\/\/baldumarket.lt\/lt\/wp-json\/wp\/v2\/product_brand?post=257725"},{"taxonomy":"product_cat","embeddable":true,"href":"https:\/\/baldumarket.lt\/lt\/wp-json\/wp\/v2\/product_cat?post=257725"},{"taxonomy":"product_tag","embeddable":true,"href":"https:\/\/baldumarket.lt\/lt\/wp-json\/wp\/v2\/product_tag?post=257725"}],"curies":[{"name":"wp","href":"https:\/\/api.w.org\/{rel}","templated":true}]}}